{"id":4125,"date":"2025-07-04T08:02:46","date_gmt":"2025-07-04T07:02:46","guid":{"rendered":"https:\/\/mystorezoki.org\/?page_id=4125"},"modified":"2025-07-04T08:21:47","modified_gmt":"2025-07-04T07:21:47","slug":"%e4%b8%ba%e6%88%91%e4%bb%ac%e7%9a%84b2%e5%ad%a6%e7%94%9f%e6%8f%90%e4%be%9b%e5%b8%a6%e8%96%aa%e5%ae%9e%e4%b9%a0%e6%9c%ba%e4%bc%9a","status":"publish","type":"page","link":"https:\/\/mystorezoki.org\/zh\/placena-praksa-za-nase-b2-ucenike\/","title":{"rendered":"\u4e3a\u6211\u4eec\u7684B2\u5b66\u751f\u63d0\u4f9b\u5e26\u85aa\u5b9e\u4e60\u673a\u4f1a"},"content":{"rendered":"<div data-elementor-type=\"wp-page\" data-elementor-id=\"4125\" class=\"elementor elementor-4125\" data-elementor-post-type=\"page\">\n\t\t\t\t\t\t<section class=\"elementor-section elementor-top-section elementor-element elementor-element-9a36add elementor-section-full_width elementor-section-height-default elementor-section-height-default\" data-id=\"9a36add\" data-element_type=\"section\" data-e-type=\"section\">\n\t\t\t\t\t\t<div class=\"elementor-container elementor-column-gap-no\">\n\t\t\t\t\t<div class=\"elementor-column elementor-col-100 elementor-top-column elementor-element elementor-element-168d724\" data-id=\"168d724\" data-element_type=\"column\" data-e-type=\"column\">\n\t\t\t<div class=\"elementor-widget-wrap elementor-element-populated\">\n\t\t\t\t\t\t<div class=\"elementor-element elementor-element-e74b6ad de_scroll_animation_no elementor-widget elementor-widget-template\" data-id=\"e74b6ad\" data-element_type=\"widget\" data-e-type=\"widget\" data-widget_type=\"template.default\">\n\t\t\t\t<div class=\"elementor-widget-container\">\n\t\t\t\t\t\t\t<div class=\"elementor-template\">\n\t\t\t\t\t<div data-elementor-type=\"section\" data-elementor-id=\"526\" class=\"elementor elementor-526\" data-elementor-post-type=\"elementor_library\">\n\t\t\t\t\t<section class=\"elementor-section elementor-top-section elementor-element elementor-element-79e9f95 elementor-section-height-min-height elementor-section-boxed elementor-section-height-default elementor-section-items-middle\" data-id=\"79e9f95\" data-element_type=\"section\" data-e-type=\"section\" data-settings=\"{&quot;background_background&quot;:&quot;classic&quot;}\">\n\t\t\t\t\t\t\t<div class=\"elementor-background-overlay\"><\/div>\n\t\t\t\t\t\t\t<div class=\"elementor-container elementor-column-gap-wider\">\n\t\t\t\t\t<div class=\"elementor-column elementor-col-100 elementor-top-column elementor-element elementor-element-cb2785a\" data-id=\"cb2785a\" data-element_type=\"column\" data-e-type=\"column\">\n\t\t\t<div class=\"elementor-widget-wrap elementor-element-populated\">\n\t\t\t\t\t\t<div class=\"elementor-element elementor-element-eb5d6cb elementor-widget__width-auto de_scroll_animation_no elementor-widget elementor-widget-de-breadcrumb\" data-id=\"eb5d6cb\" data-element_type=\"widget\" data-e-type=\"widget\" data-widget_type=\"de-breadcrumb.default\">\n\t\t\t\t<div class=\"elementor-widget-container\">\n\t\t\t\t\t\t\t\t<div class=\"breadcrumbs\">\n\t\t\t\t<a href=\"https:\/\/mystorezoki.org\/zh\" rel=\"nofollow\">\u5bb6<\/a>\t\t\t<\/div>\n\t\t\t\t\t\t<\/div>\n\t\t\t\t<\/div>\n\t\t\t\t<div class=\"elementor-element elementor-element-98e5277 de_scroll_animation_no elementor-widget elementor-widget-dt-post-title\" data-id=\"98e5277\" data-element_type=\"widget\" data-e-type=\"widget\" data-widget_type=\"dt-post-title.default\">\n\t\t\t\t<div class=\"elementor-widget-container\">\n\t\t\t\t\t<h2 class=\"dt-post-title\">\u4e3a\u6211\u4eec\u7684B2\u5b66\u751f\u63d0\u4f9b\u5e26\u85aa\u5b9e\u4e60\u673a\u4f1a<\/h2>\t\t\t\t<\/div>\n\t\t\t\t<\/div>\n\t\t\t\t\t<\/div>\n\t\t<\/div>\n\t\t\t\t\t<\/div>\n\t\t<\/section>\n\t\t\t\t<\/div>\n\t\t\t\t<\/div>\n\t\t\t\t\t\t<\/div>\n\t\t\t\t<\/div>\n\t\t\t\t\t<\/div>\n\t\t<\/div>\n\t\t\t\t\t<\/div>\n\t\t<\/section>\n\t\t\t\t<section class=\"elementor-section elementor-top-section elementor-element elementor-element-159fab6 elementor-section-boxed elementor-section-height-default elementor-section-height-default\" data-id=\"159fab6\" data-element_type=\"section\" data-e-type=\"section\">\n\t\t\t\t\t\t<div class=\"elementor-container elementor-column-gap-default\">\n\t\t\t\t\t<div class=\"elementor-column elementor-col-100 elementor-top-column elementor-element elementor-element-2e02b2f\" data-id=\"2e02b2f\" data-element_type=\"column\" data-e-type=\"column\">\n\t\t\t<div class=\"elementor-widget-wrap elementor-element-populated\">\n\t\t\t\t\t\t<div class=\"elementor-element elementor-element-611f26b de_scroll_animation_no elementor-invisible elementor-widget elementor-widget-heading\" data-id=\"611f26b\" data-element_type=\"widget\" data-e-type=\"widget\" data-settings=\"{&quot;_animation&quot;:&quot;fadeIn&quot;}\" data-widget_type=\"heading.default\">\n\t\t\t\t<div class=\"elementor-widget-container\">\n\t\t\t\t\t<div class=\"elementor-heading-title elementor-size-default\">\u6211\u7684\u5546\u5e97 Zoki<\/div>\t\t\t\t<\/div>\n\t\t\t\t<\/div>\n\t\t\t\t<div class=\"elementor-element elementor-element-23fa391 de_scroll_animation_no elementor-invisible elementor-widget elementor-widget-heading\" data-id=\"23fa391\" data-element_type=\"widget\" data-e-type=\"widget\" data-settings=\"{&quot;_animation&quot;:&quot;fadeInUp&quot;}\" data-widget_type=\"heading.default\">\n\t\t\t\t<div class=\"elementor-widget-container\">\n\t\t\t\t\t<div class=\"elementor-heading-title elementor-size-default\">\u5b9e\u8df5<\/div>\t\t\t\t<\/div>\n\t\t\t\t<\/div>\n\t\t\t\t<div class=\"elementor-element elementor-element-e819dd7 de_scroll_animation_no elementor-invisible elementor-widget elementor-widget-heading\" data-id=\"e819dd7\" data-element_type=\"widget\" data-e-type=\"widget\" data-settings=\"{&quot;_animation&quot;:&quot;fadeInRight&quot;}\" data-widget_type=\"heading.default\">\n\t\t\t\t<div class=\"elementor-widget-container\">\n\t\t\t\t\t<h1 class=\"elementor-heading-title elementor-size-default\">\ud83c\udf93\u81f4\u6211\u7684\u5b66\u751f\u4eec\uff0c\u795d\u8d3a\u4ed6\u4eec\u5b8c\u6210B2\u8bfe\u7a0b\uff1a<\/h1>\t\t\t\t<\/div>\n\t\t\t\t<\/div>\n\t\t\t\t\t<\/div>\n\t\t<\/div>\n\t\t\t\t\t<\/div>\n\t\t<\/section>\n\t\t\t\t<section class=\"elementor-section elementor-top-section elementor-element elementor-element-ac5318c elementor-section-boxed elementor-section-height-default elementor-section-height-default\" data-id=\"ac5318c\" data-element_type=\"section\" data-e-type=\"section\">\n\t\t\t\t\t\t<div class=\"elementor-container elementor-column-gap-default\">\n\t\t\t\t\t<div class=\"elementor-column elementor-col-100 elementor-top-column elementor-element elementor-element-ef989ab\" data-id=\"ef989ab\" data-element_type=\"column\" data-e-type=\"column\">\n\t\t\t<div class=\"elementor-widget-wrap elementor-element-populated\">\n\t\t\t\t\t\t<div class=\"elementor-element elementor-element-95d127a de_scroll_animation_no elementor-widget elementor-widget-text-editor\" data-id=\"95d127a\" data-element_type=\"widget\" data-e-type=\"widget\" data-widget_type=\"text-editor.default\">\n\t\t\t\t<div class=\"elementor-widget-container\">\n\t\t\t\t\t\t\t\t\t<p data-renderer-start-pos=\"257\"><strong data-renderer-mark=\"true\">\u8fd9\u662f\u4e00\u4e2a\u6bcf\u5929\u7ec3\u4e60\u5fb7\u8bed\u5e76\u83b7\u5f97\u62a5\u916c\u7684\u7edd\u4f73\u673a\u4f1a\u3002.<\/strong><\/p><p data-renderer-start-pos=\"340\">\u6211\u548c\u6211\u7684\u56e2\u961f\u8ba4\u4e3a\uff0c\u8bed\u8a00\u5b66\u4e60\u5e76\u4e0d\u4f1a\u968f\u7740\uff08\u4e2d\u7ea7\uff09\u8bfe\u7a0b\u7684\u6700\u540e\u4e00\u8bfe\u800c\u7ed3\u675f\u3002.<br \/>\u4e8b\u5b9e\u4e0a\uff0c\u53ea\u6709\u5230\u4e86\u90a3\u65f6\uff0c\u6700\u91cd\u8981\u7684\u4e8b\u60c5\u624d\u5f00\u59cb\u2014\u2014\u00a0<strong data-renderer-mark=\"true\">\u5728\u771f\u5b9e\u7684\u5546\u4e1a\u73af\u5883\u4e2d\u5e94\u7528\u77e5\u8bc6\u3002.<\/strong><\/p><p data-renderer-start-pos=\"526\">\u56e0\u6b64\uff0c\u6211\u4eec\u4e3a\u90a3\u4e9b\u5728\u6211\u4eec\u8fd9\u91cc\u5b8c\u6210\u4e86\u6574\u4e2aB2\u7ea7\u522b\u8bfe\u7a0b\uff08\u81f3\u5c116\u4e2a\u6708\uff09\u7684\u5b66\u5458\u63a8\u51fa\u4e86\u4e00\u9879\u7279\u522b\u8ba1\u5212\uff1a<\/p><p data-renderer-start-pos=\"627\">\u27a1\ufe0f\u5728\u771f\u5b9e\u7684\u5de5\u4f5c\u73af\u5883\u4e0b\u8fdb\u884c\u6f14\u8bb2\u7ec3\u4e60\u2014\u2014\u5728\u5bb6\u8fdb\u884c\uff0c\u5e76\u83b7\u5f97\u7ecf\u6d4e\u8865\u507f\u3002.\u00a0<\/p>\t\t\t\t\t\t\t\t<\/div>\n\t\t\t\t<\/div>\n\t\t\t\t\t<\/div>\n\t\t<\/div>\n\t\t\t\t\t<\/div>\n\t\t<\/section>\n\t\t\t\t<section class=\"elementor-section elementor-top-section elementor-element elementor-element-28a2bd9 elementor-section-boxed elementor-section-height-default elementor-section-height-default\" data-id=\"28a2bd9\" data-element_type=\"section\" data-e-type=\"section\" data-settings=\"{&quot;background_background&quot;:&quot;classic&quot;}\">\n\t\t\t\t\t\t\t<div class=\"elementor-background-overlay\"><\/div>\n\t\t\t\t\t\t\t<div class=\"elementor-container elementor-column-gap-wider\">\n\t\t\t\t\t<div class=\"elementor-column elementor-col-100 elementor-top-column elementor-element elementor-element-c5bbfce\" data-id=\"c5bbfce\" data-element_type=\"column\" data-e-type=\"column\">\n\t\t\t<div class=\"elementor-widget-wrap elementor-element-populated\">\n\t\t\t\t\t\t<div class=\"elementor-element elementor-element-e784d01 de_scroll_animation_no elementor-invisible elementor-widget elementor-widget-heading\" data-id=\"e784d01\" data-element_type=\"widget\" data-e-type=\"widget\" data-settings=\"{&quot;_animation&quot;:&quot;fadeInLeft&quot;}\" data-widget_type=\"heading.default\">\n\t\t\t\t<div class=\"elementor-widget-container\">\n\t\t\t\t\t<h3 class=\"elementor-heading-title elementor-size-default\">\ud83d\udca1\u6211\u4eec\u63d0\u4f9b\u4ec0\u4e48\uff1f<\/h3>\t\t\t\t<\/div>\n\t\t\t\t<\/div>\n\t\t\t\t<div class=\"elementor-element elementor-element-a29dd4b de_scroll_animation_no elementor-widget elementor-widget-text-editor\" data-id=\"a29dd4b\" data-element_type=\"widget\" data-e-type=\"widget\" data-widget_type=\"text-editor.default\">\n\t\t\t\t<div class=\"elementor-widget-container\">\n\t\t\t\t\t\t\t\t\t<p>\ud83d\udd37 \u901a\u8fc7\u4e0e\u745e\u58eb\u6f5c\u5728\u5ba2\u6237\u6c9f\u901a\uff0c\u6301\u7eed\u63a5\u89e6\u5fb7\u8bed<\/p><p>\ud83d\udd37 \u771f\u5b9e\u7684\u5bf9\u8bdd\uff0c\u8fdc\u79bb\u6821\u56ed\u5bf9\u8bdd<\/p><p>\ud83d\udd37 \u665a\u95f4\u5de5\u4f5c - \u6bcf\u5929 4 \u5c0f\u65f6\uff0c\u6bcf\u5468 5 \u5929\uff08\u4e0b\u5348 5 \u70b9\u81f3\u665a\u4e0a 9 \u70b9\uff09\uff0c\u5728\u5bb6\u5373\u53ef\u8f7b\u677e\u5b8c\u6210<\/p><p>\ud83d\udd37 \u745e\u58eb\u7535\u8bdd\u53f7\u7801\uff0c\u5df2\u51c6\u5907\u597d\u7684\u5fb7\u8bed\u8054\u7cfb\u4eba\u548c\u811a\u672c<\/p><p>\ud83d\udd37 \u745e\u58eb\u4fdd\u9669\u548c\u4fe1\u8d37\u5185\u90e8\u57f9\u8bad<\/p><p>\ud83d\udd37 \u6709\u673a\u4f1a\u5c06\u6240\u6709\u8fd9\u4e9b\u7ecf\u5386\u4f5c\u4e3a\u5177\u4f53\u7684\u5546\u52a1\u5fb7\u8bed\u7ecf\u9a8c\u5199\u8fdb\u4f60\u7684\u7b80\u5386\u3002<\/p>\t\t\t\t\t\t\t\t<\/div>\n\t\t\t\t<\/div>\n\t\t\t\t\t<\/div>\n\t\t<\/div>\n\t\t\t\t\t<\/div>\n\t\t<\/section>\n\t\t\t\t<section class=\"elementor-section elementor-top-section elementor-element elementor-element-dfa8471 elementor-section-boxed elementor-section-height-default elementor-section-height-default\" data-id=\"dfa8471\" data-element_type=\"section\" data-e-type=\"section\">\n\t\t\t\t\t\t<div class=\"elementor-container elementor-column-gap-default\">\n\t\t\t\t\t<div class=\"elementor-column elementor-col-100 elementor-top-column elementor-element elementor-element-b4ca8f6\" data-id=\"b4ca8f6\" data-element_type=\"column\" data-e-type=\"column\">\n\t\t\t<div class=\"elementor-widget-wrap elementor-element-populated\">\n\t\t\t\t\t\t<div class=\"elementor-element elementor-element-76588e3 de_scroll_animation_no elementor-invisible elementor-widget elementor-widget-heading\" data-id=\"76588e3\" data-element_type=\"widget\" data-e-type=\"widget\" data-settings=\"{&quot;_animation&quot;:&quot;fadeIn&quot;}\" data-widget_type=\"heading.default\">\n\t\t\t\t<div class=\"elementor-widget-container\">\n\t\t\t\t\t<div class=\"elementor-heading-title elementor-size-default\">\u6211\u7684\u5546\u5e97 Zoki<\/div>\t\t\t\t<\/div>\n\t\t\t\t<\/div>\n\t\t\t\t<div class=\"elementor-element elementor-element-9c67c2b de_scroll_animation_no elementor-invisible elementor-widget elementor-widget-heading\" data-id=\"9c67c2b\" data-element_type=\"widget\" data-e-type=\"widget\" data-settings=\"{&quot;_animation&quot;:&quot;fadeInUp&quot;}\" data-widget_type=\"heading.default\">\n\t\t\t\t<div class=\"elementor-widget-container\">\n\t\t\t\t\t<div class=\"elementor-heading-title elementor-size-default\">\u5b9e\u8df5<\/div>\t\t\t\t<\/div>\n\t\t\t\t<\/div>\n\t\t\t\t<div class=\"elementor-element elementor-element-4e717f4 de_scroll_animation_no elementor-invisible elementor-widget elementor-widget-heading\" data-id=\"4e717f4\" data-element_type=\"widget\" data-e-type=\"widget\" data-settings=\"{&quot;_animation&quot;:&quot;fadeInRight&quot;}\" data-widget_type=\"heading.default\">\n\t\t\t\t<div class=\"elementor-widget-container\">\n\t\t\t\t\t<h1 class=\"elementor-heading-title elementor-size-default\">\ud83c\udfaf\u672c\u8bfe\u7a0b\u9762\u5411\u54ea\u4e9b\u4eba\u7fa4\uff1f<\/h1>\t\t\t\t<\/div>\n\t\t\t\t<\/div>\n\t\t\t\t\t<\/div>\n\t\t<\/div>\n\t\t\t\t\t<\/div>\n\t\t<\/section>\n\t\t\t\t<section class=\"elementor-section elementor-top-section elementor-element elementor-element-8879a40 elementor-section-boxed elementor-section-height-default elementor-section-height-default\" data-id=\"8879a40\" data-element_type=\"section\" data-e-type=\"section\">\n\t\t\t\t\t\t<div class=\"elementor-container elementor-column-gap-default\">\n\t\t\t\t\t<div class=\"elementor-column elementor-col-100 elementor-top-column elementor-element elementor-element-711f5e7\" data-id=\"711f5e7\" data-element_type=\"column\" data-e-type=\"column\">\n\t\t\t<div class=\"elementor-widget-wrap elementor-element-populated\">\n\t\t\t\t\t\t<div class=\"elementor-element elementor-element-5bf65b4 de_scroll_animation_no elementor-widget elementor-widget-text-editor\" data-id=\"5bf65b4\" data-element_type=\"widget\" data-e-type=\"widget\" data-widget_type=\"text-editor.default\">\n\t\t\t\t<div class=\"elementor-widget-container\">\n\t\t\t\t\t\t\t\t\t<p>\u2714\ufe0f \u9002\u7528\u4e8e\u6240\u6709\u5728\u6211\u4eec\u8fd9\u91cc\u5b8c\u6210\u6574\u4e2aB2\u7ea7\u522b\u8bfe\u7a0b\uff08\u81f3\u5c116\u4e2a\u6708\u7684\u8bfe\u7a0b\uff09\u7684\u5b66\u5458<\/p><p>\u2714\ufe0f \u9002\u5408\u60f3\u8981\u6bcf\u5929\u7ec3\u4e60\u5fb7\u8bed\u53e3\u8bed\u7684\u4eba<\/p><p>\u2714\ufe0f \u9002\u5408\u76ee\u524d\u672a\u5c31\u4e1a\u4e14\u5e0c\u671b\u5c06\u7406\u8bba\u77e5\u8bc6\u4ed8\u8bf8\u5b9e\u8df5\u7684\u4eba\u58eb<\/p>\t\t\t\t\t\t\t\t<\/div>\n\t\t\t\t<\/div>\n\t\t\t\t\t<\/div>\n\t\t<\/div>\n\t\t\t\t\t<\/div>\n\t\t<\/section>\n\t\t\t\t<section class=\"elementor-section elementor-top-section elementor-element elementor-element-aec97e0 elementor-section-boxed elementor-section-height-default elementor-section-height-default\" data-id=\"aec97e0\" data-element_type=\"section\" data-e-type=\"section\" data-settings=\"{&quot;background_background&quot;:&quot;classic&quot;}\">\n\t\t\t\t\t\t\t<div class=\"elementor-background-overlay\"><\/div>\n\t\t\t\t\t\t\t<div class=\"elementor-container elementor-column-gap-wider\">\n\t\t\t\t\t<div class=\"elementor-column elementor-col-100 elementor-top-column elementor-element elementor-element-db29929\" data-id=\"db29929\" data-element_type=\"column\" data-e-type=\"column\">\n\t\t\t<div class=\"elementor-widget-wrap elementor-element-populated\">\n\t\t\t\t\t\t<div class=\"elementor-element elementor-element-6920883 de_scroll_animation_no elementor-invisible elementor-widget elementor-widget-heading\" data-id=\"6920883\" data-element_type=\"widget\" data-e-type=\"widget\" data-settings=\"{&quot;_animation&quot;:&quot;fadeInLeft&quot;}\" data-widget_type=\"heading.default\">\n\t\t\t\t<div class=\"elementor-widget-container\">\n\t\t\t\t\t<h3 class=\"elementor-heading-title elementor-size-default\">\ud83e\udde9\u4e3a\u4ec0\u4e48\u8fd9\u5f88\u91cd\u8981\uff1f<\/h3>\t\t\t\t<\/div>\n\t\t\t\t<\/div>\n\t\t\t\t<div class=\"elementor-element elementor-element-7210c75 de_scroll_animation_no elementor-widget elementor-widget-text-editor\" data-id=\"7210c75\" data-element_type=\"widget\" data-e-type=\"widget\" data-widget_type=\"text-editor.default\">\n\t\t\t\t<div class=\"elementor-widget-container\">\n\t\t\t\t\t\t\t\t\t<p style=\"text-align: center;\" data-prosemirror-content-type=\"node\" data-prosemirror-node-name=\"paragraph\" data-prosemirror-node-block=\"true\" data-pm-slice=\"1 1 []\">\ud83d\udccc\u5f88\u591a\u4eba\u5b66\u4e60\u8bed\u6cd5\uff0c\u4f46\u5374\u6ca1\u6709\u4eba\u548c\u4ed6\u4eec\u4ea4\u6d41\u2014\u2014\u5982\u679c\u6ca1\u6709\u7ec3\u4e60\uff0c\u77e5\u8bc6\u5f88\u5feb\u5c31\u4f1a\u9057\u5fd8\u3002.\u00a0<\/p><p style=\"text-align: center;\" data-prosemirror-content-type=\"node\" data-prosemirror-node-name=\"paragraph\" data-prosemirror-node-block=\"true\" data-pm-slice=\"1 1 []\">\ud83d\udccc\u6700\u5927\u7684\u6311\u6218\u5728\u4e8e\u8bfe\u7a0b\u7ed3\u675f\u540e\u5982\u4f55\u4fdd\u6301\u5bf9\u8bed\u8a00\u7684\u638c\u63e1\u2014\u2014\u8fd9\u6b63\u662f\u6211\u4eec\u6b63\u5728\u52aa\u529b\u89e3\u51b3\u7684\u95ee\u9898\u3002.\u00a0<\/p><p style=\"text-align: center;\" data-prosemirror-content-type=\"node\" data-prosemirror-node-name=\"paragraph\" data-prosemirror-node-block=\"true\" data-pm-slice=\"1 1 []\">\ud83d\udccc\u65e5\u5e38\u7684\u8a00\u8bed\u8bad\u7ec3\u6709\u52a9\u4e8e\u77e5\u8bc6\u4e0d\u81f3\u4e8e\u8870\u9000\uff0c\u800c\u662f\u5728\u771f\u5b9e\u60c5\u5883\u4e2d\u4e0d\u65ad\u589e\u957f\u3002.<\/p><p data-prosemirror-content-type=\"node\" data-prosemirror-node-name=\"paragraph\" data-prosemirror-node-block=\"true\" data-pm-slice=\"1 1 []\">\u6240\u4ee5\u8fd9\u79cd\u505a\u6cd5\u4e0d\u662f\u4e00\u79cd\u8865\u5145\u2014\u2014\u5b83\u672c\u8eab\u5c31\u662f\u00a0<strong data-prosemirror-content-type=\"mark\" data-prosemirror-mark-name=\"strong\">\u7eed\u7bc7<\/strong>\u00a0\u4f60\u5df2\u7ecf\u5efa\u6210\u7684\u4e1c\u897f\u3002.<br data-prosemirror-content-type=\"node\" data-prosemirror-node-name=\"hardBreak\" data-prosemirror-node-inline=\"true\" \/>\u65e0\u9700\u989d\u5916\u5b66\u8d39\u2014\u2014\u5e76\u6709\u673a\u4f1a\u2026\u2026\u00a0<strong data-prosemirror-content-type=\"mark\" data-prosemirror-mark-name=\"strong\">\u8d5a<\/strong>\u00a0\u4e0e\u6b64\u540c\u65f6\u3002.<\/p>\t\t\t\t\t\t\t\t<\/div>\n\t\t\t\t<\/div>\n\t\t\t\t\t<\/div>\n\t\t<\/div>\n\t\t\t\t\t<\/div>\n\t\t<\/section>\n\t\t\t\t<section class=\"elementor-section elementor-top-section elementor-element elementor-element-34594b3 elementor-section-boxed elementor-section-height-default elementor-section-height-default\" data-id=\"34594b3\" data-element_type=\"section\" data-e-type=\"section\">\n\t\t\t\t\t\t<div class=\"elementor-container elementor-column-gap-default\">\n\t\t\t\t\t<div class=\"elementor-column elementor-col-100 elementor-top-column elementor-element elementor-element-e5b846c\" data-id=\"e5b846c\" data-element_type=\"column\" data-e-type=\"column\">\n\t\t\t<div class=\"elementor-widget-wrap elementor-element-populated\">\n\t\t\t\t\t\t<div class=\"elementor-element elementor-element-9d11069 de_scroll_animation_no elementor-invisible elementor-widget elementor-widget-heading\" data-id=\"9d11069\" data-element_type=\"widget\" data-e-type=\"widget\" data-settings=\"{&quot;_animation&quot;:&quot;fadeIn&quot;}\" data-widget_type=\"heading.default\">\n\t\t\t\t<div class=\"elementor-widget-container\">\n\t\t\t\t\t<div class=\"elementor-heading-title elementor-size-default\">\u6211\u7684\u5546\u5e97 Zoki<\/div>\t\t\t\t<\/div>\n\t\t\t\t<\/div>\n\t\t\t\t<div class=\"elementor-element elementor-element-b7a7a19 de_scroll_animation_no elementor-invisible elementor-widget elementor-widget-heading\" data-id=\"b7a7a19\" data-element_type=\"widget\" data-e-type=\"widget\" data-settings=\"{&quot;_animation&quot;:&quot;fadeInUp&quot;}\" data-widget_type=\"heading.default\">\n\t\t\t\t<div class=\"elementor-widget-container\">\n\t\t\t\t\t<div class=\"elementor-heading-title elementor-size-default\">\u5b9e\u8df5<\/div>\t\t\t\t<\/div>\n\t\t\t\t<\/div>\n\t\t\t\t<div class=\"elementor-element elementor-element-2972a40 de_scroll_animation_no elementor-invisible elementor-widget elementor-widget-heading\" data-id=\"2972a40\" data-element_type=\"widget\" data-e-type=\"widget\" data-settings=\"{&quot;_animation&quot;:&quot;fadeInRight&quot;}\" data-widget_type=\"heading.default\">\n\t\t\t\t<div class=\"elementor-widget-container\">\n\t\t\t\t\t<h1 class=\"elementor-heading-title elementor-size-default\">\ud83d\udcec\u6ce8\u518c\u548c\u8054\u7cfb<\/h1>\t\t\t\t<\/div>\n\t\t\t\t<\/div>\n\t\t\t\t<div class=\"elementor-element elementor-element-7384670 de_scroll_animation_no elementor-widget elementor-widget-text-editor\" data-id=\"7384670\" data-element_type=\"widget\" data-e-type=\"widget\" data-widget_type=\"text-editor.default\">\n\t\t\t\t<div class=\"elementor-widget-container\">\n\t\t\t\t\t\t\t\t\t<p data-prosemirror-content-type=\"node\" data-prosemirror-node-name=\"paragraph\" data-prosemirror-node-block=\"true\" data-pm-slice=\"1 1 []\">\u5982\u679c\u60a8\u5df2\u7ecf\u5b8c\u6210\u4e86\u6211\u4eec\u7684B2\u8bfe\u7a0b\uff0c\u6216\u8005\u76ee\u524d\u6b63\u5728\u5b66\u4e60\u8be5\u8bfe\u7a0b\uff0c\u60a8\u53ef\u4ee5\u5728\u8fd9\u91cc\u7533\u8bf7\uff1a<\/p><p data-prosemirror-content-type=\"node\" data-prosemirror-node-name=\"paragraph\" data-prosemirror-node-block=\"true\" data-pm-slice=\"1 1 []\">\ud83d\udcf1Viber \/ WhatsApp\uff1a+41 76 325 90 55\u00a0<\/p><p data-prosemirror-content-type=\"node\" data-prosemirror-node-name=\"paragraph\" data-prosemirror-node-block=\"true\" data-pm-slice=\"1 1 []\">\ud83d\udce7\u7535\u5b50\u90ae\u4ef6\uff1a <a href=\"mailto:zoran.golubovic@mystorezoki.org\" data-prosemirror-content-type=\"mark\" data-prosemirror-mark-name=\"link\">zoran.golubovic@mystorezoki.org<\/a><\/p>\t\t\t\t\t\t\t\t<\/div>\n\t\t\t\t<\/div>\n\t\t\t\t\t<\/div>\n\t\t<\/div>\n\t\t\t\t\t<\/div>\n\t\t<\/section>\n\t\t\t\t<section class=\"elementor-section elementor-top-section elementor-element elementor-element-abce49d elementor-section-boxed elementor-section-height-default elementor-section-height-default\" data-id=\"abce49d\" data-element_type=\"section\" data-e-type=\"section\">\n\t\t\t\t\t\t<div class=\"elementor-container elementor-column-gap-default\">\n\t\t\t\t\t<div class=\"elementor-column elementor-col-100 elementor-top-column elementor-element elementor-element-8867ee9\" data-id=\"8867ee9\" data-element_type=\"column\" data-e-type=\"column\">\n\t\t\t<div class=\"elementor-widget-wrap\">\n\t\t\t\t\t\t\t<\/div>\n\t\t<\/div>\n\t\t\t\t\t<\/div>\n\t\t<\/section>\n\t\t\t\t<\/div>","protected":false},"excerpt":{"rendered":"<p>Mystore Zoki praksa Za moje u\u010denike nakon zavr\u0161enog B2 kursa: Jedinstvena prilika da svakodnevno govorite nema\u010dki \u2013 i budete jo\u0161 pla\u0107eni za to. Ja i moj tim ne verujemo da se u\u010denje jezika zavr\u0161ava poslednjim \u010dasom kursa (srednjeg nivoa). Zapravo, tek tada po\u010dinje ono najva\u017enije \u2013\u00a0primena znanja u stvarnom poslovnom okru\u017eenju. Zato smo pokrenuli poseban [&hellip;]<\/p>\n","protected":false},"author":7,"featured_media":4146,"parent":0,"menu_order":0,"comment_status":"closed","ping_status":"closed","template":"","meta":{"ocean_post_layout":"","ocean_both_sidebars_style":"","ocean_both_sidebars_content_width":0,"ocean_both_sidebars_sidebars_width":0,"ocean_sidebar":"0","ocean_second_sidebar":"0","ocean_disable_margins":"enable","ocean_add_body_class":"","ocean_shortcode_before_top_bar":"","ocean_shortcode_after_top_bar":"","ocean_shortcode_before_header":"","ocean_shortcode_after_header":"","ocean_has_shortcode":"","ocean_shortcode_after_title":"","ocean_shortcode_before_footer_widgets":"","ocean_shortcode_after_footer_widgets":"","ocean_shortcode_before_footer_bottom":"","ocean_shortcode_after_footer_bottom":"","ocean_display_top_bar":"default","ocean_display_header":"default","ocean_header_style":"","ocean_center_header_left_menu":"0","ocean_custom_header_template":"0","ocean_custom_logo":0,"ocean_custom_retina_logo":0,"ocean_custom_logo_max_width":0,"ocean_custom_logo_tablet_max_width":0,"ocean_custom_logo_mobile_max_width":0,"ocean_custom_logo_max_height":0,"ocean_custom_logo_tablet_max_height":0,"ocean_custom_logo_mobile_max_height":0,"ocean_header_custom_menu":"0","ocean_menu_typo_font_family":"0","ocean_menu_typo_font_subset":"","ocean_menu_typo_font_size":0,"ocean_menu_typo_font_size_tablet":0,"ocean_menu_typo_font_size_mobile":0,"ocean_menu_typo_font_size_unit":"px","ocean_menu_typo_font_weight":"","ocean_menu_typo_font_weight_tablet":"","ocean_menu_typo_font_weight_mobile":"","ocean_menu_typo_transform":"","ocean_menu_typo_transform_tablet":"","ocean_menu_typo_transform_mobile":"","ocean_menu_typo_line_height":0,"ocean_menu_typo_line_height_tablet":0,"ocean_menu_typo_line_height_mobile":0,"ocean_menu_typo_line_height_unit":"","ocean_menu_typo_spacing":0,"ocean_menu_typo_spacing_tablet":0,"ocean_menu_typo_spacing_mobile":0,"ocean_menu_typo_spacing_unit":"","ocean_menu_link_color":"","ocean_menu_link_color_hover":"","ocean_menu_link_color_active":"","ocean_menu_link_background":"","ocean_menu_link_hover_background":"","ocean_menu_link_active_background":"","ocean_menu_social_links_bg":"","ocean_menu_social_hover_links_bg":"","ocean_menu_social_links_color":"","ocean_menu_social_hover_links_color":"","ocean_disable_title":"default","ocean_disable_heading":"default","ocean_post_title":"","ocean_post_subheading":"","ocean_post_title_style":"","ocean_post_title_background_color":"","ocean_post_title_background":0,"ocean_post_title_bg_image_position":"","ocean_post_title_bg_image_attachment":"","ocean_post_title_bg_image_repeat":"","ocean_post_title_bg_image_size":"","ocean_post_title_height":0,"ocean_post_title_bg_overlay":0.5,"ocean_post_title_bg_overlay_color":"","ocean_disable_breadcrumbs":"default","ocean_breadcrumbs_color":"","ocean_breadcrumbs_separator_color":"","ocean_breadcrumbs_links_color":"","ocean_breadcrumbs_links_hover_color":"","ocean_display_footer_widgets":"default","ocean_display_footer_bottom":"default","ocean_custom_footer_template":"0","footnotes":""},"class_list":["post-4125","page","type-page","status-publish","has-post-thumbnail","hentry","entry","has-media"],"_hostinger_reach_plugin_has_subscription_block":false,"_hostinger_reach_plugin_is_elementor":false,"_links":{"self":[{"href":"https:\/\/mystorezoki.org\/zh\/wp-json\/wp\/v2\/pages\/4125","targetHints":{"allow":["GET"]}}],"collection":[{"href":"https:\/\/mystorezoki.org\/zh\/wp-json\/wp\/v2\/pages"}],"about":[{"href":"https:\/\/mystorezoki.org\/zh\/wp-json\/wp\/v2\/types\/page"}],"author":[{"embeddable":true,"href":"https:\/\/mystorezoki.org\/zh\/wp-json\/wp\/v2\/users\/7"}],"replies":[{"embeddable":true,"href":"https:\/\/mystorezoki.org\/zh\/wp-json\/wp\/v2\/comments?post=4125"}],"version-history":[{"count":17,"href":"https:\/\/mystorezoki.org\/zh\/wp-json\/wp\/v2\/pages\/4125\/revisions"}],"predecessor-version":[{"id":4147,"href":"https:\/\/mystorezoki.org\/zh\/wp-json\/wp\/v2\/pages\/4125\/revisions\/4147"}],"wp:featuredmedia":[{"embeddable":true,"href":"https:\/\/mystorezoki.org\/zh\/wp-json\/wp\/v2\/media\/4146"}],"wp:attachment":[{"href":"https:\/\/mystorezoki.org\/zh\/wp-json\/wp\/v2\/media?parent=4125"}],"curies":[{"name":"wp","href":"https:\/\/api.w.org\/{rel}","templated":true}]}}