{"id":3161,"date":"2025-02-27T15:16:45","date_gmt":"2025-02-27T14:16:45","guid":{"rendered":"https:\/\/mystorezoki.org\/?page_id=3161"},"modified":"2025-12-12T18:03:02","modified_gmt":"2025-12-12T17:03:02","slug":"%e8%af%be%e7%a8%8b%e6%97%a5%e6%9c%9f","status":"publish","type":"page","link":"https:\/\/mystorezoki.org\/zh\/termini-kurseva\/","title":{"rendered":"\u5373\u5c06\u5f00\u8bbe\u7684\u73b0\u573a\u8bed\u6cd5\u8bfe\u7a0b\uff1a\u4ec0\u4e48\u65f6\u5019\u5f00\u59cb\uff1f"},"content":{"rendered":"<div data-elementor-type=\"wp-page\" data-elementor-id=\"3161\" class=\"elementor elementor-3161\" data-elementor-post-type=\"page\">\n\t\t\t\t\t\t<section class=\"elementor-section elementor-top-section elementor-element elementor-element-916e8a4 elementor-section-boxed elementor-section-height-default elementor-section-height-default\" data-id=\"916e8a4\" data-element_type=\"section\" data-e-type=\"section\" data-settings=\"{&quot;background_background&quot;:&quot;classic&quot;}\">\n\t\t\t\t\t\t\t<div class=\"elementor-background-overlay\"><\/div>\n\t\t\t\t\t\t\t<div class=\"elementor-container elementor-column-gap-wider\">\n\t\t\t\t\t<div class=\"elementor-column elementor-col-100 elementor-top-column elementor-element elementor-element-2280565\" data-id=\"2280565\" data-element_type=\"column\" data-e-type=\"column\">\n\t\t\t<div class=\"elementor-widget-wrap elementor-element-populated\">\n\t\t\t\t\t\t<div class=\"elementor-element elementor-element-8ec3fe7 de_scroll_animation_no elementor-invisible elementor-widget elementor-widget-heading\" data-id=\"8ec3fe7\" data-element_type=\"widget\" data-e-type=\"widget\" data-settings=\"{&quot;_animation&quot;:&quot;fadeIn&quot;}\" data-widget_type=\"heading.default\">\n\t\t\t\t<div class=\"elementor-widget-container\">\n\t\t\t\t\t<div class=\"elementor-heading-title elementor-size-default\">\u73b0\u5728\u5f00\u59cb\u5b66\u4e60<\/div>\t\t\t\t<\/div>\n\t\t\t\t<\/div>\n\t\t\t\t<div class=\"elementor-element elementor-element-2cfdb90 de_scroll_animation_no elementor-invisible elementor-widget elementor-widget-heading\" data-id=\"2cfdb90\" data-element_type=\"widget\" data-e-type=\"widget\" data-settings=\"{&quot;_animation&quot;:&quot;fadeInUp&quot;}\" data-widget_type=\"heading.default\">\n\t\t\t\t<div class=\"elementor-widget-container\">\n\t\t\t\t\t<div class=\"elementor-heading-title elementor-size-default\">\u5173\u4e8e\u4e0b\u4e00\u671f\u8bed\u6cd5\u8bfe\u7a0b\u5f00\u59cb\u7684\u4fe1\u606f  <\/div>\t\t\t\t<\/div>\n\t\t\t\t<\/div>\n\t\t\t\t<div class=\"elementor-element elementor-element-bbd7863 de_scroll_animation_no elementor-invisible elementor-widget elementor-widget-heading\" data-id=\"bbd7863\" data-element_type=\"widget\" data-e-type=\"widget\" data-settings=\"{&quot;_animation&quot;:&quot;fadeInDown&quot;}\" data-widget_type=\"heading.default\">\n\t\t\t\t<div class=\"elementor-widget-container\">\n\t\t\t\t\t<h3 class=\"elementor-heading-title elementor-size-default\">Premium Plus \u670d\u52a1\u4e2d\u7684\u65b0\u8bed\u6cd5\u76f4\u64ad\u8bfe\u7a0b\u4f1a\u5728\u5f53\u524d\u8bfe\u7a0b\u7ed3\u675f\u540e\u7acb\u5373\u5f00\u8bfe\u3002\u4e3a\u4e86\u786e\u4fdd\u6559\u5b66\u8d28\u91cf\u548c\u5408\u9002\u7684\u5b66\u5458\u4eba\u6570\uff0c\u65b0\u8bfe\u7a0b\u7684\u5f00\u8bfe\u65e5\u671f\u5c06\u6839\u636e\u5f53\u524d\u8bfe\u7a0b\u7684\u7ed3\u675f\u60c5\u51b5\u800c\u5b9a\u3002\u8bf7\u5173\u6ce8\u6b64\u9875\u9762\u4e0a\u7684\u5f00\u8bfe\u65e5\u671f\uff0c\u6216\u6ce8\u518c\u63a5\u6536\u65b0\u8bfe\u7a0b\u65e5\u671f\u901a\u77e5\u3002.\n\n<\/h3>\t\t\t\t<\/div>\n\t\t\t\t<\/div>\n\t\t\t\t\t<\/div>\n\t\t<\/div>\n\t\t\t\t\t<\/div>\n\t\t<\/section>\n\t\t\t\t<section class=\"elementor-section elementor-top-section elementor-element elementor-element-dc43e08 elementor-section-boxed elementor-section-height-default elementor-section-height-default\" data-id=\"dc43e08\" data-element_type=\"section\" data-e-type=\"section\">\n\t\t\t\t\t\t<div class=\"elementor-container elementor-column-gap-default\">\n\t\t\t\t\t<div class=\"elementor-column elementor-col-100 elementor-top-column elementor-element elementor-element-17339fd\" data-id=\"17339fd\" data-element_type=\"column\" data-e-type=\"column\">\n\t\t\t<div class=\"elementor-widget-wrap elementor-element-populated\">\n\t\t\t\t\t\t<div class=\"elementor-element elementor-element-8ec5bc7 de_scroll_animation_no elementor-widget elementor-widget-html\" data-id=\"8ec5bc7\" data-element_type=\"widget\" data-e-type=\"widget\" data-widget_type=\"html.default\">\n\t\t\t\t<div class=\"elementor-widget-container\">\n\t\t\t\t\t<table border=\"1\" style=\"width:100%; border-collapse: collapse; text-align: left;\">\r\n  <tr>\r\n    <th style=\"padding: 8px; background-color: #f2f2f2;\">\u7b49\u7ea7<\/th>\r\n    <th style=\"padding: 8px; background-color: #f2f2f2;\">\u9884\u8ba1\u65e5\u671f<\/th>\r\n  <\/tr>\r\n \r\n  <tr>\r\n    <td style=\"padding: 8px;\">A1.1<\/td>\r\n    <td style=\"padding: 8px;\">20:30 - 22:00\uff08\u661f\u671f\u4e8c\u548c\u661f\u671f\u56db\uff09 - 2026\u5e743\u67081\u65e5\u3002.<\/td>\r\n  <\/tr>\r\n  <tr>\r\n    <td style=\"padding: 8px;\">A1.2<\/td>\r\n    <td style=\"padding: 8px;\">18:15 - 19:30\uff08\u661f\u671f\u4e00\u3001\u661f\u671f\u4e09\u3001\u661f\u671f\u4e94\uff09 - 2026\u5e743\u67081\u65e5\u3002.<\/td>\r\n  <\/tr>\r\n  <tr>\r\n    <td style=\"padding: 8px;\">A1.3<\/td>\r\n    <td style=\"padding: 8px;\">17:00 - 18:30\uff08\u661f\u671f\u4e8c\u548c\u661f\u671f\u56db\uff09 - 2026\u5e741\u670813\u65e5\u3002.<\/td>\r\n  <\/tr>\r\n  <tr>\r\n    <td style=\"padding: 8px;\">A2.1<\/td>\r\n    <td style=\"padding: 8px;\">17:00 - 18:30\uff08\u661f\u671f\u4e8c\u548c\u661f\u671f\u56db\uff09 - 2026\u5e746\u670813\u65e5\u3002.<\/td>\r\n  <\/tr>\r\n  <tr>\r\n    <td style=\"padding: 8px;\">A2.2<\/td>\r\n    <td style=\"padding: 8px;\">19:45 - 20:45\uff08\u661f\u671f\u4e00\u3001\u661f\u671f\u4e09\u3001\u661f\u671f\u4e94\uff09 - 2026\u5e744\u67081\u65e5\u3002.<\/td>\r\n  <\/tr>\r\n  <tr>\r\n    <td style=\"padding: 8px;\">B1.1<\/td>\r\n    <td style=\"padding: 8px;\">19:45 - 20:45\uff08\u661f\u671f\u4e00\u3001\u661f\u671f\u4e09\u3001\u661f\u671f\u4e94\uff09 - 2026\u5e749\u67081\u65e5\u3002.<\/td>\r\n  <\/tr>\r\n  <tr>\r\n    <td style=\"padding: 8px;\">B1.2<\/td>\r\n    <td style=\"padding: 8px;\">17:00 - 18:00\uff08\u661f\u671f\u4e00\u3001\u661f\u671f\u4e09\u3001\u661f\u671f\u4e94\uff09 - 2026\u5e743\u670828\u65e5\u3002.<\/td>\r\n  <\/tr>\r\n   <tr>\r\n    <td style=\"padding: 8px;\">C1<\/td>\r\n    <td style=\"padding: 8px;\">19:00 - 20:30\uff08\u5468\u4e8c\u548c\u5468\u56db\uff09 - 2026\u5e743\u670829\u65e5<\/td>\r\n  <\/tr>\r\n<\/table>\r\n\t\t\t\t<\/div>\n\t\t\t\t<\/div>\n\t\t\t\t<div class=\"elementor-element elementor-element-c04ceaf de_scroll_animation_no elementor-widget elementor-widget-button\" data-id=\"c04ceaf\" data-element_type=\"widget\" data-e-type=\"widget\" data-widget_type=\"button.default\">\n\t\t\t\t<div class=\"elementor-widget-container\">\n\t\t\t\t\t\t\t\t\t<div class=\"elementor-button-wrapper\">\n\t\t\t\t\t<a class=\"elementor-button elementor-button-link elementor-size-sm\" href=\"https:\/\/docs.google.com\/spreadsheets\/d\/1wItnry5CJ3Gxse4-P7OnsKDO8CO7U-3riGcoDbasM30\/edit?gid=31874157#gid=31874157\" rel=\"nofollow noopener\" target=\"_blank\">\n\t\t\t\t\t\t<span class=\"elementor-button-content-wrapper\">\n\t\t\t\t\t\t\t\t\t<span class=\"elementor-button-text\">\u770b\u770b\u8fd9\u4e9b\u56e2\u961f\u76ee\u524d\u53d6\u5f97\u4e86\u591a\u5927\u7684\u8fdb\u5c55 &gt;<\/span>\n\t\t\t\t\t<\/span>\n\t\t\t\t\t<\/a>\n\t\t\t\t<\/div>\n\t\t\t\t\t\t\t\t<\/div>\n\t\t\t\t<\/div>\n\t\t\t\t\t<\/div>\n\t\t<\/div>\n\t\t\t\t\t<\/div>\n\t\t<\/section>\n\t\t\t\t<section class=\"elementor-section elementor-top-section elementor-element elementor-element-209039a elementor-section-boxed elementor-section-height-default elementor-section-height-default\" data-id=\"209039a\" data-element_type=\"section\" data-e-type=\"section\" data-settings=\"{&quot;background_background&quot;:&quot;classic&quot;}\">\n\t\t\t\t\t\t\t<div class=\"elementor-background-overlay\"><\/div>\n\t\t\t\t\t\t\t<div class=\"elementor-container elementor-column-gap-wider\">\n\t\t\t\t\t<div class=\"elementor-column elementor-col-100 elementor-top-column elementor-element elementor-element-8492492\" data-id=\"8492492\" data-element_type=\"column\" data-e-type=\"column\">\n\t\t\t<div class=\"elementor-widget-wrap elementor-element-populated\">\n\t\t\t\t\t\t<div class=\"elementor-element elementor-element-c8034cd de_scroll_animation_no elementor-invisible elementor-widget elementor-widget-heading\" data-id=\"c8034cd\" data-element_type=\"widget\" data-e-type=\"widget\" data-settings=\"{&quot;_animation&quot;:&quot;fadeIn&quot;}\" data-widget_type=\"heading.default\">\n\t\t\t\t<div class=\"elementor-widget-container\">\n\t\t\t\t\t<div class=\"elementor-heading-title elementor-size-default\">\u62a5\u540d<\/div>\t\t\t\t<\/div>\n\t\t\t\t<\/div>\n\t\t\t\t<div class=\"elementor-element elementor-element-4bb1031 de_scroll_animation_no elementor-invisible elementor-widget elementor-widget-heading\" data-id=\"4bb1031\" data-element_type=\"widget\" data-e-type=\"widget\" data-settings=\"{&quot;_animation&quot;:&quot;fadeInDown&quot;}\" data-widget_type=\"heading.default\">\n\t\t\t\t<div class=\"elementor-widget-container\">\n\t\t\t\t\t<h3 class=\"elementor-heading-title elementor-size-default\">\u7acb\u5373\u6ce8\u518c\u5e76\u4e3a\u4e0b\u4e00\u95e8\u8bfe\u7a0b\u505a\u597d\u51c6\u5907\u3002<\/h3>\t\t\t\t<\/div>\n\t\t\t\t<\/div>\n\t\t\t\t<div class=\"elementor-element elementor-element-ddc165f elementor-align-center de_scroll_animation_no elementor-widget elementor-widget-button\" data-id=\"ddc165f\" data-element_type=\"widget\" data-e-type=\"widget\" data-widget_type=\"button.default\">\n\t\t\t\t<div class=\"elementor-widget-container\">\n\t\t\t\t\t\t\t\t\t<div class=\"elementor-button-wrapper\">\n\t\t\t\t\t<a class=\"elementor-button elementor-button-link elementor-size-sm\" href=\"https:\/\/www.emailmeform.com\/builder\/form\/ac6c915e0ofbd9gq9tO\" target=\"_blank\" rel=\"nofollow noopener\">\n\t\t\t\t\t\t<span class=\"elementor-button-content-wrapper\">\n\t\t\t\t\t\t\t\t\t<span class=\"elementor-button-text\">\u62a5\u540d<\/span>\n\t\t\t\t\t<\/span>\n\t\t\t\t\t<\/a>\n\t\t\t\t<\/div>\n\t\t\t\t\t\t\t\t<\/div>\n\t\t\t\t<\/div>\n\t\t\t\t<div class=\"elementor-element elementor-element-0e893e8 de_scroll_animation_no elementor-invisible elementor-widget elementor-widget-heading\" data-id=\"0e893e8\" data-element_type=\"widget\" data-e-type=\"widget\" data-settings=\"{&quot;_animation&quot;:&quot;fadeInUp&quot;}\" data-widget_type=\"heading.default\">\n\t\t\t\t<div class=\"elementor-widget-container\">\n\t\t\t\t\t<div class=\"elementor-heading-title elementor-size-default\">\u5982\u6709\u5176\u4ed6\u95ee\u9898\uff0c\u8bf7\u62e8\u6253 Viber\/Whats App 0041 76 325 90 55<\/div>\t\t\t\t<\/div>\n\t\t\t\t<\/div>\n\t\t\t\t\t<\/div>\n\t\t<\/div>\n\t\t\t\t\t<\/div>\n\t\t<\/section>\n\t\t\t\t<\/div>","protected":false},"excerpt":{"rendered":"<p>Zapo\u010dnite u\u010denje odmah Informacije o po\u010detku narednih kurseva gramatike Novi kursevi gramatike u\u017eivo u okviru Premium Plus servisa po\u010dinju \u010dim se zavr\u0161i aktuelna grupa. Kako bismo obezbedili kvalitetnu nastavu i odgovaraju\u0107i broj polaznika, novi termini se otvaraju na osnovu zavr\u0161etka trenutnih kurseva. Pratite datume po\u010detka na ovoj stranici ili se prijavite za obave\u0161tenje o novim [&hellip;]<\/p>\n","protected":false},"author":4,"featured_media":2464,"parent":0,"menu_order":0,"comment_status":"closed","ping_status":"closed","template":"","meta":{"ocean_post_layout":"","ocean_both_sidebars_style":"","ocean_both_sidebars_content_width":0,"ocean_both_sidebars_sidebars_width":0,"ocean_sidebar":"0","ocean_second_sidebar":"0","ocean_disable_margins":"enable","ocean_add_body_class":"","ocean_shortcode_before_top_bar":"","ocean_shortcode_after_top_bar":"","ocean_shortcode_before_header":"","ocean_shortcode_after_header":"","ocean_has_shortcode":"","ocean_shortcode_after_title":"","ocean_shortcode_before_footer_widgets":"","ocean_shortcode_after_footer_widgets":"","ocean_shortcode_before_footer_bottom":"","ocean_shortcode_after_footer_bottom":"","ocean_display_top_bar":"default","ocean_display_header":"default","ocean_header_style":"","ocean_center_header_left_menu":"0","ocean_custom_header_template":"0","ocean_custom_logo":0,"ocean_custom_retina_logo":0,"ocean_custom_logo_max_width":0,"ocean_custom_logo_tablet_max_width":0,"ocean_custom_logo_mobile_max_width":0,"ocean_custom_logo_max_height":0,"ocean_custom_logo_tablet_max_height":0,"ocean_custom_logo_mobile_max_height":0,"ocean_header_custom_menu":"0","ocean_menu_typo_font_family":"0","ocean_menu_typo_font_subset":"","ocean_menu_typo_font_size":0,"ocean_menu_typo_font_size_tablet":0,"ocean_menu_typo_font_size_mobile":0,"ocean_menu_typo_font_size_unit":"px","ocean_menu_typo_font_weight":"","ocean_menu_typo_font_weight_tablet":"","ocean_menu_typo_font_weight_mobile":"","ocean_menu_typo_transform":"","ocean_menu_typo_transform_tablet":"","ocean_menu_typo_transform_mobile":"","ocean_menu_typo_line_height":0,"ocean_menu_typo_line_height_tablet":0,"ocean_menu_typo_line_height_mobile":0,"ocean_menu_typo_line_height_unit":"","ocean_menu_typo_spacing":0,"ocean_menu_typo_spacing_tablet":0,"ocean_menu_typo_spacing_mobile":0,"ocean_menu_typo_spacing_unit":"","ocean_menu_link_color":"","ocean_menu_link_color_hover":"","ocean_menu_link_color_active":"","ocean_menu_link_background":"","ocean_menu_link_hover_background":"","ocean_menu_link_active_background":"","ocean_menu_social_links_bg":"","ocean_menu_social_hover_links_bg":"","ocean_menu_social_links_color":"","ocean_menu_social_hover_links_color":"","ocean_disable_title":"default","ocean_disable_heading":"default","ocean_post_title":"","ocean_post_subheading":"","ocean_post_title_style":"","ocean_post_title_background_color":"","ocean_post_title_background":0,"ocean_post_title_bg_image_position":"","ocean_post_title_bg_image_attachment":"","ocean_post_title_bg_image_repeat":"","ocean_post_title_bg_image_size":"","ocean_post_title_height":0,"ocean_post_title_bg_overlay":0.5,"ocean_post_title_bg_overlay_color":"","ocean_disable_breadcrumbs":"default","ocean_breadcrumbs_color":"","ocean_breadcrumbs_separator_color":"","ocean_breadcrumbs_links_color":"","ocean_breadcrumbs_links_hover_color":"","ocean_display_footer_widgets":"default","ocean_display_footer_bottom":"default","ocean_custom_footer_template":"0","footnotes":""},"class_list":["post-3161","page","type-page","status-publish","has-post-thumbnail","hentry","entry","has-media"],"_links":{"self":[{"href":"https:\/\/mystorezoki.org\/zh\/wp-json\/wp\/v2\/pages\/3161","targetHints":{"allow":["GET"]}}],"collection":[{"href":"https:\/\/mystorezoki.org\/zh\/wp-json\/wp\/v2\/pages"}],"about":[{"href":"https:\/\/mystorezoki.org\/zh\/wp-json\/wp\/v2\/types\/page"}],"author":[{"embeddable":true,"href":"https:\/\/mystorezoki.org\/zh\/wp-json\/wp\/v2\/users\/4"}],"replies":[{"embeddable":true,"href":"https:\/\/mystorezoki.org\/zh\/wp-json\/wp\/v2\/comments?post=3161"}],"version-history":[{"count":51,"href":"https:\/\/mystorezoki.org\/zh\/wp-json\/wp\/v2\/pages\/3161\/revisions"}],"predecessor-version":[{"id":4616,"href":"https:\/\/mystorezoki.org\/zh\/wp-json\/wp\/v2\/pages\/3161\/revisions\/4616"}],"wp:featuredmedia":[{"embeddable":true,"href":"https:\/\/mystorezoki.org\/zh\/wp-json\/wp\/v2\/media\/2464"}],"wp:attachment":[{"href":"https:\/\/mystorezoki.org\/zh\/wp-json\/wp\/v2\/media?parent=3161"}],"curies":[{"name":"wp","href":"https:\/\/api.w.org\/{rel}","templated":true}]}}