{"id":3161,"date":"2025-02-27T15:16:45","date_gmt":"2025-02-27T14:16:45","guid":{"rendered":"https:\/\/mystorezoki.org\/?page_id=3161"},"modified":"2025-12-12T18:03:02","modified_gmt":"2025-12-12T17:03:02","slug":"%d0%b4%d0%b0%d1%82%d0%b8-%d0%ba%d1%83%d1%80%d1%81%d1%83","status":"publish","type":"page","link":"https:\/\/mystorezoki.org\/uk\/termini-kurseva\/","title":{"rendered":"\u041c\u0430\u0439\u0431\u0443\u0442\u043d\u0456 \u0436\u0438\u0432\u0456 \u043a\u0443\u0440\u0441\u0438 \u0433\u0440\u0430\u043c\u0430\u0442\u0438\u043a\u0438: \u043a\u043e\u043b\u0438 \u0432\u043e\u043d\u0438 \u0440\u043e\u0437\u043f\u043e\u0447\u043d\u0443\u0442\u044c\u0441\u044f?"},"content":{"rendered":"<div data-elementor-type=\"wp-page\" data-elementor-id=\"3161\" class=\"elementor elementor-3161\" data-elementor-post-type=\"page\">\n\t\t\t\t\t\t<section class=\"elementor-section elementor-top-section elementor-element elementor-element-916e8a4 elementor-section-boxed elementor-section-height-default elementor-section-height-default\" data-id=\"916e8a4\" data-element_type=\"section\" data-e-type=\"section\" data-settings=\"{&quot;background_background&quot;:&quot;classic&quot;}\">\n\t\t\t\t\t\t\t<div class=\"elementor-background-overlay\"><\/div>\n\t\t\t\t\t\t\t<div class=\"elementor-container elementor-column-gap-wider\">\n\t\t\t\t\t<div class=\"elementor-column elementor-col-100 elementor-top-column elementor-element elementor-element-2280565\" data-id=\"2280565\" data-element_type=\"column\" data-e-type=\"column\">\n\t\t\t<div class=\"elementor-widget-wrap elementor-element-populated\">\n\t\t\t\t\t\t<div class=\"elementor-element elementor-element-8ec3fe7 de_scroll_animation_no elementor-invisible elementor-widget elementor-widget-heading\" data-id=\"8ec3fe7\" data-element_type=\"widget\" data-e-type=\"widget\" data-settings=\"{&quot;_animation&quot;:&quot;fadeIn&quot;}\" data-widget_type=\"heading.default\">\n\t\t\t\t<div class=\"elementor-widget-container\">\n\t\t\t\t\t<div class=\"elementor-heading-title elementor-size-default\">\u041f\u043e\u0447\u043d\u0456\u0442\u044c \u0432\u0447\u0438\u0442\u0438\u0441\u044f \u0437\u0430\u0440\u0430\u0437<\/div>\t\t\t\t<\/div>\n\t\t\t\t<\/div>\n\t\t\t\t<div class=\"elementor-element elementor-element-2cfdb90 de_scroll_animation_no elementor-invisible elementor-widget elementor-widget-heading\" data-id=\"2cfdb90\" data-element_type=\"widget\" data-e-type=\"widget\" data-settings=\"{&quot;_animation&quot;:&quot;fadeInUp&quot;}\" data-widget_type=\"heading.default\">\n\t\t\t\t<div class=\"elementor-widget-container\">\n\t\t\t\t\t<div class=\"elementor-heading-title elementor-size-default\">\u0406\u043d\u0444\u043e\u0440\u043c\u0430\u0446\u0456\u044f \u043f\u0440\u043e \u043f\u043e\u0447\u0430\u0442\u043e\u043a \u043d\u0430\u0441\u0442\u0443\u043f\u043d\u0438\u0445 \u043a\u0443\u0440\u0441\u0456\u0432 \u0433\u0440\u0430\u043c\u0430\u0442\u0438\u043a\u0438  <\/div>\t\t\t\t<\/div>\n\t\t\t\t<\/div>\n\t\t\t\t<div class=\"elementor-element elementor-element-bbd7863 de_scroll_animation_no elementor-invisible elementor-widget elementor-widget-heading\" data-id=\"bbd7863\" data-element_type=\"widget\" data-e-type=\"widget\" data-settings=\"{&quot;_animation&quot;:&quot;fadeInDown&quot;}\" data-widget_type=\"heading.default\">\n\t\t\t\t<div class=\"elementor-widget-container\">\n\t\t\t\t\t<h3 class=\"elementor-heading-title elementor-size-default\">\u041d\u043e\u0432\u0456 \u043a\u0443\u0440\u0441\u0438 \u0436\u0438\u0432\u043e\u0457 \u0433\u0440\u0430\u043c\u0430\u0442\u0438\u043a\u0438 \u0432 \u0440\u0430\u043c\u043a\u0430\u0445 \u0441\u0435\u0440\u0432\u0456\u0441\u0443 Premium Plus \u043f\u043e\u0447\u0438\u043d\u0430\u044e\u0442\u044c\u0441\u044f \u043e\u0434\u0440\u0430\u0437\u0443 \u043f\u0456\u0441\u043b\u044f \u0437\u0430\u0432\u0435\u0440\u0448\u0435\u043d\u043d\u044f \u043f\u043e\u0442\u043e\u0447\u043d\u043e\u0457 \u0433\u0440\u0443\u043f\u0438. \u0429\u043e\u0431 \u0437\u0430\u0431\u0435\u0437\u043f\u0435\u0447\u0438\u0442\u0438 \u044f\u043a\u0456\u0441\u043d\u0435 \u0432\u0438\u043a\u043b\u0430\u0434\u0430\u043d\u043d\u044f \u0442\u0430 \u0432\u0456\u0434\u043f\u043e\u0432\u0456\u0434\u043d\u0443 \u043a\u0456\u043b\u044c\u043a\u0456\u0441\u0442\u044c \u0443\u0447\u0430\u0441\u043d\u0438\u043a\u0456\u0432, \u043d\u043e\u0432\u0456 \u0434\u0430\u0442\u0438 \u0432\u0456\u0434\u043a\u0440\u0438\u0432\u0430\u044e\u0442\u044c\u0441\u044f \u043d\u0430 \u043e\u0441\u043d\u043e\u0432\u0456 \u0437\u0430\u0432\u0435\u0440\u0448\u0435\u043d\u043d\u044f \u043f\u043e\u0442\u043e\u0447\u043d\u0438\u0445 \u043a\u0443\u0440\u0441\u0456\u0432. \u0421\u043b\u0456\u0434\u043a\u0443\u0439\u0442\u0435 \u0437\u0430 \u0434\u0430\u0442\u0430\u043c\u0438 \u043f\u043e\u0447\u0430\u0442\u043a\u0443 \u043d\u0430 \u0446\u0456\u0439 \u0441\u0442\u043e\u0440\u0456\u043d\u0446\u0456 \u0430\u0431\u043e \u0437\u0430\u0440\u0435\u0454\u0441\u0442\u0440\u0443\u0439\u0442\u0435\u0441\u044c, \u0449\u043e\u0431 \u043e\u0442\u0440\u0438\u043c\u0443\u0432\u0430\u0442\u0438 \u0441\u043f\u043e\u0432\u0456\u0449\u0435\u043d\u043d\u044f \u043f\u0440\u043e \u043d\u043e\u0432\u0456 \u0434\u0430\u0442\u0438.\n\n<\/h3>\t\t\t\t<\/div>\n\t\t\t\t<\/div>\n\t\t\t\t\t<\/div>\n\t\t<\/div>\n\t\t\t\t\t<\/div>\n\t\t<\/section>\n\t\t\t\t<section class=\"elementor-section elementor-top-section elementor-element elementor-element-dc43e08 elementor-section-boxed elementor-section-height-default elementor-section-height-default\" data-id=\"dc43e08\" data-element_type=\"section\" data-e-type=\"section\">\n\t\t\t\t\t\t<div class=\"elementor-container elementor-column-gap-default\">\n\t\t\t\t\t<div class=\"elementor-column elementor-col-100 elementor-top-column elementor-element elementor-element-17339fd\" data-id=\"17339fd\" data-element_type=\"column\" data-e-type=\"column\">\n\t\t\t<div class=\"elementor-widget-wrap elementor-element-populated\">\n\t\t\t\t\t\t<div class=\"elementor-element elementor-element-8ec5bc7 de_scroll_animation_no elementor-widget elementor-widget-html\" data-id=\"8ec5bc7\" data-element_type=\"widget\" data-e-type=\"widget\" data-widget_type=\"html.default\">\n\t\t\t\t<div class=\"elementor-widget-container\">\n\t\t\t\t\t<table border=\"1\" style=\"width:100%; border-collapse: collapse; text-align: left;\">\r\n  <tr>\r\n    <th style=\"padding: 8px; background-color: #f2f2f2;\">\u0420\u0456\u0432\u0435\u043d\u044c<\/th>\r\n    <th style=\"padding: 8px; background-color: #f2f2f2;\">\u041e\u0440\u0456\u0454\u043d\u0442\u043e\u0432\u043d\u0430 \u0434\u0430\u0442\u0430<\/th>\r\n  <\/tr>\r\n \r\n  <tr>\r\n    <td style=\"padding: 8px;\">\u04101.1<\/td>\r\n    <td style=\"padding: 8px;\">20:30 - 22:00 (\u0432\u0456\u0432\u0442\u043e\u0440\u043e\u043a \u0442\u0430 \u0447\u0435\u0442\u0432\u0435\u0440) - 01.03.2026.<\/td>\r\n  <\/tr>\r\n  <tr>\r\n    <td style=\"padding: 8px;\">A1.2<\/td>\r\n    <td style=\"padding: 8px;\">18:15 - 19:30 (\u043f\u043e\u043d\u0435\u0434\u0456\u043b\u043e\u043a, \u0441\u0435\u0440\u0435\u0434\u0430, \u043f&#039;\u044f\u0442\u043d\u0438\u0446\u044f) - 01.03.2026.<\/td>\r\n  <\/tr>\r\n  <tr>\r\n    <td style=\"padding: 8px;\">A1.3<\/td>\r\n    <td style=\"padding: 8px;\">17:00 - 18:30 (\u0432\u0456\u0432\u0442\u043e\u0440\u043e\u043a \u0442\u0430 \u0447\u0435\u0442\u0432\u0435\u0440) - 13.01.2026.<\/td>\r\n  <\/tr>\r\n  <tr>\r\n    <td style=\"padding: 8px;\">\u04102.1<\/td>\r\n    <td style=\"padding: 8px;\">17:00 - 18:30 (\u0432\u0456\u0432\u0442\u043e\u0440\u043e\u043a \u0442\u0430 \u0447\u0435\u0442\u0432\u0435\u0440) - 13.06.2026.<\/td>\r\n  <\/tr>\r\n  <tr>\r\n    <td style=\"padding: 8px;\">A2.2<\/td>\r\n    <td style=\"padding: 8px;\">19:45 - 20:45 (\u043f\u043e\u043d\u0435\u0434\u0456\u043b\u043e\u043a, \u0441\u0435\u0440\u0435\u0434\u0430, \u043f&#039;\u044f\u0442\u043d\u0438\u0446\u044f) - 01.04.2026.<\/td>\r\n  <\/tr>\r\n  <tr>\r\n    <td style=\"padding: 8px;\">\u04121.1<\/td>\r\n    <td style=\"padding: 8px;\">19:45 - 20:45 (\u043f\u043e\u043d\u0435\u0434\u0456\u043b\u043e\u043a, \u0441\u0435\u0440\u0435\u0434\u0430, \u043f&#039;\u044f\u0442\u043d\u0438\u0446\u044f) - 01.09.2026.<\/td>\r\n  <\/tr>\r\n  <tr>\r\n    <td style=\"padding: 8px;\">\u04121.2<\/td>\r\n    <td style=\"padding: 8px;\">17:00 - 18:00 (\u043f\u043e\u043d\u0435\u0434\u0456\u043b\u043e\u043a, \u0441\u0435\u0440\u0435\u0434\u0430, \u043f&#039;\u044f\u0442\u043d\u0438\u0446\u044f) - 28.03.2026.<\/td>\r\n  <\/tr>\r\n   <tr>\r\n    <td style=\"padding: 8px;\">C1<\/td>\r\n    <td style=\"padding: 8px;\">19:00 - 20:30 (\u0432\u0456\u0432\u0442\u043e\u0440\u043e\u043a \u0442\u0430 \u0447\u0435\u0442\u0432\u0435\u0440) - 29.03.2026<\/td>\r\n  <\/tr>\r\n<\/table>\r\n\t\t\t\t<\/div>\n\t\t\t\t<\/div>\n\t\t\t\t<div class=\"elementor-element elementor-element-c04ceaf de_scroll_animation_no elementor-widget elementor-widget-button\" data-id=\"c04ceaf\" data-element_type=\"widget\" data-e-type=\"widget\" data-widget_type=\"button.default\">\n\t\t\t\t<div class=\"elementor-widget-container\">\n\t\t\t\t\t\t\t\t\t<div class=\"elementor-button-wrapper\">\n\t\t\t\t\t<a class=\"elementor-button elementor-button-link elementor-size-sm\" href=\"https:\/\/docs.google.com\/spreadsheets\/d\/1wItnry5CJ3Gxse4-P7OnsKDO8CO7U-3riGcoDbasM30\/edit?gid=31874157#gid=31874157\" rel=\"nofollow noopener\" target=\"_blank\">\n\t\t\t\t\t\t<span class=\"elementor-button-content-wrapper\">\n\t\t\t\t\t\t\t\t\t<span class=\"elementor-button-text\">\u0414\u0438\u0432\u0456\u0442\u044c\u0441\u044f, \u044f\u043a \u0434\u0430\u043b\u0435\u043a\u043e \u043f\u0440\u043e\u0441\u0443\u043d\u0443\u043b\u0438\u0441\u044f \u043d\u0438\u043d\u0456\u0448\u043d\u0456 \u0433\u0440\u0443\u043f\u0438 &gt;<\/span>\n\t\t\t\t\t<\/span>\n\t\t\t\t\t<\/a>\n\t\t\t\t<\/div>\n\t\t\t\t\t\t\t\t<\/div>\n\t\t\t\t<\/div>\n\t\t\t\t\t<\/div>\n\t\t<\/div>\n\t\t\t\t\t<\/div>\n\t\t<\/section>\n\t\t\t\t<section class=\"elementor-section elementor-top-section elementor-element elementor-element-209039a elementor-section-boxed elementor-section-height-default elementor-section-height-default\" data-id=\"209039a\" data-element_type=\"section\" data-e-type=\"section\" data-settings=\"{&quot;background_background&quot;:&quot;classic&quot;}\">\n\t\t\t\t\t\t\t<div class=\"elementor-background-overlay\"><\/div>\n\t\t\t\t\t\t\t<div class=\"elementor-container elementor-column-gap-wider\">\n\t\t\t\t\t<div class=\"elementor-column elementor-col-100 elementor-top-column elementor-element elementor-element-8492492\" data-id=\"8492492\" data-element_type=\"column\" data-e-type=\"column\">\n\t\t\t<div class=\"elementor-widget-wrap elementor-element-populated\">\n\t\t\t\t\t\t<div class=\"elementor-element elementor-element-c8034cd de_scroll_animation_no elementor-invisible elementor-widget elementor-widget-heading\" data-id=\"c8034cd\" data-element_type=\"widget\" data-e-type=\"widget\" data-settings=\"{&quot;_animation&quot;:&quot;fadeIn&quot;}\" data-widget_type=\"heading.default\">\n\t\t\t\t<div class=\"elementor-widget-container\">\n\t\t\t\t\t<div class=\"elementor-heading-title elementor-size-default\">\u0417\u0430\u0440\u0435\u0454\u0441\u0442\u0440\u0443\u0432\u0430\u0442\u0438\u0441\u044f<\/div>\t\t\t\t<\/div>\n\t\t\t\t<\/div>\n\t\t\t\t<div class=\"elementor-element elementor-element-4bb1031 de_scroll_animation_no elementor-invisible elementor-widget elementor-widget-heading\" data-id=\"4bb1031\" data-element_type=\"widget\" data-e-type=\"widget\" data-settings=\"{&quot;_animation&quot;:&quot;fadeInDown&quot;}\" data-widget_type=\"heading.default\">\n\t\t\t\t<div class=\"elementor-widget-container\">\n\t\t\t\t\t<h3 class=\"elementor-heading-title elementor-size-default\">\u0417\u0430\u0440\u0435\u0454\u0441\u0442\u0440\u0443\u0439\u0442\u0435\u0441\u044f \u0437\u0430\u0440\u0430\u0437 \u0456 \u0431\u0443\u0434\u044c\u0442\u0435 \u0433\u043e\u0442\u043e\u0432\u0456 \u0434\u043e \u043d\u0430\u0441\u0442\u0443\u043f\u043d\u043e\u0433\u043e \u043a\u0443\u0440\u0441\u0443.<\/h3>\t\t\t\t<\/div>\n\t\t\t\t<\/div>\n\t\t\t\t<div class=\"elementor-element elementor-element-ddc165f elementor-align-center de_scroll_animation_no elementor-widget elementor-widget-button\" data-id=\"ddc165f\" data-element_type=\"widget\" data-e-type=\"widget\" data-widget_type=\"button.default\">\n\t\t\t\t<div class=\"elementor-widget-container\">\n\t\t\t\t\t\t\t\t\t<div class=\"elementor-button-wrapper\">\n\t\t\t\t\t<a class=\"elementor-button elementor-button-link elementor-size-sm\" href=\"https:\/\/www.emailmeform.com\/builder\/form\/ac6c915e0ofbd9gq9tO\" target=\"_blank\" rel=\"nofollow noopener\">\n\t\t\t\t\t\t<span class=\"elementor-button-content-wrapper\">\n\t\t\t\t\t\t\t\t\t<span class=\"elementor-button-text\">\u0417\u0430\u0440\u0435\u0454\u0441\u0442\u0440\u0443\u0432\u0430\u0442\u0438\u0441\u044f<\/span>\n\t\t\t\t\t<\/span>\n\t\t\t\t\t<\/a>\n\t\t\t\t<\/div>\n\t\t\t\t\t\t\t\t<\/div>\n\t\t\t\t<\/div>\n\t\t\t\t<div class=\"elementor-element elementor-element-0e893e8 de_scroll_animation_no elementor-invisible elementor-widget elementor-widget-heading\" data-id=\"0e893e8\" data-element_type=\"widget\" data-e-type=\"widget\" data-settings=\"{&quot;_animation&quot;:&quot;fadeInUp&quot;}\" data-widget_type=\"heading.default\">\n\t\t\t\t<div class=\"elementor-widget-container\">\n\t\t\t\t\t<div class=\"elementor-heading-title elementor-size-default\">\u0414\u043b\u044f \u0434\u043e\u0434\u0430\u0442\u043a\u043e\u0432\u0438\u0445 \u043f\u0438\u0442\u0430\u043d\u044c Viber\/Whats App 0041 76 325 90 55<\/div>\t\t\t\t<\/div>\n\t\t\t\t<\/div>\n\t\t\t\t\t<\/div>\n\t\t<\/div>\n\t\t\t\t\t<\/div>\n\t\t<\/section>\n\t\t\t\t<\/div>","protected":false},"excerpt":{"rendered":"<p>Zapo\u010dnite u\u010denje odmah Informacije o po\u010detku narednih kurseva gramatike Novi kursevi gramatike u\u017eivo u okviru Premium Plus servisa po\u010dinju \u010dim se zavr\u0161i aktuelna grupa. Kako bismo obezbedili kvalitetnu nastavu i odgovaraju\u0107i broj polaznika, novi termini se otvaraju na osnovu zavr\u0161etka trenutnih kurseva. Pratite datume po\u010detka na ovoj stranici ili se prijavite za obave\u0161tenje o novim [&hellip;]<\/p>\n","protected":false},"author":4,"featured_media":2464,"parent":0,"menu_order":0,"comment_status":"closed","ping_status":"closed","template":"","meta":{"ocean_post_layout":"","ocean_both_sidebars_style":"","ocean_both_sidebars_content_width":0,"ocean_both_sidebars_sidebars_width":0,"ocean_sidebar":"0","ocean_second_sidebar":"0","ocean_disable_margins":"enable","ocean_add_body_class":"","ocean_shortcode_before_top_bar":"","ocean_shortcode_after_top_bar":"","ocean_shortcode_before_header":"","ocean_shortcode_after_header":"","ocean_has_shortcode":"","ocean_shortcode_after_title":"","ocean_shortcode_before_footer_widgets":"","ocean_shortcode_after_footer_widgets":"","ocean_shortcode_before_footer_bottom":"","ocean_shortcode_after_footer_bottom":"","ocean_display_top_bar":"default","ocean_display_header":"default","ocean_header_style":"","ocean_center_header_left_menu":"0","ocean_custom_header_template":"0","ocean_custom_logo":0,"ocean_custom_retina_logo":0,"ocean_custom_logo_max_width":0,"ocean_custom_logo_tablet_max_width":0,"ocean_custom_logo_mobile_max_width":0,"ocean_custom_logo_max_height":0,"ocean_custom_logo_tablet_max_height":0,"ocean_custom_logo_mobile_max_height":0,"ocean_header_custom_menu":"0","ocean_menu_typo_font_family":"0","ocean_menu_typo_font_subset":"","ocean_menu_typo_font_size":0,"ocean_menu_typo_font_size_tablet":0,"ocean_menu_typo_font_size_mobile":0,"ocean_menu_typo_font_size_unit":"px","ocean_menu_typo_font_weight":"","ocean_menu_typo_font_weight_tablet":"","ocean_menu_typo_font_weight_mobile":"","ocean_menu_typo_transform":"","ocean_menu_typo_transform_tablet":"","ocean_menu_typo_transform_mobile":"","ocean_menu_typo_line_height":0,"ocean_menu_typo_line_height_tablet":0,"ocean_menu_typo_line_height_mobile":0,"ocean_menu_typo_line_height_unit":"","ocean_menu_typo_spacing":0,"ocean_menu_typo_spacing_tablet":0,"ocean_menu_typo_spacing_mobile":0,"ocean_menu_typo_spacing_unit":"","ocean_menu_link_color":"","ocean_menu_link_color_hover":"","ocean_menu_link_color_active":"","ocean_menu_link_background":"","ocean_menu_link_hover_background":"","ocean_menu_link_active_background":"","ocean_menu_social_links_bg":"","ocean_menu_social_hover_links_bg":"","ocean_menu_social_links_color":"","ocean_menu_social_hover_links_color":"","ocean_disable_title":"default","ocean_disable_heading":"default","ocean_post_title":"","ocean_post_subheading":"","ocean_post_title_style":"","ocean_post_title_background_color":"","ocean_post_title_background":0,"ocean_post_title_bg_image_position":"","ocean_post_title_bg_image_attachment":"","ocean_post_title_bg_image_repeat":"","ocean_post_title_bg_image_size":"","ocean_post_title_height":0,"ocean_post_title_bg_overlay":0.5,"ocean_post_title_bg_overlay_color":"","ocean_disable_breadcrumbs":"default","ocean_breadcrumbs_color":"","ocean_breadcrumbs_separator_color":"","ocean_breadcrumbs_links_color":"","ocean_breadcrumbs_links_hover_color":"","ocean_display_footer_widgets":"default","ocean_display_footer_bottom":"default","ocean_custom_footer_template":"0","footnotes":""},"class_list":["post-3161","page","type-page","status-publish","has-post-thumbnail","hentry","entry","has-media"],"_hostinger_reach_plugin_has_subscription_block":false,"_hostinger_reach_plugin_is_elementor":false,"_links":{"self":[{"href":"https:\/\/mystorezoki.org\/uk\/wp-json\/wp\/v2\/pages\/3161","targetHints":{"allow":["GET"]}}],"collection":[{"href":"https:\/\/mystorezoki.org\/uk\/wp-json\/wp\/v2\/pages"}],"about":[{"href":"https:\/\/mystorezoki.org\/uk\/wp-json\/wp\/v2\/types\/page"}],"author":[{"embeddable":true,"href":"https:\/\/mystorezoki.org\/uk\/wp-json\/wp\/v2\/users\/4"}],"replies":[{"embeddable":true,"href":"https:\/\/mystorezoki.org\/uk\/wp-json\/wp\/v2\/comments?post=3161"}],"version-history":[{"count":51,"href":"https:\/\/mystorezoki.org\/uk\/wp-json\/wp\/v2\/pages\/3161\/revisions"}],"predecessor-version":[{"id":4616,"href":"https:\/\/mystorezoki.org\/uk\/wp-json\/wp\/v2\/pages\/3161\/revisions\/4616"}],"wp:featuredmedia":[{"embeddable":true,"href":"https:\/\/mystorezoki.org\/uk\/wp-json\/wp\/v2\/media\/2464"}],"wp:attachment":[{"href":"https:\/\/mystorezoki.org\/uk\/wp-json\/wp\/v2\/media?parent=3161"}],"curies":[{"name":"\u0412\u041f","href":"https:\/\/api.w.org\/{rel}","templated":true}]}}