{"id":3081,"date":"2025-02-11T12:15:02","date_gmt":"2025-02-11T11:15:02","guid":{"rendered":"https:\/\/mystorezoki.org\/?page_id=3081"},"modified":"2025-02-12T10:13:32","modified_gmt":"2025-02-12T09:13:32","slug":"forberedande-tyska-sprakkurs","status":"publish","type":"page","link":"https:\/\/mystorezoki.org\/sv\/pripremni-kurs-nemackog-jezika\/","title":{"rendered":"Tyska spr\u00e5kf\u00f6rberedande kurs"},"content":{"rendered":"<div data-elementor-type=\"wp-page\" data-elementor-id=\"3081\" class=\"elementor elementor-3081\" data-elementor-post-type=\"page\">\n\t\t\t\t\t\t<section class=\"elementor-section elementor-top-section elementor-element elementor-element-9a36add elementor-section-full_width elementor-section-height-default elementor-section-height-default\" data-id=\"9a36add\" data-element_type=\"section\" data-e-type=\"section\">\n\t\t\t\t\t\t<div class=\"elementor-container elementor-column-gap-no\">\n\t\t\t\t\t<div class=\"elementor-column elementor-col-100 elementor-top-column elementor-element elementor-element-168d724\" data-id=\"168d724\" data-element_type=\"column\" data-e-type=\"column\">\n\t\t\t<div class=\"elementor-widget-wrap elementor-element-populated\">\n\t\t\t\t\t\t<div class=\"elementor-element elementor-element-e74b6ad de_scroll_animation_no elementor-widget elementor-widget-template\" data-id=\"e74b6ad\" data-element_type=\"widget\" data-e-type=\"widget\" data-widget_type=\"template.default\">\n\t\t\t\t<div class=\"elementor-widget-container\">\n\t\t\t\t\t\t\t<div class=\"elementor-template\">\n\t\t\t\t\t<div data-elementor-type=\"section\" data-elementor-id=\"526\" class=\"elementor elementor-526\" data-elementor-post-type=\"elementor_library\">\n\t\t\t\t\t<section class=\"elementor-section elementor-top-section elementor-element elementor-element-79e9f95 elementor-section-height-min-height elementor-section-boxed elementor-section-height-default elementor-section-items-middle\" data-id=\"79e9f95\" data-element_type=\"section\" data-e-type=\"section\" data-settings=\"{&quot;background_background&quot;:&quot;classic&quot;}\">\n\t\t\t\t\t\t\t<div class=\"elementor-background-overlay\"><\/div>\n\t\t\t\t\t\t\t<div class=\"elementor-container elementor-column-gap-wider\">\n\t\t\t\t\t<div class=\"elementor-column elementor-col-100 elementor-top-column elementor-element elementor-element-cb2785a\" data-id=\"cb2785a\" data-element_type=\"column\" data-e-type=\"column\">\n\t\t\t<div class=\"elementor-widget-wrap elementor-element-populated\">\n\t\t\t\t\t\t<div class=\"elementor-element elementor-element-eb5d6cb elementor-widget__width-auto de_scroll_animation_no elementor-widget elementor-widget-de-breadcrumb\" data-id=\"eb5d6cb\" data-element_type=\"widget\" data-e-type=\"widget\" data-widget_type=\"de-breadcrumb.default\">\n\t\t\t\t<div class=\"elementor-widget-container\">\n\t\t\t\t\t\t\t\t<div class=\"breadcrumbs\">\n\t\t\t\t<a href=\"https:\/\/mystorezoki.org\/sv\" rel=\"nofollow\">Hem<\/a>\t\t\t<\/div>\n\t\t\t\t\t\t<\/div>\n\t\t\t\t<\/div>\n\t\t\t\t<div class=\"elementor-element elementor-element-98e5277 de_scroll_animation_no elementor-widget elementor-widget-dt-post-title\" data-id=\"98e5277\" data-element_type=\"widget\" data-e-type=\"widget\" data-widget_type=\"dt-post-title.default\">\n\t\t\t\t<div class=\"elementor-widget-container\">\n\t\t\t\t\t<h2 class=\"dt-post-title\">Tyska spr\u00e5kf\u00f6rberedande kurs<\/h2>\t\t\t\t<\/div>\n\t\t\t\t<\/div>\n\t\t\t\t\t<\/div>\n\t\t<\/div>\n\t\t\t\t\t<\/div>\n\t\t<\/section>\n\t\t\t\t<\/div>\n\t\t\t\t<\/div>\n\t\t\t\t\t\t<\/div>\n\t\t\t\t<\/div>\n\t\t\t\t\t<\/div>\n\t\t<\/div>\n\t\t\t\t\t<\/div>\n\t\t<\/section>\n\t\t\t\t<section class=\"elementor-section elementor-top-section elementor-element elementor-element-159fab6 elementor-section-boxed elementor-section-height-default elementor-section-height-default\" data-id=\"159fab6\" data-element_type=\"section\" data-e-type=\"section\">\n\t\t\t\t\t\t<div class=\"elementor-container elementor-column-gap-default\">\n\t\t\t\t\t<div class=\"elementor-column elementor-col-100 elementor-top-column elementor-element elementor-element-2e02b2f\" data-id=\"2e02b2f\" data-element_type=\"column\" data-e-type=\"column\">\n\t\t\t<div class=\"elementor-widget-wrap elementor-element-populated\">\n\t\t\t\t\t\t<div class=\"elementor-element elementor-element-611f26b de_scroll_animation_no elementor-invisible elementor-widget elementor-widget-heading\" data-id=\"611f26b\" data-element_type=\"widget\" data-e-type=\"widget\" data-settings=\"{&quot;_animation&quot;:&quot;fadeIn&quot;}\" data-widget_type=\"heading.default\">\n\t\t\t\t<div class=\"elementor-widget-container\">\n\t\t\t\t\t<div class=\"elementor-heading-title elementor-size-default\">Mystore Zoki<\/div>\t\t\t\t<\/div>\n\t\t\t\t<\/div>\n\t\t\t\t<div class=\"elementor-element elementor-element-23fa391 de_scroll_animation_no elementor-invisible elementor-widget elementor-widget-heading\" data-id=\"23fa391\" data-element_type=\"widget\" data-e-type=\"widget\" data-settings=\"{&quot;_animation&quot;:&quot;fadeInUp&quot;}\" data-widget_type=\"heading.default\">\n\t\t\t\t<div class=\"elementor-widget-container\">\n\t\t\t\t\t<div class=\"elementor-heading-title elementor-size-default\">Tyska spr\u00e5kf\u00f6rberedande kurs<\/div>\t\t\t\t<\/div>\n\t\t\t\t<\/div>\n\t\t\t\t<div class=\"elementor-element elementor-element-e819dd7 de_scroll_animation_no elementor-invisible elementor-widget elementor-widget-heading\" data-id=\"e819dd7\" data-element_type=\"widget\" data-e-type=\"widget\" data-settings=\"{&quot;_animation&quot;:&quot;fadeInRight&quot;}\" data-widget_type=\"heading.default\">\n\t\t\t\t<div class=\"elementor-widget-container\">\n\t\t\t\t\t<h1 class=\"elementor-heading-title elementor-size-default\">L\u00e4s-, skriv- och uttalskurs \u2013 ditt f\u00f6rsta steg mot perfekt tyska!<\/h1>\t\t\t\t<\/div>\n\t\t\t\t<\/div>\n\t\t\t\t\t<\/div>\n\t\t<\/div>\n\t\t\t\t\t<\/div>\n\t\t<\/section>\n\t\t\t\t<section class=\"elementor-section elementor-top-section elementor-element elementor-element-ac5318c elementor-section-boxed elementor-section-height-default elementor-section-height-default\" data-id=\"ac5318c\" data-element_type=\"section\" data-e-type=\"section\">\n\t\t\t\t\t\t<div class=\"elementor-container elementor-column-gap-default\">\n\t\t\t\t\t<div class=\"elementor-column elementor-col-100 elementor-top-column elementor-element elementor-element-ef989ab\" data-id=\"ef989ab\" data-element_type=\"column\" data-e-type=\"column\">\n\t\t\t<div class=\"elementor-widget-wrap elementor-element-populated\">\n\t\t\t\t\t\t<div class=\"elementor-element elementor-element-95d127a de_scroll_animation_no elementor-widget elementor-widget-text-editor\" data-id=\"95d127a\" data-element_type=\"widget\" data-e-type=\"widget\" data-widget_type=\"text-editor.default\">\n\t\t\t\t<div class=\"elementor-widget-container\">\n\t\t\t\t\t\t\t\t\t<p>Detta \u00e4r\u00a0<strong>enkel kurs<\/strong>\u00a0p\u00e5 marknaden, designad som\u00a0<strong>f\u00f6rkurs<\/strong>\u00a0f\u00f6r alla som vill beh\u00e4rska det tyska spr\u00e5ket\u00a0<strong>snabbare och mer effektivt<\/strong>. Denna kurs p\u00e5g\u00e5r i 30 dagar, med lektioner p\u00e5 m\u00e5ndagar, onsdagar och fredagar, totalt\u00a0<strong>12 timmar per m\u00e5nad\u00a0<\/strong>och det kostar bara\u00a0<strong>60 euro<\/strong>.<\/p>\t\t\t\t\t\t\t\t<\/div>\n\t\t\t\t<\/div>\n\t\t\t\t<div class=\"elementor-element elementor-element-db9205d de_scroll_animation_no elementor-widget elementor-widget-image\" data-id=\"db9205d\" data-element_type=\"widget\" data-e-type=\"widget\" data-widget_type=\"image.default\">\n\t\t\t\t<div class=\"elementor-widget-container\">\n\t\t\t\t\t\t\t\t\t\t\t\t\t\t\t<img fetchpriority=\"high\" decoding=\"async\" width=\"745\" height=\"1024\" src=\"https:\/\/mystorezoki.org\/wp-content\/uploads\/2025\/02\/Slika-za-sajt-2_page-0001-745x1024.jpg\" class=\"attachment-large size-large wp-image-3084\" alt=\"\" srcset=\"https:\/\/mystorezoki.org\/wp-content\/uploads\/2025\/02\/Slika-za-sajt-2_page-0001-745x1024.jpg 745w, https:\/\/mystorezoki.org\/wp-content\/uploads\/2025\/02\/Slika-za-sajt-2_page-0001-218x300.jpg 218w, https:\/\/mystorezoki.org\/wp-content\/uploads\/2025\/02\/Slika-za-sajt-2_page-0001-768x1055.jpg 768w, https:\/\/mystorezoki.org\/wp-content\/uploads\/2025\/02\/Slika-za-sajt-2_page-0001-1118x1536.jpg 1118w, https:\/\/mystorezoki.org\/wp-content\/uploads\/2025\/02\/Slika-za-sajt-2_page-0001-9x12.jpg 9w, https:\/\/mystorezoki.org\/wp-content\/uploads\/2025\/02\/Slika-za-sajt-2_page-0001.jpg 1241w\" sizes=\"(max-width: 745px) 100vw, 745px\" \/>\t\t\t\t\t\t\t\t\t\t\t\t\t\t\t<\/div>\n\t\t\t\t<\/div>\n\t\t\t\t\t<\/div>\n\t\t<\/div>\n\t\t\t\t\t<\/div>\n\t\t<\/section>\n\t\t\t\t<section class=\"elementor-section elementor-top-section elementor-element elementor-element-28a2bd9 elementor-section-boxed elementor-section-height-default elementor-section-height-default\" data-id=\"28a2bd9\" data-element_type=\"section\" data-e-type=\"section\" data-settings=\"{&quot;background_background&quot;:&quot;classic&quot;}\">\n\t\t\t\t\t\t\t<div class=\"elementor-background-overlay\"><\/div>\n\t\t\t\t\t\t\t<div class=\"elementor-container elementor-column-gap-wider\">\n\t\t\t\t\t<div class=\"elementor-column elementor-col-100 elementor-top-column elementor-element elementor-element-c5bbfce\" data-id=\"c5bbfce\" data-element_type=\"column\" data-e-type=\"column\">\n\t\t\t<div class=\"elementor-widget-wrap elementor-element-populated\">\n\t\t\t\t\t\t<div class=\"elementor-element elementor-element-e784d01 de_scroll_animation_no elementor-invisible elementor-widget elementor-widget-heading\" data-id=\"e784d01\" data-element_type=\"widget\" data-e-type=\"widget\" data-settings=\"{&quot;_animation&quot;:&quot;fadeInLeft&quot;}\" data-widget_type=\"heading.default\">\n\t\t\t\t<div class=\"elementor-widget-container\">\n\t\t\t\t\t<h3 class=\"elementor-heading-title elementor-size-default\">Vad f\u00e5r du ut av den h\u00e4r kursen?<\/h3>\t\t\t\t<\/div>\n\t\t\t\t<\/div>\n\t\t\t\t<div class=\"elementor-element elementor-element-3453ff9 elementor-icon-list--layout-traditional elementor-list-item-link-full_width de_scroll_animation_no elementor-widget elementor-widget-icon-list\" data-id=\"3453ff9\" data-element_type=\"widget\" data-e-type=\"widget\" data-widget_type=\"icon-list.default\">\n\t\t\t\t<div class=\"elementor-widget-container\">\n\t\t\t\t\t\t\t<ul class=\"elementor-icon-list-items\">\n\t\t\t\t\t\t\t<li class=\"elementor-icon-list-item\">\n\t\t\t\t\t\t\t\t\t\t\t<span class=\"elementor-icon-list-icon\">\n\t\t\t\t\t\t\t<i aria-hidden=\"true\" class=\"fas fa-arrow-right\"><\/i>\t\t\t\t\t\t<\/span>\n\t\t\t\t\t\t\t\t\t\t<span class=\"elementor-icon-list-text\">Introduktion till arbetss\u00e4tt och skapande av en grund f\u00f6r vidare l\u00e4rande<\/span>\n\t\t\t\t\t\t\t\t\t<\/li>\n\t\t\t\t\t\t\t\t<li class=\"elementor-icon-list-item\">\n\t\t\t\t\t\t\t\t\t\t\t<span class=\"elementor-icon-list-icon\">\n\t\t\t\t\t\t\t<i aria-hidden=\"true\" class=\"fas fa-arrow-right\"><\/i>\t\t\t\t\t\t<\/span>\n\t\t\t\t\t\t\t\t\t\t<span class=\"elementor-icon-list-text\">Exakt best\u00e4mning av kunskapsniv\u00e5n i det tyska spr\u00e5ket<\/span>\n\t\t\t\t\t\t\t\t\t<\/li>\n\t\t\t\t\t\t\t\t<li class=\"elementor-icon-list-item\">\n\t\t\t\t\t\t\t\t\t\t\t<span class=\"elementor-icon-list-icon\">\n\t\t\t\t\t\t\t<i aria-hidden=\"true\" class=\"fas fa-arrow-right\"><\/i>\t\t\t\t\t\t<\/span>\n\t\t\t\t\t\t\t\t\t\t<span class=\"elementor-icon-list-text\">Att bed\u00f6ma l\u00e4mplig grupp f\u00f6r fortsatt l\u00e4rande \u2013 f\u00f6r det \u00e4r viktigt att alla i klassen \u00e4r p\u00e5 samma niv\u00e5<\/span>\n\t\t\t\t\t\t\t\t\t<\/li>\n\t\t\t\t\t\t\t\t<li class=\"elementor-icon-list-item\">\n\t\t\t\t\t\t\t\t\t\t\t<span class=\"elementor-icon-list-icon\">\n\t\t\t\t\t\t\t<i aria-hidden=\"true\" class=\"fas fa-arrow-right\"><\/i>\t\t\t\t\t\t<\/span>\n\t\t\t\t\t\t\t\t\t\t<span class=\"elementor-icon-list-text\">Ut\u00f6va <b>&quot;melodier&quot;<\/b> Tyska spr\u00e5ket genom l\u00e4sning och uttal<\/span>\n\t\t\t\t\t\t\t\t\t<\/li>\n\t\t\t\t\t\t\t\t<li class=\"elementor-icon-list-item\">\n\t\t\t\t\t\t\t\t\t\t\t<span class=\"elementor-icon-list-icon\">\n\t\t\t\t\t\t\t<i aria-hidden=\"true\" class=\"fas fa-arrow-right\"><\/i>\t\t\t\t\t\t<\/span>\n\t\t\t\t\t\t\t\t\t\t<span class=\"elementor-icon-list-text\">L\u00e4ser kriminalromaner anpassade efter niv\u00e5erna <b>A1, A2 och B1<\/b> i grupper om upp till 10 personer<\/span>\n\t\t\t\t\t\t\t\t\t<\/li>\n\t\t\t\t\t\t<\/ul>\n\t\t\t\t\t\t<\/div>\n\t\t\t\t<\/div>\n\t\t\t\t\t<\/div>\n\t\t<\/div>\n\t\t\t\t\t<\/div>\n\t\t<\/section>\n\t\t\t\t<section class=\"elementor-section elementor-top-section elementor-element elementor-element-dfa8471 elementor-section-boxed elementor-section-height-default elementor-section-height-default\" data-id=\"dfa8471\" data-element_type=\"section\" data-e-type=\"section\">\n\t\t\t\t\t\t<div class=\"elementor-container elementor-column-gap-default\">\n\t\t\t\t\t<div class=\"elementor-column elementor-col-100 elementor-top-column elementor-element elementor-element-b4ca8f6\" data-id=\"b4ca8f6\" data-element_type=\"column\" data-e-type=\"column\">\n\t\t\t<div class=\"elementor-widget-wrap elementor-element-populated\">\n\t\t\t\t\t\t<div class=\"elementor-element elementor-element-76588e3 de_scroll_animation_no elementor-invisible elementor-widget elementor-widget-heading\" data-id=\"76588e3\" data-element_type=\"widget\" data-e-type=\"widget\" data-settings=\"{&quot;_animation&quot;:&quot;fadeIn&quot;}\" data-widget_type=\"heading.default\">\n\t\t\t\t<div class=\"elementor-widget-container\">\n\t\t\t\t\t<div class=\"elementor-heading-title elementor-size-default\">Mystore Zoki<\/div>\t\t\t\t<\/div>\n\t\t\t\t<\/div>\n\t\t\t\t<div class=\"elementor-element elementor-element-9c67c2b de_scroll_animation_no elementor-invisible elementor-widget elementor-widget-heading\" data-id=\"9c67c2b\" data-element_type=\"widget\" data-e-type=\"widget\" data-settings=\"{&quot;_animation&quot;:&quot;fadeInUp&quot;}\" data-widget_type=\"heading.default\">\n\t\t\t\t<div class=\"elementor-widget-container\">\n\t\t\t\t\t<div class=\"elementor-heading-title elementor-size-default\">Tyska spr\u00e5kf\u00f6rberedande kurs<\/div>\t\t\t\t<\/div>\n\t\t\t\t<\/div>\n\t\t\t\t<div class=\"elementor-element elementor-element-d911adc de_scroll_animation_no elementor-invisible elementor-widget elementor-widget-heading\" data-id=\"d911adc\" data-element_type=\"widget\" data-e-type=\"widget\" data-settings=\"{&quot;_animation&quot;:&quot;fadeInRight&quot;}\" data-widget_type=\"heading.default\">\n\t\t\t\t<div class=\"elementor-widget-container\">\n\t\t\t\t\t<h1 class=\"elementor-heading-title elementor-size-default\">Livstidserbjudande<\/h1>\t\t\t\t<\/div>\n\t\t\t\t<\/div>\n\t\t\t\t\t<\/div>\n\t\t<\/div>\n\t\t\t\t\t<\/div>\n\t\t<\/section>\n\t\t\t\t<section class=\"elementor-section elementor-top-section elementor-element elementor-element-8879a40 elementor-section-boxed elementor-section-height-default elementor-section-height-default\" data-id=\"8879a40\" data-element_type=\"section\" data-e-type=\"section\">\n\t\t\t\t\t\t<div class=\"elementor-container elementor-column-gap-default\">\n\t\t\t\t\t<div class=\"elementor-column elementor-col-100 elementor-top-column elementor-element elementor-element-711f5e7\" data-id=\"711f5e7\" data-element_type=\"column\" data-e-type=\"column\">\n\t\t\t<div class=\"elementor-widget-wrap elementor-element-populated\">\n\t\t\t\t\t\t<div class=\"elementor-element elementor-element-5bf65b4 de_scroll_animation_no elementor-widget elementor-widget-text-editor\" data-id=\"5bf65b4\" data-element_type=\"widget\" data-e-type=\"widget\" data-widget_type=\"text-editor.default\">\n\t\t\t\t<div class=\"elementor-widget-container\">\n\t\t\t\t\t\t\t\t\t<p>I slutet av kursen kommer deltagarna att f\u00e5 f\u00f6rtroende f\u00f6r uttal och l\u00e4sning, vilket g\u00f6r det m\u00f6jligt f\u00f6r dem\u00a0<strong>snabbare och effektivare inl\u00e4rning av det tyska spr\u00e5ket i vidare l\u00e4rande<\/strong>.<\/p><p><strong>\ud83c\udf81Bonus<\/strong>: Alla deltagare f\u00e5r\u00a0<strong>tv\u00e5 tyska ordinl\u00e4rningsappar som g\u00e5va (livstid)<\/strong>.<\/p><p><strong>\ud83d\udce2Ans\u00f6k nu<\/strong>\u00a0och s\u00e4kra din plats p\u00e5 denna unika kurs!<\/p>\t\t\t\t\t\t\t\t<\/div>\n\t\t\t\t<\/div>\n\t\t\t\t\t<\/div>\n\t\t<\/div>\n\t\t\t\t\t<\/div>\n\t\t<\/section>\n\t\t\t\t<section class=\"elementor-section elementor-top-section elementor-element elementor-element-9f97760 elementor-section-boxed elementor-section-height-default elementor-section-height-default\" data-id=\"9f97760\" data-element_type=\"section\" data-e-type=\"section\" data-settings=\"{&quot;background_background&quot;:&quot;classic&quot;}\">\n\t\t\t\t\t\t\t<div class=\"elementor-background-overlay\"><\/div>\n\t\t\t\t\t\t\t<div class=\"elementor-container elementor-column-gap-wider\">\n\t\t\t\t\t<div class=\"elementor-column elementor-col-100 elementor-top-column elementor-element elementor-element-c65e79d\" data-id=\"c65e79d\" data-element_type=\"column\" data-e-type=\"column\">\n\t\t\t<div class=\"elementor-widget-wrap elementor-element-populated\">\n\t\t\t\t\t\t<div class=\"elementor-element elementor-element-92ef419 de_scroll_animation_no elementor-invisible elementor-widget elementor-widget-heading\" data-id=\"92ef419\" data-element_type=\"widget\" data-e-type=\"widget\" data-settings=\"{&quot;_animation&quot;:&quot;fadeInLeft&quot;}\" data-widget_type=\"heading.default\">\n\t\t\t\t<div class=\"elementor-widget-container\">\n\t\t\t\t\t<h3 class=\"elementor-heading-title elementor-size-default\">Registrera dig nu<\/h3>\t\t\t\t<\/div>\n\t\t\t\t<\/div>\n\t\t\t\t<div class=\"elementor-element elementor-element-519be20 de_scroll_animation_no elementor-widget elementor-widget-text-editor\" data-id=\"519be20\" data-element_type=\"widget\" data-e-type=\"widget\" data-widget_type=\"text-editor.default\">\n\t\t\t\t<div class=\"elementor-widget-container\">\n\t\t\t\t\t\t\t\t\t<p>\ud83d\udcde\u00a0<strong>Du kan f\u00e5 ytterligare information om denna f\u00f6rkurs, samt alla v\u00e5ra kurser, p\u00e5 Viber\/WhatsApp:<\/strong><br \/><strong>\ud83d\udcf2+381 65 4345 023<\/strong><\/p>\t\t\t\t\t\t\t\t<\/div>\n\t\t\t\t<\/div>\n\t\t\t\t<div class=\"elementor-element elementor-element-ee33205 elementor-align-center elementor-mobile-align-left de_scroll_animation_no elementor-widget elementor-widget-button\" data-id=\"ee33205\" data-element_type=\"widget\" data-e-type=\"widget\" data-widget_type=\"button.default\">\n\t\t\t\t<div class=\"elementor-widget-container\">\n\t\t\t\t\t\t\t\t\t<div class=\"elementor-button-wrapper\">\n\t\t\t\t\t<a class=\"elementor-button elementor-button-link elementor-size-sm\" href=\"https:\/\/www.emailmeform.com\/builder\/form\/0c72q99890sjtp2V05M\" rel=\"nofollow noopener\" target=\"_blank\">\n\t\t\t\t\t\t<span class=\"elementor-button-content-wrapper\">\n\t\t\t\t\t\t\t\t\t<span class=\"elementor-button-text\">Bli Medlem<\/span>\n\t\t\t\t\t<\/span>\n\t\t\t\t\t<\/a>\n\t\t\t\t<\/div>\n\t\t\t\t\t\t\t\t<\/div>\n\t\t\t\t<\/div>\n\t\t\t\t\t<\/div>\n\t\t<\/div>\n\t\t\t\t\t<\/div>\n\t\t<\/section>\n\t\t\t\t<\/div>","protected":false},"excerpt":{"rendered":"<p>Mystore Zoki Anki \u0160ta je Anki? Anki je aplikacija za u\u010denje temeljen na karticama (flashcards) koja koristi tehnike aktivnog ponavljanja (spaced repetition) kako bi vam pomogla da efikasno pamtite nema\u010dke re\u010di i fraze. Kartice koje vam te\u017ee padaju, bi\u0107e prikazivane \u010de\u0161\u0107e, dok lak\u0161e pamtite re\u010di, one \u0107e se prikazivati re\u0111e. Glavne karakteristike Anki aplikacije: U\u010denje [&hellip;]<\/p>\n","protected":false},"author":4,"featured_media":3084,"parent":0,"menu_order":0,"comment_status":"closed","ping_status":"closed","template":"","meta":{"ocean_post_layout":"","ocean_both_sidebars_style":"","ocean_both_sidebars_content_width":0,"ocean_both_sidebars_sidebars_width":0,"ocean_sidebar":"0","ocean_second_sidebar":"0","ocean_disable_margins":"enable","ocean_add_body_class":"","ocean_shortcode_before_top_bar":"","ocean_shortcode_after_top_bar":"","ocean_shortcode_before_header":"","ocean_shortcode_after_header":"","ocean_has_shortcode":"","ocean_shortcode_after_title":"","ocean_shortcode_before_footer_widgets":"","ocean_shortcode_after_footer_widgets":"","ocean_shortcode_before_footer_bottom":"","ocean_shortcode_after_footer_bottom":"","ocean_display_top_bar":"default","ocean_display_header":"default","ocean_header_style":"","ocean_center_header_left_menu":"0","ocean_custom_header_template":"0","ocean_custom_logo":0,"ocean_custom_retina_logo":0,"ocean_custom_logo_max_width":0,"ocean_custom_logo_tablet_max_width":0,"ocean_custom_logo_mobile_max_width":0,"ocean_custom_logo_max_height":0,"ocean_custom_logo_tablet_max_height":0,"ocean_custom_logo_mobile_max_height":0,"ocean_header_custom_menu":"0","ocean_menu_typo_font_family":"0","ocean_menu_typo_font_subset":"","ocean_menu_typo_font_size":0,"ocean_menu_typo_font_size_tablet":0,"ocean_menu_typo_font_size_mobile":0,"ocean_menu_typo_font_size_unit":"px","ocean_menu_typo_font_weight":"","ocean_menu_typo_font_weight_tablet":"","ocean_menu_typo_font_weight_mobile":"","ocean_menu_typo_transform":"","ocean_menu_typo_transform_tablet":"","ocean_menu_typo_transform_mobile":"","ocean_menu_typo_line_height":0,"ocean_menu_typo_line_height_tablet":0,"ocean_menu_typo_line_height_mobile":0,"ocean_menu_typo_line_height_unit":"","ocean_menu_typo_spacing":0,"ocean_menu_typo_spacing_tablet":0,"ocean_menu_typo_spacing_mobile":0,"ocean_menu_typo_spacing_unit":"","ocean_menu_link_color":"","ocean_menu_link_color_hover":"","ocean_menu_link_color_active":"","ocean_menu_link_background":"","ocean_menu_link_hover_background":"","ocean_menu_link_active_background":"","ocean_menu_social_links_bg":"","ocean_menu_social_hover_links_bg":"","ocean_menu_social_links_color":"","ocean_menu_social_hover_links_color":"","ocean_disable_title":"default","ocean_disable_heading":"default","ocean_post_title":"","ocean_post_subheading":"","ocean_post_title_style":"","ocean_post_title_background_color":"","ocean_post_title_background":0,"ocean_post_title_bg_image_position":"","ocean_post_title_bg_image_attachment":"","ocean_post_title_bg_image_repeat":"","ocean_post_title_bg_image_size":"","ocean_post_title_height":0,"ocean_post_title_bg_overlay":0.5,"ocean_post_title_bg_overlay_color":"","ocean_disable_breadcrumbs":"default","ocean_breadcrumbs_color":"","ocean_breadcrumbs_separator_color":"","ocean_breadcrumbs_links_color":"","ocean_breadcrumbs_links_hover_color":"","ocean_display_footer_widgets":"default","ocean_display_footer_bottom":"default","ocean_custom_footer_template":"0","footnotes":""},"class_list":["post-3081","page","type-page","status-publish","has-post-thumbnail","hentry","entry","has-media"],"_hostinger_reach_plugin_has_subscription_block":false,"_hostinger_reach_plugin_is_elementor":false,"_links":{"self":[{"href":"https:\/\/mystorezoki.org\/sv\/wp-json\/wp\/v2\/pages\/3081","targetHints":{"allow":["GET"]}}],"collection":[{"href":"https:\/\/mystorezoki.org\/sv\/wp-json\/wp\/v2\/pages"}],"about":[{"href":"https:\/\/mystorezoki.org\/sv\/wp-json\/wp\/v2\/types\/page"}],"author":[{"embeddable":true,"href":"https:\/\/mystorezoki.org\/sv\/wp-json\/wp\/v2\/users\/4"}],"replies":[{"embeddable":true,"href":"https:\/\/mystorezoki.org\/sv\/wp-json\/wp\/v2\/comments?post=3081"}],"version-history":[{"count":6,"href":"https:\/\/mystorezoki.org\/sv\/wp-json\/wp\/v2\/pages\/3081\/revisions"}],"predecessor-version":[{"id":3093,"href":"https:\/\/mystorezoki.org\/sv\/wp-json\/wp\/v2\/pages\/3081\/revisions\/3093"}],"wp:featuredmedia":[{"embeddable":true,"href":"https:\/\/mystorezoki.org\/sv\/wp-json\/wp\/v2\/media\/3084"}],"wp:attachment":[{"href":"https:\/\/mystorezoki.org\/sv\/wp-json\/wp\/v2\/media?parent=3081"}],"curies":[{"name":"wp","href":"https:\/\/api.w.org\/{rel}","templated":true}]}}