{"id":4125,"date":"2025-07-04T08:02:46","date_gmt":"2025-07-04T07:02:46","guid":{"rendered":"https:\/\/mystorezoki.org\/?page_id=4125"},"modified":"2025-07-04T08:21:47","modified_gmt":"2025-07-04T07:21:47","slug":"fizetett-szakmai-gyakorlat-b2-es-hallgatoink-szamara","status":"publish","type":"page","link":"https:\/\/mystorezoki.org\/hu\/placena-praksa-za-nase-b2-ucenike\/","title":{"rendered":"Fizetett szakmai gyakorlat B2-es hallgat\u00f3ink sz\u00e1m\u00e1ra"},"content":{"rendered":"<div data-elementor-type=\"wp-page\" data-elementor-id=\"4125\" class=\"elementor elementor-4125\" data-elementor-post-type=\"page\">\n\t\t\t\t\t\t<section class=\"elementor-section elementor-top-section elementor-element elementor-element-9a36add elementor-section-full_width elementor-section-height-default elementor-section-height-default\" data-id=\"9a36add\" data-element_type=\"section\" data-e-type=\"section\">\n\t\t\t\t\t\t<div class=\"elementor-container elementor-column-gap-no\">\n\t\t\t\t\t<div class=\"elementor-column elementor-col-100 elementor-top-column elementor-element elementor-element-168d724\" data-id=\"168d724\" data-element_type=\"column\" data-e-type=\"column\">\n\t\t\t<div class=\"elementor-widget-wrap elementor-element-populated\">\n\t\t\t\t\t\t<div class=\"elementor-element elementor-element-e74b6ad de_scroll_animation_no elementor-widget elementor-widget-template\" data-id=\"e74b6ad\" data-element_type=\"widget\" data-e-type=\"widget\" data-widget_type=\"template.default\">\n\t\t\t\t<div class=\"elementor-widget-container\">\n\t\t\t\t\t\t\t<div class=\"elementor-template\">\n\t\t\t\t\t<div data-elementor-type=\"section\" data-elementor-id=\"526\" class=\"elementor elementor-526\" data-elementor-post-type=\"elementor_library\">\n\t\t\t\t\t<section class=\"elementor-section elementor-top-section elementor-element elementor-element-79e9f95 elementor-section-height-min-height elementor-section-boxed elementor-section-height-default elementor-section-items-middle\" data-id=\"79e9f95\" data-element_type=\"section\" data-e-type=\"section\" data-settings=\"{&quot;background_background&quot;:&quot;classic&quot;}\">\n\t\t\t\t\t\t\t<div class=\"elementor-background-overlay\"><\/div>\n\t\t\t\t\t\t\t<div class=\"elementor-container elementor-column-gap-wider\">\n\t\t\t\t\t<div class=\"elementor-column elementor-col-100 elementor-top-column elementor-element elementor-element-cb2785a\" data-id=\"cb2785a\" data-element_type=\"column\" data-e-type=\"column\">\n\t\t\t<div class=\"elementor-widget-wrap elementor-element-populated\">\n\t\t\t\t\t\t<div class=\"elementor-element elementor-element-eb5d6cb elementor-widget__width-auto de_scroll_animation_no elementor-widget elementor-widget-de-breadcrumb\" data-id=\"eb5d6cb\" data-element_type=\"widget\" data-e-type=\"widget\" data-widget_type=\"de-breadcrumb.default\">\n\t\t\t\t<div class=\"elementor-widget-container\">\n\t\t\t\t\t\t\t\t<div class=\"breadcrumbs\">\n\t\t\t\t<a href=\"https:\/\/mystorezoki.org\/hu\" rel=\"nofollow\">itthon<\/a>\t\t\t<\/div>\n\t\t\t\t\t\t<\/div>\n\t\t\t\t<\/div>\n\t\t\t\t<div class=\"elementor-element elementor-element-98e5277 de_scroll_animation_no elementor-widget elementor-widget-dt-post-title\" data-id=\"98e5277\" data-element_type=\"widget\" data-e-type=\"widget\" data-widget_type=\"dt-post-title.default\">\n\t\t\t\t<div class=\"elementor-widget-container\">\n\t\t\t\t\t<h2 class=\"dt-post-title\">Fizetett szakmai gyakorlat B2-es hallgat\u00f3ink sz\u00e1m\u00e1ra<\/h2>\t\t\t\t<\/div>\n\t\t\t\t<\/div>\n\t\t\t\t\t<\/div>\n\t\t<\/div>\n\t\t\t\t\t<\/div>\n\t\t<\/section>\n\t\t\t\t<\/div>\n\t\t\t\t<\/div>\n\t\t\t\t\t\t<\/div>\n\t\t\t\t<\/div>\n\t\t\t\t\t<\/div>\n\t\t<\/div>\n\t\t\t\t\t<\/div>\n\t\t<\/section>\n\t\t\t\t<section class=\"elementor-section elementor-top-section elementor-element elementor-element-159fab6 elementor-section-boxed elementor-section-height-default elementor-section-height-default\" data-id=\"159fab6\" data-element_type=\"section\" data-e-type=\"section\">\n\t\t\t\t\t\t<div class=\"elementor-container elementor-column-gap-default\">\n\t\t\t\t\t<div class=\"elementor-column elementor-col-100 elementor-top-column elementor-element elementor-element-2e02b2f\" data-id=\"2e02b2f\" data-element_type=\"column\" data-e-type=\"column\">\n\t\t\t<div class=\"elementor-widget-wrap elementor-element-populated\">\n\t\t\t\t\t\t<div class=\"elementor-element elementor-element-611f26b de_scroll_animation_no elementor-invisible elementor-widget elementor-widget-heading\" data-id=\"611f26b\" data-element_type=\"widget\" data-e-type=\"widget\" data-settings=\"{&quot;_animation&quot;:&quot;fadeIn&quot;}\" data-widget_type=\"heading.default\">\n\t\t\t\t<div class=\"elementor-widget-container\">\n\t\t\t\t\t<div class=\"elementor-heading-title elementor-size-default\">Mystore Zoki<\/div>\t\t\t\t<\/div>\n\t\t\t\t<\/div>\n\t\t\t\t<div class=\"elementor-element elementor-element-23fa391 de_scroll_animation_no elementor-invisible elementor-widget elementor-widget-heading\" data-id=\"23fa391\" data-element_type=\"widget\" data-e-type=\"widget\" data-settings=\"{&quot;_animation&quot;:&quot;fadeInUp&quot;}\" data-widget_type=\"heading.default\">\n\t\t\t\t<div class=\"elementor-widget-container\">\n\t\t\t\t\t<div class=\"elementor-heading-title elementor-size-default\">gyakorlat<\/div>\t\t\t\t<\/div>\n\t\t\t\t<\/div>\n\t\t\t\t<div class=\"elementor-element elementor-element-e819dd7 de_scroll_animation_no elementor-invisible elementor-widget elementor-widget-heading\" data-id=\"e819dd7\" data-element_type=\"widget\" data-e-type=\"widget\" data-settings=\"{&quot;_animation&quot;:&quot;fadeInRight&quot;}\" data-widget_type=\"heading.default\">\n\t\t\t\t<div class=\"elementor-widget-container\">\n\t\t\t\t\t<h1 class=\"elementor-heading-title elementor-size-default\">\ud83c\udf93A B2 szint\u0171 tanfolyam elv\u00e9gz\u00e9se ut\u00e1ni di\u00e1kjaimnak:<\/h1>\t\t\t\t<\/div>\n\t\t\t\t<\/div>\n\t\t\t\t\t<\/div>\n\t\t<\/div>\n\t\t\t\t\t<\/div>\n\t\t<\/section>\n\t\t\t\t<section class=\"elementor-section elementor-top-section elementor-element elementor-element-ac5318c elementor-section-boxed elementor-section-height-default elementor-section-height-default\" data-id=\"ac5318c\" data-element_type=\"section\" data-e-type=\"section\">\n\t\t\t\t\t\t<div class=\"elementor-container elementor-column-gap-default\">\n\t\t\t\t\t<div class=\"elementor-column elementor-col-100 elementor-top-column elementor-element elementor-element-ef989ab\" data-id=\"ef989ab\" data-element_type=\"column\" data-e-type=\"column\">\n\t\t\t<div class=\"elementor-widget-wrap elementor-element-populated\">\n\t\t\t\t\t\t<div class=\"elementor-element elementor-element-95d127a de_scroll_animation_no elementor-widget elementor-widget-text-editor\" data-id=\"95d127a\" data-element_type=\"widget\" data-e-type=\"widget\" data-widget_type=\"text-editor.default\">\n\t\t\t\t<div class=\"elementor-widget-container\">\n\t\t\t\t\t\t\t\t\t<p data-renderer-start-pos=\"257\"><strong data-renderer-mark=\"true\">Egyed\u00fcl\u00e1ll\u00f3 lehet\u0151s\u00e9g, hogy minden nap n\u00e9met\u00fcl besz\u00e9lj \u2013 \u00e9s fizet\u00e9st is kapj \u00e9rte.<\/strong><\/p><p data-renderer-start-pos=\"340\">A csapatommal nem hissz\u00fck, hogy a nyelvtanul\u00e1s a (k\u00f6z\u00e9phalad\u00f3) kurzus utols\u00f3 leck\u00e9j\u00e9vel v\u00e9get \u00e9r.<br \/>S\u0151t, csak ezut\u00e1n kezd\u0151dik a legfontosabb...\u00a0<strong data-renderer-mark=\"true\">a tud\u00e1s alkalmaz\u00e1sa val\u00f3s \u00fczleti k\u00f6rnyezetben.<\/strong><\/p><p data-renderer-start-pos=\"526\">Ez\u00e9rt ind\u00edtottunk egy k\u00fcl\u00f6nleges programot azok sz\u00e1m\u00e1ra, akik a teljes B2 szint\u0171 tanfolyamot n\u00e1lunk v\u00e9gezt\u00e9k (legal\u00e1bb 6 h\u00f3napig):<\/p><p data-renderer-start-pos=\"627\">\u27a1\ufe0fBesz\u00e9dgyakorl\u00e1s val\u00f3s munkak\u00f6r\u00fclm\u00e9nyek k\u00f6z\u00f6tt - otthonr\u00f3l, anyagi kompenz\u00e1ci\u00f3val.\u00a0<\/p>\t\t\t\t\t\t\t\t<\/div>\n\t\t\t\t<\/div>\n\t\t\t\t\t<\/div>\n\t\t<\/div>\n\t\t\t\t\t<\/div>\n\t\t<\/section>\n\t\t\t\t<section class=\"elementor-section elementor-top-section elementor-element elementor-element-28a2bd9 elementor-section-boxed elementor-section-height-default elementor-section-height-default\" data-id=\"28a2bd9\" data-element_type=\"section\" data-e-type=\"section\" data-settings=\"{&quot;background_background&quot;:&quot;classic&quot;}\">\n\t\t\t\t\t\t\t<div class=\"elementor-background-overlay\"><\/div>\n\t\t\t\t\t\t\t<div class=\"elementor-container elementor-column-gap-wider\">\n\t\t\t\t\t<div class=\"elementor-column elementor-col-100 elementor-top-column elementor-element elementor-element-c5bbfce\" data-id=\"c5bbfce\" data-element_type=\"column\" data-e-type=\"column\">\n\t\t\t<div class=\"elementor-widget-wrap elementor-element-populated\">\n\t\t\t\t\t\t<div class=\"elementor-element elementor-element-e784d01 de_scroll_animation_no elementor-invisible elementor-widget elementor-widget-heading\" data-id=\"e784d01\" data-element_type=\"widget\" data-e-type=\"widget\" data-settings=\"{&quot;_animation&quot;:&quot;fadeInLeft&quot;}\" data-widget_type=\"heading.default\">\n\t\t\t\t<div class=\"elementor-widget-container\">\n\t\t\t\t\t<h3 class=\"elementor-heading-title elementor-size-default\">\ud83d\udca1Mit k\u00edn\u00e1lunk?<\/h3>\t\t\t\t<\/div>\n\t\t\t\t<\/div>\n\t\t\t\t<div class=\"elementor-element elementor-element-a29dd4b de_scroll_animation_no elementor-widget elementor-widget-text-editor\" data-id=\"a29dd4b\" data-element_type=\"widget\" data-e-type=\"widget\" data-widget_type=\"text-editor.default\">\n\t\t\t\t<div class=\"elementor-widget-container\">\n\t\t\t\t\t\t\t\t\t<p>\ud83d\udd37 \u00c1lland\u00f3 kapcsolat a n\u00e9met nyelvvel - a sv\u00e1jci potenci\u00e1lis \u00fcgyfelekkel val\u00f3 kommunik\u00e1ci\u00f3 r\u00e9v\u00e9n<\/p><p>\ud83d\udd37 Hiteles besz\u00e9lget\u00e9sek, t\u00e1vol az iskolai p\u00e1rbesz\u00e9dekt\u0151l<\/p><p>\ud83d\udd37 Esti munka - napi 4 \u00f3ra, heti 5 nap (17:00-21:00), otthonod k\u00e9nyelm\u00e9b\u0151l<\/p><p>\ud83d\udd37 Sv\u00e1jci telefonsz\u00e1m, el\u0151k\u00e9sz\u00edtett n\u00e9vjegyek \u00e9s szkriptek n\u00e9met\u00fcl<\/p><p>\ud83d\udd37 Bels\u0151 k\u00e9pz\u00e9s biztos\u00edt\u00e1s \u00e9s hitel ter\u00fclet\u00e9n Sv\u00e1jcban<\/p><p>\ud83d\udd37 Lehet\u0151s\u00e9g arra, hogy mindezt konkr\u00e9t \u00fczleti n\u00e9met tapasztalatk\u00e9nt \u00edrd le az \u00f6n\u00e9letrajzodban<\/p>\t\t\t\t\t\t\t\t<\/div>\n\t\t\t\t<\/div>\n\t\t\t\t\t<\/div>\n\t\t<\/div>\n\t\t\t\t\t<\/div>\n\t\t<\/section>\n\t\t\t\t<section class=\"elementor-section elementor-top-section elementor-element elementor-element-dfa8471 elementor-section-boxed elementor-section-height-default elementor-section-height-default\" data-id=\"dfa8471\" data-element_type=\"section\" data-e-type=\"section\">\n\t\t\t\t\t\t<div class=\"elementor-container elementor-column-gap-default\">\n\t\t\t\t\t<div class=\"elementor-column elementor-col-100 elementor-top-column elementor-element elementor-element-b4ca8f6\" data-id=\"b4ca8f6\" data-element_type=\"column\" data-e-type=\"column\">\n\t\t\t<div class=\"elementor-widget-wrap elementor-element-populated\">\n\t\t\t\t\t\t<div class=\"elementor-element elementor-element-76588e3 de_scroll_animation_no elementor-invisible elementor-widget elementor-widget-heading\" data-id=\"76588e3\" data-element_type=\"widget\" data-e-type=\"widget\" data-settings=\"{&quot;_animation&quot;:&quot;fadeIn&quot;}\" data-widget_type=\"heading.default\">\n\t\t\t\t<div class=\"elementor-widget-container\">\n\t\t\t\t\t<div class=\"elementor-heading-title elementor-size-default\">Mystore Zoki<\/div>\t\t\t\t<\/div>\n\t\t\t\t<\/div>\n\t\t\t\t<div class=\"elementor-element elementor-element-9c67c2b de_scroll_animation_no elementor-invisible elementor-widget elementor-widget-heading\" data-id=\"9c67c2b\" data-element_type=\"widget\" data-e-type=\"widget\" data-settings=\"{&quot;_animation&quot;:&quot;fadeInUp&quot;}\" data-widget_type=\"heading.default\">\n\t\t\t\t<div class=\"elementor-widget-container\">\n\t\t\t\t\t<div class=\"elementor-heading-title elementor-size-default\">gyakorlat<\/div>\t\t\t\t<\/div>\n\t\t\t\t<\/div>\n\t\t\t\t<div class=\"elementor-element elementor-element-4e717f4 de_scroll_animation_no elementor-invisible elementor-widget elementor-widget-heading\" data-id=\"4e717f4\" data-element_type=\"widget\" data-e-type=\"widget\" data-settings=\"{&quot;_animation&quot;:&quot;fadeInRight&quot;}\" data-widget_type=\"heading.default\">\n\t\t\t\t<div class=\"elementor-widget-container\">\n\t\t\t\t\t<h1 class=\"elementor-heading-title elementor-size-default\">\ud83c\udfafKinek sz\u00f3l ez a program?<\/h1>\t\t\t\t<\/div>\n\t\t\t\t<\/div>\n\t\t\t\t\t<\/div>\n\t\t<\/div>\n\t\t\t\t\t<\/div>\n\t\t<\/section>\n\t\t\t\t<section class=\"elementor-section elementor-top-section elementor-element elementor-element-8879a40 elementor-section-boxed elementor-section-height-default elementor-section-height-default\" data-id=\"8879a40\" data-element_type=\"section\" data-e-type=\"section\">\n\t\t\t\t\t\t<div class=\"elementor-container elementor-column-gap-default\">\n\t\t\t\t\t<div class=\"elementor-column elementor-col-100 elementor-top-column elementor-element elementor-element-711f5e7\" data-id=\"711f5e7\" data-element_type=\"column\" data-e-type=\"column\">\n\t\t\t<div class=\"elementor-widget-wrap elementor-element-populated\">\n\t\t\t\t\t\t<div class=\"elementor-element elementor-element-5bf65b4 de_scroll_animation_no elementor-widget elementor-widget-text-editor\" data-id=\"5bf65b4\" data-element_type=\"widget\" data-e-type=\"widget\" data-widget_type=\"text-editor.default\">\n\t\t\t\t<div class=\"elementor-widget-container\">\n\t\t\t\t\t\t\t\t\t<p>\u2714\ufe0f Mindenkinek, aki elv\u00e9gezte a teljes B2 szintet n\u00e1lunk (legal\u00e1bb 6 h\u00f3napnyi tanfolyam)<\/p><p>\u2714\ufe0f Azoknak, akik naponta szeretn\u00e9k gyakorolni a n\u00e9met besz\u00e9det<\/p><p>\u2714\ufe0f Azoknak, akik jelenleg nem dolgoznak, \u00e9s szeretn\u00e9k a gyakorlatban is alkalmazni az elm\u00e9leti tud\u00e1sukat<\/p>\t\t\t\t\t\t\t\t<\/div>\n\t\t\t\t<\/div>\n\t\t\t\t\t<\/div>\n\t\t<\/div>\n\t\t\t\t\t<\/div>\n\t\t<\/section>\n\t\t\t\t<section class=\"elementor-section elementor-top-section elementor-element elementor-element-aec97e0 elementor-section-boxed elementor-section-height-default elementor-section-height-default\" data-id=\"aec97e0\" data-element_type=\"section\" data-e-type=\"section\" data-settings=\"{&quot;background_background&quot;:&quot;classic&quot;}\">\n\t\t\t\t\t\t\t<div class=\"elementor-background-overlay\"><\/div>\n\t\t\t\t\t\t\t<div class=\"elementor-container elementor-column-gap-wider\">\n\t\t\t\t\t<div class=\"elementor-column elementor-col-100 elementor-top-column elementor-element elementor-element-db29929\" data-id=\"db29929\" data-element_type=\"column\" data-e-type=\"column\">\n\t\t\t<div class=\"elementor-widget-wrap elementor-element-populated\">\n\t\t\t\t\t\t<div class=\"elementor-element elementor-element-6920883 de_scroll_animation_no elementor-invisible elementor-widget elementor-widget-heading\" data-id=\"6920883\" data-element_type=\"widget\" data-e-type=\"widget\" data-settings=\"{&quot;_animation&quot;:&quot;fadeInLeft&quot;}\" data-widget_type=\"heading.default\">\n\t\t\t\t<div class=\"elementor-widget-container\">\n\t\t\t\t\t<h3 class=\"elementor-heading-title elementor-size-default\">\ud83e\udde9Mi\u00e9rt fontos ez?<\/h3>\t\t\t\t<\/div>\n\t\t\t\t<\/div>\n\t\t\t\t<div class=\"elementor-element elementor-element-7210c75 de_scroll_animation_no elementor-widget elementor-widget-text-editor\" data-id=\"7210c75\" data-element_type=\"widget\" data-e-type=\"widget\" data-widget_type=\"text-editor.default\">\n\t\t\t\t<div class=\"elementor-widget-container\">\n\t\t\t\t\t\t\t\t\t<p style=\"text-align: center;\" data-prosemirror-content-type=\"node\" data-prosemirror-node-name=\"paragraph\" data-prosemirror-node-block=\"true\" data-pm-slice=\"1 1 []\">\ud83d\udcccSokan tanulj\u00e1k a nyelvtant, de nincs kivel besz\u00e9lgetni\u00fck \u2013 gyakorl\u00e1s n\u00e9lk\u00fcl pedig a tud\u00e1s gyorsan elv\u00e9sz.\u00a0<\/p><p style=\"text-align: center;\" data-prosemirror-content-type=\"node\" data-prosemirror-node-name=\"paragraph\" data-prosemirror-node-block=\"true\" data-pm-slice=\"1 1 []\">\ud83d\udcccA legnagyobb kih\u00edv\u00e1s a nyelvtud\u00e1s fenntart\u00e1sa a kurzus ut\u00e1n \u2013 pontosan ezt oldjuk meg.\u00a0<\/p><p style=\"text-align: center;\" data-prosemirror-content-type=\"node\" data-prosemirror-node-name=\"paragraph\" data-prosemirror-node-block=\"true\" data-pm-slice=\"1 1 []\">\ud83d\udcccA besz\u00e9dgyakorlat seg\u00edt abban, hogy a tud\u00e1s ne halv\u00e1nyuljon el, hanem gyarapodjon a val\u00f3s helyzetek sor\u00e1n.<\/p><p data-prosemirror-content-type=\"node\" data-prosemirror-node-name=\"paragraph\" data-prosemirror-node-block=\"true\" data-pm-slice=\"1 1 []\">Ez\u00e9rt ez a gyakorlat nem kieg\u00e9sz\u00edt\u00e9s \u2013 hanem\u00a0<strong data-prosemirror-content-type=\"mark\" data-prosemirror-mark-name=\"strong\">folytat\u00e1s<\/strong>\u00a0abb\u00f3l, amit m\u00e1r fel\u00e9p\u00edtett\u00e9l.<br data-prosemirror-content-type=\"node\" data-prosemirror-node-name=\"hardBreak\" data-prosemirror-node-inline=\"true\" \/>Tov\u00e1bbi tand\u00edj n\u00e9lk\u00fcl - a lehet\u0151s\u00e9ggel, hogy\u00a0<strong data-prosemirror-content-type=\"mark\" data-prosemirror-mark-name=\"strong\">p\u00e9nzt keres<\/strong>\u00a0mik\u00f6zben ezt tette.<\/p>\t\t\t\t\t\t\t\t<\/div>\n\t\t\t\t<\/div>\n\t\t\t\t\t<\/div>\n\t\t<\/div>\n\t\t\t\t\t<\/div>\n\t\t<\/section>\n\t\t\t\t<section class=\"elementor-section elementor-top-section elementor-element elementor-element-34594b3 elementor-section-boxed elementor-section-height-default elementor-section-height-default\" data-id=\"34594b3\" data-element_type=\"section\" data-e-type=\"section\">\n\t\t\t\t\t\t<div class=\"elementor-container elementor-column-gap-default\">\n\t\t\t\t\t<div class=\"elementor-column elementor-col-100 elementor-top-column elementor-element elementor-element-e5b846c\" data-id=\"e5b846c\" data-element_type=\"column\" data-e-type=\"column\">\n\t\t\t<div class=\"elementor-widget-wrap elementor-element-populated\">\n\t\t\t\t\t\t<div class=\"elementor-element elementor-element-9d11069 de_scroll_animation_no elementor-invisible elementor-widget elementor-widget-heading\" data-id=\"9d11069\" data-element_type=\"widget\" data-e-type=\"widget\" data-settings=\"{&quot;_animation&quot;:&quot;fadeIn&quot;}\" data-widget_type=\"heading.default\">\n\t\t\t\t<div class=\"elementor-widget-container\">\n\t\t\t\t\t<div class=\"elementor-heading-title elementor-size-default\">Mystore Zoki<\/div>\t\t\t\t<\/div>\n\t\t\t\t<\/div>\n\t\t\t\t<div class=\"elementor-element elementor-element-b7a7a19 de_scroll_animation_no elementor-invisible elementor-widget elementor-widget-heading\" data-id=\"b7a7a19\" data-element_type=\"widget\" data-e-type=\"widget\" data-settings=\"{&quot;_animation&quot;:&quot;fadeInUp&quot;}\" data-widget_type=\"heading.default\">\n\t\t\t\t<div class=\"elementor-widget-container\">\n\t\t\t\t\t<div class=\"elementor-heading-title elementor-size-default\">gyakorlat<\/div>\t\t\t\t<\/div>\n\t\t\t\t<\/div>\n\t\t\t\t<div class=\"elementor-element elementor-element-2972a40 de_scroll_animation_no elementor-invisible elementor-widget elementor-widget-heading\" data-id=\"2972a40\" data-element_type=\"widget\" data-e-type=\"widget\" data-settings=\"{&quot;_animation&quot;:&quot;fadeInRight&quot;}\" data-widget_type=\"heading.default\">\n\t\t\t\t<div class=\"elementor-widget-container\">\n\t\t\t\t\t<h1 class=\"elementor-heading-title elementor-size-default\">\ud83d\udcecRegisztr\u00e1ci\u00f3 \u00e9s kapcsolatfelv\u00e9tel<\/h1>\t\t\t\t<\/div>\n\t\t\t\t<\/div>\n\t\t\t\t<div class=\"elementor-element elementor-element-7384670 de_scroll_animation_no elementor-widget elementor-widget-text-editor\" data-id=\"7384670\" data-element_type=\"widget\" data-e-type=\"widget\" data-widget_type=\"text-editor.default\">\n\t\t\t\t<div class=\"elementor-widget-container\">\n\t\t\t\t\t\t\t\t\t<p data-prosemirror-content-type=\"node\" data-prosemirror-node-name=\"paragraph\" data-prosemirror-node-block=\"true\" data-pm-slice=\"1 1 []\">Ha m\u00e1r elv\u00e9gezted a B2 szintet n\u00e1lunk \u2013 vagy jelenleg is azon a kurzuson veszel r\u00e9szt \u2013, itt jelentkezhetsz:<\/p><p data-prosemirror-content-type=\"node\" data-prosemirror-node-name=\"paragraph\" data-prosemirror-node-block=\"true\" data-pm-slice=\"1 1 []\">\ud83d\udcf1Viber \/ WhatsApp: +41 76 325 90 55\u00a0<\/p><p data-prosemirror-content-type=\"node\" data-prosemirror-node-name=\"paragraph\" data-prosemirror-node-block=\"true\" data-pm-slice=\"1 1 []\">\ud83d\udce7Email c\u00edm: <a href=\"mailto:zoran.golubovic@mystorezoki.org\" data-prosemirror-content-type=\"mark\" data-prosemirror-mark-name=\"link\">zoran.golubovic@mystorezoki.org<\/a><\/p>\t\t\t\t\t\t\t\t<\/div>\n\t\t\t\t<\/div>\n\t\t\t\t\t<\/div>\n\t\t<\/div>\n\t\t\t\t\t<\/div>\n\t\t<\/section>\n\t\t\t\t<section class=\"elementor-section elementor-top-section elementor-element elementor-element-abce49d elementor-section-boxed elementor-section-height-default elementor-section-height-default\" data-id=\"abce49d\" data-element_type=\"section\" data-e-type=\"section\">\n\t\t\t\t\t\t<div class=\"elementor-container elementor-column-gap-default\">\n\t\t\t\t\t<div class=\"elementor-column elementor-col-100 elementor-top-column elementor-element elementor-element-8867ee9\" data-id=\"8867ee9\" data-element_type=\"column\" data-e-type=\"column\">\n\t\t\t<div class=\"elementor-widget-wrap\">\n\t\t\t\t\t\t\t<\/div>\n\t\t<\/div>\n\t\t\t\t\t<\/div>\n\t\t<\/section>\n\t\t\t\t<\/div>","protected":false},"excerpt":{"rendered":"<p>Mystore Zoki praksa Za moje u\u010denike nakon zavr\u0161enog B2 kursa: Jedinstvena prilika da svakodnevno govorite nema\u010dki \u2013 i budete jo\u0161 pla\u0107eni za to. Ja i moj tim ne verujemo da se u\u010denje jezika zavr\u0161ava poslednjim \u010dasom kursa (srednjeg nivoa). Zapravo, tek tada po\u010dinje ono najva\u017enije \u2013\u00a0primena znanja u stvarnom poslovnom okru\u017eenju. Zato smo pokrenuli poseban [&hellip;]<\/p>\n","protected":false},"author":7,"featured_media":4146,"parent":0,"menu_order":0,"comment_status":"closed","ping_status":"closed","template":"","meta":{"ocean_post_layout":"","ocean_both_sidebars_style":"","ocean_both_sidebars_content_width":0,"ocean_both_sidebars_sidebars_width":0,"ocean_sidebar":"0","ocean_second_sidebar":"0","ocean_disable_margins":"enable","ocean_add_body_class":"","ocean_shortcode_before_top_bar":"","ocean_shortcode_after_top_bar":"","ocean_shortcode_before_header":"","ocean_shortcode_after_header":"","ocean_has_shortcode":"","ocean_shortcode_after_title":"","ocean_shortcode_before_footer_widgets":"","ocean_shortcode_after_footer_widgets":"","ocean_shortcode_before_footer_bottom":"","ocean_shortcode_after_footer_bottom":"","ocean_display_top_bar":"default","ocean_display_header":"default","ocean_header_style":"","ocean_center_header_left_menu":"0","ocean_custom_header_template":"0","ocean_custom_logo":0,"ocean_custom_retina_logo":0,"ocean_custom_logo_max_width":0,"ocean_custom_logo_tablet_max_width":0,"ocean_custom_logo_mobile_max_width":0,"ocean_custom_logo_max_height":0,"ocean_custom_logo_tablet_max_height":0,"ocean_custom_logo_mobile_max_height":0,"ocean_header_custom_menu":"0","ocean_menu_typo_font_family":"0","ocean_menu_typo_font_subset":"","ocean_menu_typo_font_size":0,"ocean_menu_typo_font_size_tablet":0,"ocean_menu_typo_font_size_mobile":0,"ocean_menu_typo_font_size_unit":"px","ocean_menu_typo_font_weight":"","ocean_menu_typo_font_weight_tablet":"","ocean_menu_typo_font_weight_mobile":"","ocean_menu_typo_transform":"","ocean_menu_typo_transform_tablet":"","ocean_menu_typo_transform_mobile":"","ocean_menu_typo_line_height":0,"ocean_menu_typo_line_height_tablet":0,"ocean_menu_typo_line_height_mobile":0,"ocean_menu_typo_line_height_unit":"","ocean_menu_typo_spacing":0,"ocean_menu_typo_spacing_tablet":0,"ocean_menu_typo_spacing_mobile":0,"ocean_menu_typo_spacing_unit":"","ocean_menu_link_color":"","ocean_menu_link_color_hover":"","ocean_menu_link_color_active":"","ocean_menu_link_background":"","ocean_menu_link_hover_background":"","ocean_menu_link_active_background":"","ocean_menu_social_links_bg":"","ocean_menu_social_hover_links_bg":"","ocean_menu_social_links_color":"","ocean_menu_social_hover_links_color":"","ocean_disable_title":"default","ocean_disable_heading":"default","ocean_post_title":"","ocean_post_subheading":"","ocean_post_title_style":"","ocean_post_title_background_color":"","ocean_post_title_background":0,"ocean_post_title_bg_image_position":"","ocean_post_title_bg_image_attachment":"","ocean_post_title_bg_image_repeat":"","ocean_post_title_bg_image_size":"","ocean_post_title_height":0,"ocean_post_title_bg_overlay":0.5,"ocean_post_title_bg_overlay_color":"","ocean_disable_breadcrumbs":"default","ocean_breadcrumbs_color":"","ocean_breadcrumbs_separator_color":"","ocean_breadcrumbs_links_color":"","ocean_breadcrumbs_links_hover_color":"","ocean_display_footer_widgets":"default","ocean_display_footer_bottom":"default","ocean_custom_footer_template":"0","footnotes":""},"class_list":["post-4125","page","type-page","status-publish","has-post-thumbnail","hentry","entry","has-media"],"_hostinger_reach_plugin_has_subscription_block":false,"_hostinger_reach_plugin_is_elementor":false,"_links":{"self":[{"href":"https:\/\/mystorezoki.org\/hu\/wp-json\/wp\/v2\/pages\/4125","targetHints":{"allow":["GET"]}}],"collection":[{"href":"https:\/\/mystorezoki.org\/hu\/wp-json\/wp\/v2\/pages"}],"about":[{"href":"https:\/\/mystorezoki.org\/hu\/wp-json\/wp\/v2\/types\/page"}],"author":[{"embeddable":true,"href":"https:\/\/mystorezoki.org\/hu\/wp-json\/wp\/v2\/users\/7"}],"replies":[{"embeddable":true,"href":"https:\/\/mystorezoki.org\/hu\/wp-json\/wp\/v2\/comments?post=4125"}],"version-history":[{"count":17,"href":"https:\/\/mystorezoki.org\/hu\/wp-json\/wp\/v2\/pages\/4125\/revisions"}],"predecessor-version":[{"id":4147,"href":"https:\/\/mystorezoki.org\/hu\/wp-json\/wp\/v2\/pages\/4125\/revisions\/4147"}],"wp:featuredmedia":[{"embeddable":true,"href":"https:\/\/mystorezoki.org\/hu\/wp-json\/wp\/v2\/media\/4146"}],"wp:attachment":[{"href":"https:\/\/mystorezoki.org\/hu\/wp-json\/wp\/v2\/media?parent=4125"}],"curies":[{"name":"munkaf\u00fczet","href":"https:\/\/api.w.org\/{rel}","templated":true}]}}