{"id":3161,"date":"2025-02-27T15:16:45","date_gmt":"2025-02-27T14:16:45","guid":{"rendered":"https:\/\/mystorezoki.org\/?page_id=3161"},"modified":"2025-12-12T18:03:02","modified_gmt":"2025-12-12T17:03:02","slug":"%ce%b7%ce%bc%ce%b5%cf%81%ce%bf%ce%bc%ce%b7%ce%bd%ce%af%ce%b5%cf%82-%ce%bc%ce%b1%ce%b8%ce%b7%ce%bc%ce%ac%cf%84%cf%89%ce%bd","status":"publish","type":"page","link":"https:\/\/mystorezoki.org\/el\/termini-kurseva\/","title":{"rendered":"\u03a0\u03c1\u03bf\u03c3\u03b5\u03c7\u03ae \u03b6\u03c9\u03bd\u03c4\u03b1\u03bd\u03ac \u03bc\u03b1\u03b8\u03ae\u03bc\u03b1\u03c4\u03b1 \u03b3\u03c1\u03b1\u03bc\u03bc\u03b1\u03c4\u03b9\u03ba\u03ae\u03c2: \u03a0\u03cc\u03c4\u03b5 \u03be\u03b5\u03ba\u03b9\u03bd\u03bf\u03cd\u03bd;"},"content":{"rendered":"<div data-elementor-type=\"wp-page\" data-elementor-id=\"3161\" class=\"elementor elementor-3161\" data-elementor-post-type=\"page\">\n\t\t\t\t\t\t<section class=\"elementor-section elementor-top-section elementor-element elementor-element-916e8a4 elementor-section-boxed elementor-section-height-default elementor-section-height-default\" data-id=\"916e8a4\" data-element_type=\"section\" data-e-type=\"section\" data-settings=\"{&quot;background_background&quot;:&quot;classic&quot;}\">\n\t\t\t\t\t\t\t<div class=\"elementor-background-overlay\"><\/div>\n\t\t\t\t\t\t\t<div class=\"elementor-container elementor-column-gap-wider\">\n\t\t\t\t\t<div class=\"elementor-column elementor-col-100 elementor-top-column elementor-element elementor-element-2280565\" data-id=\"2280565\" data-element_type=\"column\" data-e-type=\"column\">\n\t\t\t<div class=\"elementor-widget-wrap elementor-element-populated\">\n\t\t\t\t\t\t<div class=\"elementor-element elementor-element-8ec3fe7 de_scroll_animation_no elementor-invisible elementor-widget elementor-widget-heading\" data-id=\"8ec3fe7\" data-element_type=\"widget\" data-e-type=\"widget\" data-settings=\"{&quot;_animation&quot;:&quot;fadeIn&quot;}\" data-widget_type=\"heading.default\">\n\t\t\t\t<div class=\"elementor-widget-container\">\n\t\t\t\t\t<div class=\"elementor-heading-title elementor-size-default\">\u039e\u03b5\u03ba\u03b9\u03bd\u03ae\u03c3\u03c4\u03b5 \u03bd\u03b1 \u03bc\u03b1\u03b8\u03b1\u03af\u03bd\u03b5\u03c4\u03b5 \u03c4\u03ce\u03c1\u03b1<\/div>\t\t\t\t<\/div>\n\t\t\t\t<\/div>\n\t\t\t\t<div class=\"elementor-element elementor-element-2cfdb90 de_scroll_animation_no elementor-invisible elementor-widget elementor-widget-heading\" data-id=\"2cfdb90\" data-element_type=\"widget\" data-e-type=\"widget\" data-settings=\"{&quot;_animation&quot;:&quot;fadeInUp&quot;}\" data-widget_type=\"heading.default\">\n\t\t\t\t<div class=\"elementor-widget-container\">\n\t\t\t\t\t<div class=\"elementor-heading-title elementor-size-default\">\u03a0\u03bb\u03b7\u03c1\u03bf\u03c6\u03bf\u03c1\u03af\u03b5\u03c2 \u03b3\u03b9\u03b1 \u03c4\u03b7\u03bd \u03ad\u03bd\u03b1\u03c1\u03be\u03b7 \u03c4\u03c9\u03bd \u03b5\u03c0\u03cc\u03bc\u03b5\u03bd\u03c9\u03bd \u03bc\u03b1\u03b8\u03b7\u03bc\u03ac\u03c4\u03c9\u03bd \u03b3\u03c1\u03b1\u03bc\u03bc\u03b1\u03c4\u03b9\u03ba\u03ae\u03c2  <\/div>\t\t\t\t<\/div>\n\t\t\t\t<\/div>\n\t\t\t\t<div class=\"elementor-element elementor-element-bbd7863 de_scroll_animation_no elementor-invisible elementor-widget elementor-widget-heading\" data-id=\"bbd7863\" data-element_type=\"widget\" data-e-type=\"widget\" data-settings=\"{&quot;_animation&quot;:&quot;fadeInDown&quot;}\" data-widget_type=\"heading.default\">\n\t\t\t\t<div class=\"elementor-widget-container\">\n\t\t\t\t\t<h3 class=\"elementor-heading-title elementor-size-default\">\u039d\u03ad\u03b1 \u03b6\u03c9\u03bd\u03c4\u03b1\u03bd\u03ac \u03bc\u03b1\u03b8\u03ae\u03bc\u03b1\u03c4\u03b1 \u03b3\u03c1\u03b1\u03bc\u03bc\u03b1\u03c4\u03b9\u03ba\u03ae\u03c2 \u03c3\u03c4\u03b7\u03bd \u03c5\u03c0\u03b7\u03c1\u03b5\u03c3\u03af\u03b1 Premium Plus \u03be\u03b5\u03ba\u03b9\u03bd\u03bf\u03cd\u03bd \u03bc\u03cc\u03bb\u03b9\u03c2 \u03bb\u03ae\u03be\u03b5\u03b9 \u03b7 \u03c4\u03c1\u03ad\u03c7\u03bf\u03c5\u03c3\u03b1 \u03bf\u03bc\u03ac\u03b4\u03b1. \u03a0\u03c1\u03bf\u03ba\u03b5\u03b9\u03bc\u03ad\u03bd\u03bf\u03c5 \u03bd\u03b1 \u03b4\u03b9\u03b1\u03c3\u03c6\u03b1\u03bb\u03b9\u03c3\u03c4\u03b5\u03af \u03b7 \u03c0\u03bf\u03b9\u03bf\u03c4\u03b9\u03ba\u03ae \u03b4\u03b9\u03b4\u03b1\u03c3\u03ba\u03b1\u03bb\u03af\u03b1 \u03ba\u03b1\u03b9 \u03bf \u03ba\u03b1\u03c4\u03ac\u03bb\u03bb\u03b7\u03bb\u03bf\u03c2 \u03b1\u03c1\u03b9\u03b8\u03bc\u03cc\u03c2 \u03c3\u03c5\u03bc\u03bc\u03b5\u03c4\u03b5\u03c7\u03cc\u03bd\u03c4\u03c9\u03bd, \u03b1\u03bd\u03bf\u03af\u03b3\u03bf\u03c5\u03bd \u03bd\u03ad\u03b5\u03c2 \u03b7\u03bc\u03b5\u03c1\u03bf\u03bc\u03b7\u03bd\u03af\u03b5\u03c2 \u03bc\u03b5 \u03b2\u03ac\u03c3\u03b7 \u03c4\u03b7\u03bd \u03bf\u03bb\u03bf\u03ba\u03bb\u03ae\u03c1\u03c9\u03c3\u03b7 \u03c4\u03c9\u03bd \u03c4\u03c1\u03b5\u03c7\u03cc\u03bd\u03c4\u03c9\u03bd \u03bc\u03b1\u03b8\u03b7\u03bc\u03ac\u03c4\u03c9\u03bd. \u0391\u03ba\u03bf\u03bb\u03bf\u03c5\u03b8\u03ae\u03c3\u03c4\u03b5 \u03c4\u03b9\u03c2 \u03b7\u03bc\u03b5\u03c1\u03bf\u03bc\u03b7\u03bd\u03af\u03b5\u03c2 \u03ad\u03bd\u03b1\u03c1\u03be\u03b7\u03c2 \u03c3\u03b5 \u03b1\u03c5\u03c4\u03ae\u03bd \u03c4\u03b7 \u03c3\u03b5\u03bb\u03af\u03b4\u03b1 \u03ae \u03b5\u03b3\u03b3\u03c1\u03b1\u03c6\u03b5\u03af\u03c4\u03b5 \u03b3\u03b9\u03b1 \u03bd\u03b1 \u03b5\u03b9\u03b4\u03bf\u03c0\u03bf\u03b9\u03b5\u03af\u03c3\u03c4\u03b5 \u03b3\u03b9\u03b1 \u03bd\u03ad\u03b5\u03c2 \u03b7\u03bc\u03b5\u03c1\u03bf\u03bc\u03b7\u03bd\u03af\u03b5\u03c2.\n\n<\/h3>\t\t\t\t<\/div>\n\t\t\t\t<\/div>\n\t\t\t\t\t<\/div>\n\t\t<\/div>\n\t\t\t\t\t<\/div>\n\t\t<\/section>\n\t\t\t\t<section class=\"elementor-section elementor-top-section elementor-element elementor-element-dc43e08 elementor-section-boxed elementor-section-height-default elementor-section-height-default\" data-id=\"dc43e08\" data-element_type=\"section\" data-e-type=\"section\">\n\t\t\t\t\t\t<div class=\"elementor-container elementor-column-gap-default\">\n\t\t\t\t\t<div class=\"elementor-column elementor-col-100 elementor-top-column elementor-element elementor-element-17339fd\" data-id=\"17339fd\" data-element_type=\"column\" data-e-type=\"column\">\n\t\t\t<div class=\"elementor-widget-wrap elementor-element-populated\">\n\t\t\t\t\t\t<div class=\"elementor-element elementor-element-8ec5bc7 de_scroll_animation_no elementor-widget elementor-widget-html\" data-id=\"8ec5bc7\" data-element_type=\"widget\" data-e-type=\"widget\" data-widget_type=\"html.default\">\n\t\t\t\t<div class=\"elementor-widget-container\">\n\t\t\t\t\t<table border=\"1\" style=\"width:100%; border-collapse: collapse; text-align: left;\">\r\n  <tr>\r\n    <th style=\"padding: 8px; background-color: #f2f2f2;\">\u0395\u03c0\u03af\u03c0\u03b5\u03b4\u03bf<\/th>\r\n    <th style=\"padding: 8px; background-color: #f2f2f2;\">\u039a\u03b1\u03c4\u03ac \u03c0\u03c1\u03bf\u03c3\u03ad\u03b3\u03b3\u03b9\u03c3\u03b7 \u03b7\u03bc\u03b5\u03c1\u03bf\u03bc\u03b7\u03bd\u03af\u03b1<\/th>\r\n  <\/tr>\r\n \r\n  <tr>\r\n    <td style=\"padding: 8px;\">\u03911.1<\/td>\r\n    <td style=\"padding: 8px;\">20:30 - 22:00 (\u03a4\u03c1\u03af\u03c4\u03b7 \u03ba\u03b1\u03b9 \u03a0\u03ad\u03bc\u03c0\u03c4\u03b7) - 01.03.2026.<\/td>\r\n  <\/tr>\r\n  <tr>\r\n    <td style=\"padding: 8px;\">\u03911.2<\/td>\r\n    <td style=\"padding: 8px;\">18:15 - 19:30 (\u0394\u03b5\u03c5\u03c4\u03ad\u03c1\u03b1, \u03a4\u03b5\u03c4\u03ac\u03c1\u03c4\u03b7, \u03a0\u03b1\u03c1\u03b1\u03c3\u03ba\u03b5\u03c5\u03ae) - 01.03.2026.<\/td>\r\n  <\/tr>\r\n  <tr>\r\n    <td style=\"padding: 8px;\">\u03911.3<\/td>\r\n    <td style=\"padding: 8px;\">17:00 - 18:30 (\u03a4\u03c1\u03af\u03c4\u03b7 \u03ba\u03b1\u03b9 \u03a0\u03ad\u03bc\u03c0\u03c4\u03b7) - 13.01.2026.<\/td>\r\n  <\/tr>\r\n  <tr>\r\n    <td style=\"padding: 8px;\">\u03912.1<\/td>\r\n    <td style=\"padding: 8px;\">17:00 - 18:30 (\u03a4\u03c1\u03af\u03c4\u03b7 \u03ba\u03b1\u03b9 \u03a0\u03ad\u03bc\u03c0\u03c4\u03b7) - 13.06.2026.<\/td>\r\n  <\/tr>\r\n  <tr>\r\n    <td style=\"padding: 8px;\">A2.2<\/td>\r\n    <td style=\"padding: 8px;\">19:45 - 20:45 (\u0394\u03b5\u03c5\u03c4\u03ad\u03c1\u03b1, \u03a4\u03b5\u03c4\u03ac\u03c1\u03c4\u03b7, \u03a0\u03b1\u03c1\u03b1\u03c3\u03ba\u03b5\u03c5\u03ae) - 01.04.2026.<\/td>\r\n  <\/tr>\r\n  <tr>\r\n    <td style=\"padding: 8px;\">\u03921.1<\/td>\r\n    <td style=\"padding: 8px;\">19:45 - 20:45 (\u0394\u03b5\u03c5\u03c4\u03ad\u03c1\u03b1, \u03a4\u03b5\u03c4\u03ac\u03c1\u03c4\u03b7, \u03a0\u03b1\u03c1\u03b1\u03c3\u03ba\u03b5\u03c5\u03ae) - 01.09.2026.<\/td>\r\n  <\/tr>\r\n  <tr>\r\n    <td style=\"padding: 8px;\">\u03921.2<\/td>\r\n    <td style=\"padding: 8px;\">17:00 - 18:00 (\u0394\u03b5\u03c5\u03c4\u03ad\u03c1\u03b1, \u03a4\u03b5\u03c4\u03ac\u03c1\u03c4\u03b7, \u03a0\u03b1\u03c1\u03b1\u03c3\u03ba\u03b5\u03c5\u03ae) - 28.03.2026.<\/td>\r\n  <\/tr>\r\n   <tr>\r\n    <td style=\"padding: 8px;\">\u03931<\/td>\r\n    <td style=\"padding: 8px;\">19:00 - 20:30 (\u03a4\u03c1\u03af\u03c4\u03b7 \u03ba\u03b1\u03b9 \u03a0\u03ad\u03bc\u03c0\u03c4\u03b7) - 29.03.2026<\/td>\r\n  <\/tr>\r\n<\/table>\r\n\t\t\t\t<\/div>\n\t\t\t\t<\/div>\n\t\t\t\t<div class=\"elementor-element elementor-element-c04ceaf de_scroll_animation_no elementor-widget elementor-widget-button\" data-id=\"c04ceaf\" data-element_type=\"widget\" data-e-type=\"widget\" data-widget_type=\"button.default\">\n\t\t\t\t<div class=\"elementor-widget-container\">\n\t\t\t\t\t\t\t\t\t<div class=\"elementor-button-wrapper\">\n\t\t\t\t\t<a class=\"elementor-button elementor-button-link elementor-size-sm\" href=\"https:\/\/docs.google.com\/spreadsheets\/d\/1wItnry5CJ3Gxse4-P7OnsKDO8CO7U-3riGcoDbasM30\/edit?gid=31874157#gid=31874157\" rel=\"nofollow noopener\" target=\"_blank\">\n\t\t\t\t\t\t<span class=\"elementor-button-content-wrapper\">\n\t\t\t\t\t\t\t\t\t<span class=\"elementor-button-text\">\u0394\u03b5\u03af\u03c4\u03b5 \u03c0\u03cc\u03c3\u03bf \u03bc\u03b1\u03ba\u03c1\u03b9\u03ac \u03ad\u03c7\u03bf\u03c5\u03bd \u03c6\u03c4\u03ac\u03c3\u03b5\u03b9 \u03bf\u03b9 \u03c4\u03c1\u03ad\u03c7\u03bf\u03c5\u03c3\u03b5\u03c2 \u03bf\u03bc\u03ac\u03b4\u03b5\u03c2 &gt;<\/span>\n\t\t\t\t\t<\/span>\n\t\t\t\t\t<\/a>\n\t\t\t\t<\/div>\n\t\t\t\t\t\t\t\t<\/div>\n\t\t\t\t<\/div>\n\t\t\t\t\t<\/div>\n\t\t<\/div>\n\t\t\t\t\t<\/div>\n\t\t<\/section>\n\t\t\t\t<section class=\"elementor-section elementor-top-section elementor-element elementor-element-209039a elementor-section-boxed elementor-section-height-default elementor-section-height-default\" data-id=\"209039a\" data-element_type=\"section\" data-e-type=\"section\" data-settings=\"{&quot;background_background&quot;:&quot;classic&quot;}\">\n\t\t\t\t\t\t\t<div class=\"elementor-background-overlay\"><\/div>\n\t\t\t\t\t\t\t<div class=\"elementor-container elementor-column-gap-wider\">\n\t\t\t\t\t<div class=\"elementor-column elementor-col-100 elementor-top-column elementor-element elementor-element-8492492\" data-id=\"8492492\" data-element_type=\"column\" data-e-type=\"column\">\n\t\t\t<div class=\"elementor-widget-wrap elementor-element-populated\">\n\t\t\t\t\t\t<div class=\"elementor-element elementor-element-c8034cd de_scroll_animation_no elementor-invisible elementor-widget elementor-widget-heading\" data-id=\"c8034cd\" data-element_type=\"widget\" data-e-type=\"widget\" data-settings=\"{&quot;_animation&quot;:&quot;fadeIn&quot;}\" data-widget_type=\"heading.default\">\n\t\t\t\t<div class=\"elementor-widget-container\">\n\t\t\t\t\t<div class=\"elementor-heading-title elementor-size-default\">\u0395\u03b3\u03b3\u03c1\u03b1\u03c6\u03b5\u03af\u03c4\u03b5<\/div>\t\t\t\t<\/div>\n\t\t\t\t<\/div>\n\t\t\t\t<div class=\"elementor-element elementor-element-4bb1031 de_scroll_animation_no elementor-invisible elementor-widget elementor-widget-heading\" data-id=\"4bb1031\" data-element_type=\"widget\" data-e-type=\"widget\" data-settings=\"{&quot;_animation&quot;:&quot;fadeInDown&quot;}\" data-widget_type=\"heading.default\">\n\t\t\t\t<div class=\"elementor-widget-container\">\n\t\t\t\t\t<h3 class=\"elementor-heading-title elementor-size-default\">\u0395\u03b3\u03b3\u03c1\u03b1\u03c6\u03b5\u03af\u03c4\u03b5 \u03c4\u03ce\u03c1\u03b1 \u03ba\u03b1\u03b9 \u03b5\u03c4\u03bf\u03b9\u03bc\u03b1\u03c3\u03c4\u03b5\u03af\u03c4\u03b5 \u03b3\u03b9\u03b1 \u03c4\u03bf \u03b5\u03c0\u03cc\u03bc\u03b5\u03bd\u03bf \u03bc\u03ac\u03b8\u03b7\u03bc\u03b1.<\/h3>\t\t\t\t<\/div>\n\t\t\t\t<\/div>\n\t\t\t\t<div class=\"elementor-element elementor-element-ddc165f elementor-align-center de_scroll_animation_no elementor-widget elementor-widget-button\" data-id=\"ddc165f\" data-element_type=\"widget\" data-e-type=\"widget\" data-widget_type=\"button.default\">\n\t\t\t\t<div class=\"elementor-widget-container\">\n\t\t\t\t\t\t\t\t\t<div class=\"elementor-button-wrapper\">\n\t\t\t\t\t<a class=\"elementor-button elementor-button-link elementor-size-sm\" href=\"https:\/\/www.emailmeform.com\/builder\/form\/ac6c915e0ofbd9gq9tO\" target=\"_blank\" rel=\"nofollow noopener\">\n\t\t\t\t\t\t<span class=\"elementor-button-content-wrapper\">\n\t\t\t\t\t\t\t\t\t<span class=\"elementor-button-text\">\u0395\u03b3\u03b3\u03c1\u03b1\u03c6\u03b5\u03af\u03c4\u03b5<\/span>\n\t\t\t\t\t<\/span>\n\t\t\t\t\t<\/a>\n\t\t\t\t<\/div>\n\t\t\t\t\t\t\t\t<\/div>\n\t\t\t\t<\/div>\n\t\t\t\t<div class=\"elementor-element elementor-element-0e893e8 de_scroll_animation_no elementor-invisible elementor-widget elementor-widget-heading\" data-id=\"0e893e8\" data-element_type=\"widget\" data-e-type=\"widget\" data-settings=\"{&quot;_animation&quot;:&quot;fadeInUp&quot;}\" data-widget_type=\"heading.default\">\n\t\t\t\t<div class=\"elementor-widget-container\">\n\t\t\t\t\t<div class=\"elementor-heading-title elementor-size-default\">\u0393\u03b9\u03b1 \u03c0\u03b5\u03c1\u03b1\u03b9\u03c4\u03ad\u03c1\u03c9 \u03b5\u03c1\u03c9\u03c4\u03ae\u03c3\u03b5\u03b9\u03c2 Viber\/Whats App 0041 76 325 90 55<\/div>\t\t\t\t<\/div>\n\t\t\t\t<\/div>\n\t\t\t\t\t<\/div>\n\t\t<\/div>\n\t\t\t\t\t<\/div>\n\t\t<\/section>\n\t\t\t\t<\/div>","protected":false},"excerpt":{"rendered":"<p>Zapo\u010dnite u\u010denje odmah Informacije o po\u010detku narednih kurseva gramatike Novi kursevi gramatike u\u017eivo u okviru Premium Plus servisa po\u010dinju \u010dim se zavr\u0161i aktuelna grupa. Kako bismo obezbedili kvalitetnu nastavu i odgovaraju\u0107i broj polaznika, novi termini se otvaraju na osnovu zavr\u0161etka trenutnih kurseva. Pratite datume po\u010detka na ovoj stranici ili se prijavite za obave\u0161tenje o novim [&hellip;]<\/p>\n","protected":false},"author":4,"featured_media":2464,"parent":0,"menu_order":0,"comment_status":"closed","ping_status":"closed","template":"","meta":{"ocean_post_layout":"","ocean_both_sidebars_style":"","ocean_both_sidebars_content_width":0,"ocean_both_sidebars_sidebars_width":0,"ocean_sidebar":"0","ocean_second_sidebar":"0","ocean_disable_margins":"enable","ocean_add_body_class":"","ocean_shortcode_before_top_bar":"","ocean_shortcode_after_top_bar":"","ocean_shortcode_before_header":"","ocean_shortcode_after_header":"","ocean_has_shortcode":"","ocean_shortcode_after_title":"","ocean_shortcode_before_footer_widgets":"","ocean_shortcode_after_footer_widgets":"","ocean_shortcode_before_footer_bottom":"","ocean_shortcode_after_footer_bottom":"","ocean_display_top_bar":"default","ocean_display_header":"default","ocean_header_style":"","ocean_center_header_left_menu":"0","ocean_custom_header_template":"0","ocean_custom_logo":0,"ocean_custom_retina_logo":0,"ocean_custom_logo_max_width":0,"ocean_custom_logo_tablet_max_width":0,"ocean_custom_logo_mobile_max_width":0,"ocean_custom_logo_max_height":0,"ocean_custom_logo_tablet_max_height":0,"ocean_custom_logo_mobile_max_height":0,"ocean_header_custom_menu":"0","ocean_menu_typo_font_family":"0","ocean_menu_typo_font_subset":"","ocean_menu_typo_font_size":0,"ocean_menu_typo_font_size_tablet":0,"ocean_menu_typo_font_size_mobile":0,"ocean_menu_typo_font_size_unit":"px","ocean_menu_typo_font_weight":"","ocean_menu_typo_font_weight_tablet":"","ocean_menu_typo_font_weight_mobile":"","ocean_menu_typo_transform":"","ocean_menu_typo_transform_tablet":"","ocean_menu_typo_transform_mobile":"","ocean_menu_typo_line_height":0,"ocean_menu_typo_line_height_tablet":0,"ocean_menu_typo_line_height_mobile":0,"ocean_menu_typo_line_height_unit":"","ocean_menu_typo_spacing":0,"ocean_menu_typo_spacing_tablet":0,"ocean_menu_typo_spacing_mobile":0,"ocean_menu_typo_spacing_unit":"","ocean_menu_link_color":"","ocean_menu_link_color_hover":"","ocean_menu_link_color_active":"","ocean_menu_link_background":"","ocean_menu_link_hover_background":"","ocean_menu_link_active_background":"","ocean_menu_social_links_bg":"","ocean_menu_social_hover_links_bg":"","ocean_menu_social_links_color":"","ocean_menu_social_hover_links_color":"","ocean_disable_title":"default","ocean_disable_heading":"default","ocean_post_title":"","ocean_post_subheading":"","ocean_post_title_style":"","ocean_post_title_background_color":"","ocean_post_title_background":0,"ocean_post_title_bg_image_position":"","ocean_post_title_bg_image_attachment":"","ocean_post_title_bg_image_repeat":"","ocean_post_title_bg_image_size":"","ocean_post_title_height":0,"ocean_post_title_bg_overlay":0.5,"ocean_post_title_bg_overlay_color":"","ocean_disable_breadcrumbs":"default","ocean_breadcrumbs_color":"","ocean_breadcrumbs_separator_color":"","ocean_breadcrumbs_links_color":"","ocean_breadcrumbs_links_hover_color":"","ocean_display_footer_widgets":"default","ocean_display_footer_bottom":"default","ocean_custom_footer_template":"0","footnotes":""},"class_list":["post-3161","page","type-page","status-publish","has-post-thumbnail","hentry","entry","has-media"],"_hostinger_reach_plugin_has_subscription_block":false,"_hostinger_reach_plugin_is_elementor":false,"_links":{"self":[{"href":"https:\/\/mystorezoki.org\/el\/wp-json\/wp\/v2\/pages\/3161","targetHints":{"allow":["GET"]}}],"collection":[{"href":"https:\/\/mystorezoki.org\/el\/wp-json\/wp\/v2\/pages"}],"about":[{"href":"https:\/\/mystorezoki.org\/el\/wp-json\/wp\/v2\/types\/page"}],"author":[{"embeddable":true,"href":"https:\/\/mystorezoki.org\/el\/wp-json\/wp\/v2\/users\/4"}],"replies":[{"embeddable":true,"href":"https:\/\/mystorezoki.org\/el\/wp-json\/wp\/v2\/comments?post=3161"}],"version-history":[{"count":51,"href":"https:\/\/mystorezoki.org\/el\/wp-json\/wp\/v2\/pages\/3161\/revisions"}],"predecessor-version":[{"id":4616,"href":"https:\/\/mystorezoki.org\/el\/wp-json\/wp\/v2\/pages\/3161\/revisions\/4616"}],"wp:featuredmedia":[{"embeddable":true,"href":"https:\/\/mystorezoki.org\/el\/wp-json\/wp\/v2\/media\/2464"}],"wp:attachment":[{"href":"https:\/\/mystorezoki.org\/el\/wp-json\/wp\/v2\/media?parent=3161"}],"curies":[{"name":"\u03b5\u03c1\u03b3\u03b1\u03c3\u03af\u03b1","href":"https:\/\/api.w.org\/{rel}","templated":true}]}}