{"id":2986,"date":"2025-01-13T11:05:09","date_gmt":"2025-01-13T10:05:09","guid":{"rendered":"https:\/\/mystorezoki.org\/?page_id=2986"},"modified":"2025-05-22T09:42:12","modified_gmt":"2025-05-22T08:42:12","slug":"smartdeutschkurs-fernkurs-der-deutschen-sprache","status":"publish","type":"page","link":"https:\/\/mystorezoki.org\/de\/smartdeutschkurs-dopisni-kurs-nemackog-jezika\/","title":{"rendered":"Smartdeutschkurs \u2013 Fernkurs Deutsch"},"content":{"rendered":"<div data-elementor-type=\"wp-page\" data-elementor-id=\"2986\" class=\"elementor elementor-2986\" data-elementor-post-type=\"page\">\n\t\t\t\t\t\t<section class=\"elementor-section elementor-top-section elementor-element elementor-element-9a36add elementor-section-full_width elementor-section-height-default elementor-section-height-default\" data-id=\"9a36add\" data-element_type=\"section\" data-e-type=\"section\">\n\t\t\t\t\t\t<div class=\"elementor-container elementor-column-gap-no\">\n\t\t\t\t\t<div class=\"elementor-column elementor-col-100 elementor-top-column elementor-element elementor-element-168d724\" data-id=\"168d724\" data-element_type=\"column\" data-e-type=\"column\">\n\t\t\t<div class=\"elementor-widget-wrap elementor-element-populated\">\n\t\t\t\t\t\t<div class=\"elementor-element elementor-element-e74b6ad de_scroll_animation_no elementor-widget elementor-widget-template\" data-id=\"e74b6ad\" data-element_type=\"widget\" data-e-type=\"widget\" data-widget_type=\"template.default\">\n\t\t\t\t<div class=\"elementor-widget-container\">\n\t\t\t\t\t\t\t<div class=\"elementor-template\">\n\t\t\t\t\t<div data-elementor-type=\"section\" data-elementor-id=\"526\" class=\"elementor elementor-526\" data-elementor-post-type=\"elementor_library\">\n\t\t\t\t\t<section class=\"elementor-section elementor-top-section elementor-element elementor-element-79e9f95 elementor-section-height-min-height elementor-section-boxed elementor-section-height-default elementor-section-items-middle\" data-id=\"79e9f95\" data-element_type=\"section\" data-e-type=\"section\" data-settings=\"{&quot;background_background&quot;:&quot;classic&quot;}\">\n\t\t\t\t\t\t\t<div class=\"elementor-background-overlay\"><\/div>\n\t\t\t\t\t\t\t<div class=\"elementor-container elementor-column-gap-wider\">\n\t\t\t\t\t<div class=\"elementor-column elementor-col-100 elementor-top-column elementor-element elementor-element-cb2785a\" data-id=\"cb2785a\" data-element_type=\"column\" data-e-type=\"column\">\n\t\t\t<div class=\"elementor-widget-wrap elementor-element-populated\">\n\t\t\t\t\t\t<div class=\"elementor-element elementor-element-eb5d6cb elementor-widget__width-auto de_scroll_animation_no elementor-widget elementor-widget-de-breadcrumb\" data-id=\"eb5d6cb\" data-element_type=\"widget\" data-e-type=\"widget\" data-widget_type=\"de-breadcrumb.default\">\n\t\t\t\t<div class=\"elementor-widget-container\">\n\t\t\t\t\t\t\t\t<div class=\"breadcrumbs\">\n\t\t\t\t<a href=\"https:\/\/mystorezoki.org\/de\" rel=\"nofollow\">Heim<\/a>\t\t\t<\/div>\n\t\t\t\t\t\t<\/div>\n\t\t\t\t<\/div>\n\t\t\t\t<div class=\"elementor-element elementor-element-98e5277 de_scroll_animation_no elementor-widget elementor-widget-dt-post-title\" data-id=\"98e5277\" data-element_type=\"widget\" data-e-type=\"widget\" data-widget_type=\"dt-post-title.default\">\n\t\t\t\t<div class=\"elementor-widget-container\">\n\t\t\t\t\t<h2 class=\"dt-post-title\">Smartdeutschkurs \u2013 Fernkurs Deutsch<\/h2>\t\t\t\t<\/div>\n\t\t\t\t<\/div>\n\t\t\t\t\t<\/div>\n\t\t<\/div>\n\t\t\t\t\t<\/div>\n\t\t<\/section>\n\t\t\t\t<\/div>\n\t\t\t\t<\/div>\n\t\t\t\t\t\t<\/div>\n\t\t\t\t<\/div>\n\t\t\t\t\t<\/div>\n\t\t<\/div>\n\t\t\t\t\t<\/div>\n\t\t<\/section>\n\t\t\t\t<section class=\"elementor-section elementor-top-section elementor-element elementor-element-159fab6 elementor-section-boxed elementor-section-height-default elementor-section-height-default\" data-id=\"159fab6\" data-element_type=\"section\" data-e-type=\"section\">\n\t\t\t\t\t\t<div class=\"elementor-container elementor-column-gap-default\">\n\t\t\t\t\t<div class=\"elementor-column elementor-col-100 elementor-top-column elementor-element elementor-element-2e02b2f\" data-id=\"2e02b2f\" data-element_type=\"column\" data-e-type=\"column\">\n\t\t\t<div class=\"elementor-widget-wrap elementor-element-populated\">\n\t\t\t\t\t\t<div class=\"elementor-element elementor-element-611f26b de_scroll_animation_no elementor-invisible elementor-widget elementor-widget-heading\" data-id=\"611f26b\" data-element_type=\"widget\" data-e-type=\"widget\" data-settings=\"{&quot;_animation&quot;:&quot;fadeIn&quot;}\" data-widget_type=\"heading.default\">\n\t\t\t\t<div class=\"elementor-widget-container\">\n\t\t\t\t\t<div class=\"elementor-heading-title elementor-size-default\">Mystore Zoki<\/div>\t\t\t\t<\/div>\n\t\t\t\t<\/div>\n\t\t\t\t<div class=\"elementor-element elementor-element-23fa391 de_scroll_animation_no elementor-invisible elementor-widget elementor-widget-heading\" data-id=\"23fa391\" data-element_type=\"widget\" data-e-type=\"widget\" data-settings=\"{&quot;_animation&quot;:&quot;fadeInUp&quot;}\" data-widget_type=\"heading.default\">\n\t\t\t\t<div class=\"elementor-widget-container\">\n\t\t\t\t\t<div class=\"elementor-heading-title elementor-size-default\">Smarter Deutschkurs<\/div>\t\t\t\t<\/div>\n\t\t\t\t<\/div>\n\t\t\t\t<div class=\"elementor-element elementor-element-e819dd7 de_scroll_animation_no elementor-invisible elementor-widget elementor-widget-heading\" data-id=\"e819dd7\" data-element_type=\"widget\" data-e-type=\"widget\" data-settings=\"{&quot;_animation&quot;:&quot;fadeInRight&quot;}\" data-widget_type=\"heading.default\">\n\t\t\t\t<div class=\"elementor-widget-container\">\n\t\t\t\t\t<h1 class=\"elementor-heading-title elementor-size-default\">Deutsch-Fernkurs \u2013 Lernen Sie in Ihrem eigenen Tempo<\/h1>\t\t\t\t<\/div>\n\t\t\t\t<\/div>\n\t\t\t\t\t<\/div>\n\t\t<\/div>\n\t\t\t\t\t<\/div>\n\t\t<\/section>\n\t\t\t\t<section class=\"elementor-section elementor-top-section elementor-element elementor-element-ac5318c elementor-section-boxed elementor-section-height-default elementor-section-height-default\" data-id=\"ac5318c\" data-element_type=\"section\" data-e-type=\"section\">\n\t\t\t\t\t\t<div class=\"elementor-container elementor-column-gap-default\">\n\t\t\t\t\t<div class=\"elementor-column elementor-col-100 elementor-top-column elementor-element elementor-element-ef989ab\" data-id=\"ef989ab\" data-element_type=\"column\" data-e-type=\"column\">\n\t\t\t<div class=\"elementor-widget-wrap elementor-element-populated\">\n\t\t\t\t\t\t<div class=\"elementor-element elementor-element-95d127a de_scroll_animation_no elementor-widget elementor-widget-text-editor\" data-id=\"95d127a\" data-element_type=\"widget\" data-e-type=\"widget\" data-widget_type=\"text-editor.default\">\n\t\t\t\t<div class=\"elementor-widget-container\">\n\t\t\t\t\t\t\t\t\t<p>Unser\u00a0<em>Smarter Deutschkurs<\/em>\u00a0Ein Fernkurs ist der perfekte Weg, die deutsche Sprache gr\u00fcndlich und detailliert zu beherrschen, mit voller Flexibilit\u00e4t und Unterst\u00fctzung durch unsere erfahrenen Lehrer. Dieser Kurs ist f\u00fcr diejenigen gedacht, die in ihrem eigenen Tempo und in ihrer eigenen Sprache lernen m\u00f6chten, ohne pers\u00f6nlich am Unterricht teilnehmen zu m\u00fcssen.<\/p><p>Der Fernkurs ist in 26 Sprachen verf\u00fcgbar, darunter Serbokroatisch, Englisch, Spanisch, Franz\u00f6sisch und viele andere. Dies bedeutet, dass Sie mit Ihrem Lehrer in Ihrer Muttersprache kommunizieren k\u00f6nnen, was das Verst\u00e4ndnis und den Erwerb neuer F\u00e4higkeiten erleichtert. Der Kurs ist an alle Niveaus angepasst \u2013 vom Anf\u00e4nger bis zum Fortgeschrittenen.<\/p>\t\t\t\t\t\t\t\t<\/div>\n\t\t\t\t<\/div>\n\t\t\t\t\t<\/div>\n\t\t<\/div>\n\t\t\t\t\t<\/div>\n\t\t<\/section>\n\t\t\t\t<section class=\"elementor-section elementor-top-section elementor-element elementor-element-28a2bd9 elementor-section-boxed elementor-section-height-default elementor-section-height-default\" data-id=\"28a2bd9\" data-element_type=\"section\" data-e-type=\"section\" data-settings=\"{&quot;background_background&quot;:&quot;classic&quot;}\">\n\t\t\t\t\t\t\t<div class=\"elementor-background-overlay\"><\/div>\n\t\t\t\t\t\t\t<div class=\"elementor-container elementor-column-gap-wider\">\n\t\t\t\t\t<div class=\"elementor-column elementor-col-100 elementor-top-column elementor-element elementor-element-c5bbfce\" data-id=\"c5bbfce\" data-element_type=\"column\" data-e-type=\"column\">\n\t\t\t<div class=\"elementor-widget-wrap elementor-element-populated\">\n\t\t\t\t\t\t<div class=\"elementor-element elementor-element-e784d01 de_scroll_animation_no elementor-invisible elementor-widget elementor-widget-heading\" data-id=\"e784d01\" data-element_type=\"widget\" data-e-type=\"widget\" data-settings=\"{&quot;_animation&quot;:&quot;fadeInLeft&quot;}\" data-widget_type=\"heading.default\">\n\t\t\t\t<div class=\"elementor-widget-container\">\n\t\t\t\t\t<h3 class=\"elementor-heading-title elementor-size-default\">Wie funktioniert der Kurs?<\/h3>\t\t\t\t<\/div>\n\t\t\t\t<\/div>\n\t\t\t\t<div class=\"elementor-element elementor-element-9c61ad7 de_scroll_animation_no elementor-widget elementor-widget-text-editor\" data-id=\"9c61ad7\" data-element_type=\"widget\" data-e-type=\"widget\" data-widget_type=\"text-editor.default\">\n\t\t\t\t<div class=\"elementor-widget-container\">\n\t\t\t\t\t\t\t\t\t<p>Nachdem Sie die Lernmaterialien erhalten haben, bearbeiten Sie die Aufgaben in Ihrem eigenen Tempo. Sie reichen die Aufgaben bei Ihrem Lehrer ein, der Ihnen innerhalb von 24 bis 48 Stunden eine R\u00fcckmeldung gibt. Bei dieser Vorgehensweise erhalten Sie Privatunterricht ohne Begrenzung der Anzahl der Aufgaben, die Sie pro Monat einreichen k\u00f6nnen. Das bedeutet, dass Sie so viel lernen k\u00f6nnen, wie Sie m\u00f6chten und wann Sie m\u00f6chten.<\/p>\t\t\t\t\t\t\t\t<\/div>\n\t\t\t\t<\/div>\n\t\t\t\t\t<\/div>\n\t\t<\/div>\n\t\t\t\t\t<\/div>\n\t\t<\/section>\n\t\t\t\t<section class=\"elementor-section elementor-top-section elementor-element elementor-element-dfa8471 elementor-section-boxed elementor-section-height-default elementor-section-height-default\" data-id=\"dfa8471\" data-element_type=\"section\" data-e-type=\"section\">\n\t\t\t\t\t\t<div class=\"elementor-container elementor-column-gap-default\">\n\t\t\t\t\t<div class=\"elementor-column elementor-col-100 elementor-top-column elementor-element elementor-element-b4ca8f6\" data-id=\"b4ca8f6\" data-element_type=\"column\" data-e-type=\"column\">\n\t\t\t<div class=\"elementor-widget-wrap elementor-element-populated\">\n\t\t\t\t\t\t<div class=\"elementor-element elementor-element-76588e3 de_scroll_animation_no elementor-invisible elementor-widget elementor-widget-heading\" data-id=\"76588e3\" data-element_type=\"widget\" data-e-type=\"widget\" data-settings=\"{&quot;_animation&quot;:&quot;fadeIn&quot;}\" data-widget_type=\"heading.default\">\n\t\t\t\t<div class=\"elementor-widget-container\">\n\t\t\t\t\t<div class=\"elementor-heading-title elementor-size-default\">Mystore Zoki<\/div>\t\t\t\t<\/div>\n\t\t\t\t<\/div>\n\t\t\t\t<div class=\"elementor-element elementor-element-9c67c2b de_scroll_animation_no elementor-invisible elementor-widget elementor-widget-heading\" data-id=\"9c67c2b\" data-element_type=\"widget\" data-e-type=\"widget\" data-settings=\"{&quot;_animation&quot;:&quot;fadeInUp&quot;}\" data-widget_type=\"heading.default\">\n\t\t\t\t<div class=\"elementor-widget-container\">\n\t\t\t\t\t<div class=\"elementor-heading-title elementor-size-default\">Smarter Deutschkurs<\/div>\t\t\t\t<\/div>\n\t\t\t\t<\/div>\n\t\t\t\t<div class=\"elementor-element elementor-element-4e717f4 de_scroll_animation_no elementor-invisible elementor-widget elementor-widget-heading\" data-id=\"4e717f4\" data-element_type=\"widget\" data-e-type=\"widget\" data-settings=\"{&quot;_animation&quot;:&quot;fadeInRight&quot;}\" data-widget_type=\"heading.default\">\n\t\t\t\t<div class=\"elementor-widget-container\">\n\t\t\t\t\t<h1 class=\"elementor-heading-title elementor-size-default\">Flexibilit\u00e4t und Privatunterricht<\/h1>\t\t\t\t<\/div>\n\t\t\t\t<\/div>\n\t\t\t\t\t<\/div>\n\t\t<\/div>\n\t\t\t\t\t<\/div>\n\t\t<\/section>\n\t\t\t\t<section class=\"elementor-section elementor-top-section elementor-element elementor-element-8879a40 elementor-section-boxed elementor-section-height-default elementor-section-height-default\" data-id=\"8879a40\" data-element_type=\"section\" data-e-type=\"section\">\n\t\t\t\t\t\t<div class=\"elementor-container elementor-column-gap-default\">\n\t\t\t\t\t<div class=\"elementor-column elementor-col-100 elementor-top-column elementor-element elementor-element-711f5e7\" data-id=\"711f5e7\" data-element_type=\"column\" data-e-type=\"column\">\n\t\t\t<div class=\"elementor-widget-wrap elementor-element-populated\">\n\t\t\t\t\t\t<div class=\"elementor-element elementor-element-5bf65b4 de_scroll_animation_no elementor-widget elementor-widget-text-editor\" data-id=\"5bf65b4\" data-element_type=\"widget\" data-e-type=\"widget\" data-widget_type=\"text-editor.default\">\n\t\t\t\t<div class=\"elementor-widget-container\">\n\t\t\t\t\t\t\t\t\t<p>Dieser Kurs erm\u00f6glicht Ihnen, zu einem f\u00fcr Sie passenden Zeitpunkt zu lernen, unabh\u00e4ngig davon, ob Sie berufst\u00e4tig sind, studieren oder einfach mehr Flexibilit\u00e4t beim Lernen w\u00fcnschen. Ohne Druck und Zeitdruck k\u00f6nnen Sie sich die Sprache Schritt f\u00fcr Schritt aneignen.<\/p>\t\t\t\t\t\t\t\t<\/div>\n\t\t\t\t<\/div>\n\t\t\t\t\t<\/div>\n\t\t<\/div>\n\t\t\t\t\t<\/div>\n\t\t<\/section>\n\t\t\t\t<section class=\"elementor-section elementor-top-section elementor-element elementor-element-9f97760 elementor-section-boxed elementor-section-height-default elementor-section-height-default\" data-id=\"9f97760\" data-element_type=\"section\" data-e-type=\"section\" data-settings=\"{&quot;background_background&quot;:&quot;classic&quot;}\">\n\t\t\t\t\t\t\t<div class=\"elementor-background-overlay\"><\/div>\n\t\t\t\t\t\t\t<div class=\"elementor-container elementor-column-gap-wider\">\n\t\t\t\t\t<div class=\"elementor-column elementor-col-100 elementor-top-column elementor-element elementor-element-c65e79d\" data-id=\"c65e79d\" data-element_type=\"column\" data-e-type=\"column\">\n\t\t\t<div class=\"elementor-widget-wrap elementor-element-populated\">\n\t\t\t\t\t\t<div class=\"elementor-element elementor-element-92ef419 de_scroll_animation_no elementor-invisible elementor-widget elementor-widget-heading\" data-id=\"92ef419\" data-element_type=\"widget\" data-e-type=\"widget\" data-settings=\"{&quot;_animation&quot;:&quot;fadeInLeft&quot;}\" data-widget_type=\"heading.default\">\n\t\t\t\t<div class=\"elementor-widget-container\">\n\t\t\t\t\t<h3 class=\"elementor-heading-title elementor-size-default\">Kurspreis:<\/h3>\t\t\t\t<\/div>\n\t\t\t\t<\/div>\n\t\t\t\t<div class=\"elementor-element elementor-element-519be20 de_scroll_animation_no elementor-widget elementor-widget-text-editor\" data-id=\"519be20\" data-element_type=\"widget\" data-e-type=\"widget\" data-widget_type=\"text-editor.default\">\n\t\t\t\t<div class=\"elementor-widget-container\">\n\t\t\t\t\t\t\t\t\t<p data-renderer-start-pos=\"228\">Die Kosten f\u00fcr das Fernstudium betragen 100 Euro pro Monat bzw. 300 Euro bei einem 5-monatigen Studium. Dieser Kurs ist perfekt f\u00fcr alle, die die Sprache gr\u00fcndlich und mit maximaler Flexibilit\u00e4t lernen m\u00f6chten.<\/p><p data-renderer-start-pos=\"407\">Melden Sie sich noch heute an und beginnen Sie Ihre Reise zur Beherrschung der deutschen Sprache!<\/p>\t\t\t\t\t\t\t\t<\/div>\n\t\t\t\t<\/div>\n\t\t\t\t<div class=\"elementor-element elementor-element-ee33205 elementor-align-center elementor-mobile-align-left de_scroll_animation_no elementor-widget elementor-widget-button\" data-id=\"ee33205\" data-element_type=\"widget\" data-e-type=\"widget\" data-widget_type=\"button.default\">\n\t\t\t\t<div class=\"elementor-widget-container\">\n\t\t\t\t\t\t\t\t\t<div class=\"elementor-button-wrapper\">\n\t\t\t\t\t<a class=\"elementor-button elementor-button-link elementor-size-sm\" href=\"Telefon:0041763259055\">\n\t\t\t\t\t\t<span class=\"elementor-button-content-wrapper\">\n\t\t\t\t\t\t\t\t\t<span class=\"elementor-button-text\">Info-Tel. 0041 76 325 90 55<\/span>\n\t\t\t\t\t<\/span>\n\t\t\t\t\t<\/a>\n\t\t\t\t<\/div>\n\t\t\t\t\t\t\t\t<\/div>\n\t\t\t\t<\/div>\n\t\t\t\t\t<\/div>\n\t\t<\/div>\n\t\t\t\t\t<\/div>\n\t\t<\/section>\n\t\t\t\t<\/div>","protected":false},"excerpt":{"rendered":"<p>Mystore Zoki Smartdeutschkurs Dopisni kurs nema\u010dkog jezika \u2013 U\u010dite u svom tempu Na\u0161\u00a0Smartdeutschkurs\u00a0dopisni kurs je savr\u0161en na\u010din da temeljno i detaljno savladate nema\u010dki jezik, uz potpunu fleksibilnost i podr\u0161ku od strane na\u0161ih stru\u010dnih predava\u010da. Ovaj kurs je dizajniran za one koji \u017eele da u\u010de u svom ritmu i na svom jeziku, bez potrebe za fizi\u010dkim [&hellip;]<\/p>\n","protected":false},"author":4,"featured_media":2508,"parent":0,"menu_order":0,"comment_status":"closed","ping_status":"closed","template":"","meta":{"ocean_post_layout":"","ocean_both_sidebars_style":"","ocean_both_sidebars_content_width":0,"ocean_both_sidebars_sidebars_width":0,"ocean_sidebar":"0","ocean_second_sidebar":"0","ocean_disable_margins":"enable","ocean_add_body_class":"","ocean_shortcode_before_top_bar":"","ocean_shortcode_after_top_bar":"","ocean_shortcode_before_header":"","ocean_shortcode_after_header":"","ocean_has_shortcode":"","ocean_shortcode_after_title":"","ocean_shortcode_before_footer_widgets":"","ocean_shortcode_after_footer_widgets":"","ocean_shortcode_before_footer_bottom":"","ocean_shortcode_after_footer_bottom":"","ocean_display_top_bar":"default","ocean_display_header":"default","ocean_header_style":"","ocean_center_header_left_menu":"0","ocean_custom_header_template":"0","ocean_custom_logo":0,"ocean_custom_retina_logo":0,"ocean_custom_logo_max_width":0,"ocean_custom_logo_tablet_max_width":0,"ocean_custom_logo_mobile_max_width":0,"ocean_custom_logo_max_height":0,"ocean_custom_logo_tablet_max_height":0,"ocean_custom_logo_mobile_max_height":0,"ocean_header_custom_menu":"0","ocean_menu_typo_font_family":"0","ocean_menu_typo_font_subset":"","ocean_menu_typo_font_size":0,"ocean_menu_typo_font_size_tablet":0,"ocean_menu_typo_font_size_mobile":0,"ocean_menu_typo_font_size_unit":"px","ocean_menu_typo_font_weight":"","ocean_menu_typo_font_weight_tablet":"","ocean_menu_typo_font_weight_mobile":"","ocean_menu_typo_transform":"","ocean_menu_typo_transform_tablet":"","ocean_menu_typo_transform_mobile":"","ocean_menu_typo_line_height":0,"ocean_menu_typo_line_height_tablet":0,"ocean_menu_typo_line_height_mobile":0,"ocean_menu_typo_line_height_unit":"","ocean_menu_typo_spacing":0,"ocean_menu_typo_spacing_tablet":0,"ocean_menu_typo_spacing_mobile":0,"ocean_menu_typo_spacing_unit":"","ocean_menu_link_color":"","ocean_menu_link_color_hover":"","ocean_menu_link_color_active":"","ocean_menu_link_background":"","ocean_menu_link_hover_background":"","ocean_menu_link_active_background":"","ocean_menu_social_links_bg":"","ocean_menu_social_hover_links_bg":"","ocean_menu_social_links_color":"","ocean_menu_social_hover_links_color":"","ocean_disable_title":"default","ocean_disable_heading":"default","ocean_post_title":"","ocean_post_subheading":"","ocean_post_title_style":"","ocean_post_title_background_color":"","ocean_post_title_background":0,"ocean_post_title_bg_image_position":"","ocean_post_title_bg_image_attachment":"","ocean_post_title_bg_image_repeat":"","ocean_post_title_bg_image_size":"","ocean_post_title_height":0,"ocean_post_title_bg_overlay":0.5,"ocean_post_title_bg_overlay_color":"","ocean_disable_breadcrumbs":"default","ocean_breadcrumbs_color":"","ocean_breadcrumbs_separator_color":"","ocean_breadcrumbs_links_color":"","ocean_breadcrumbs_links_hover_color":"","ocean_display_footer_widgets":"default","ocean_display_footer_bottom":"default","ocean_custom_footer_template":"0","footnotes":""},"class_list":["post-2986","page","type-page","status-publish","has-post-thumbnail","hentry","entry","has-media"],"_hostinger_reach_plugin_has_subscription_block":false,"_hostinger_reach_plugin_is_elementor":false,"_links":{"self":[{"href":"https:\/\/mystorezoki.org\/de\/wp-json\/wp\/v2\/pages\/2986","targetHints":{"allow":["GET"]}}],"collection":[{"href":"https:\/\/mystorezoki.org\/de\/wp-json\/wp\/v2\/pages"}],"about":[{"href":"https:\/\/mystorezoki.org\/de\/wp-json\/wp\/v2\/types\/page"}],"author":[{"embeddable":true,"href":"https:\/\/mystorezoki.org\/de\/wp-json\/wp\/v2\/users\/4"}],"replies":[{"embeddable":true,"href":"https:\/\/mystorezoki.org\/de\/wp-json\/wp\/v2\/comments?post=2986"}],"version-history":[{"count":18,"href":"https:\/\/mystorezoki.org\/de\/wp-json\/wp\/v2\/pages\/2986\/revisions"}],"predecessor-version":[{"id":3973,"href":"https:\/\/mystorezoki.org\/de\/wp-json\/wp\/v2\/pages\/2986\/revisions\/3973"}],"wp:featuredmedia":[{"embeddable":true,"href":"https:\/\/mystorezoki.org\/de\/wp-json\/wp\/v2\/media\/2508"}],"wp:attachment":[{"href":"https:\/\/mystorezoki.org\/de\/wp-json\/wp\/v2\/media?parent=2986"}],"curies":[{"name":"wp","href":"https:\/\/api.w.org\/{rel}","templated":true}]}}