{"id":2986,"date":"2025-01-13T11:05:09","date_gmt":"2025-01-13T10:05:09","guid":{"rendered":"https:\/\/mystorezoki.org\/?page_id=2986"},"modified":"2025-05-22T09:42:12","modified_gmt":"2025-05-22T08:42:12","slug":"%d8%af%d9%88%d8%b1%d8%a9-%d8%a7%d9%84%d9%85%d8%b1%d8%a7%d8%b3%d9%84%d8%a9-%d8%a7%d9%84%d8%b0%d9%83%d9%8a%d8%a9-%d9%84%d9%84%d8%ba%d8%a9-%d8%a7%d9%84%d8%a3%d9%84%d9%85%d8%a7%d9%86%d9%8a%d8%a9","status":"publish","type":"page","link":"https:\/\/mystorezoki.org\/ar\/smartdeutschkurs-dopisni-kurs-nemackog-jezika\/","title":{"rendered":"\u062f\u0648\u0631\u0629 Smartdeutschkurs \u2013 \u062f\u0648\u0631\u0629 \u0645\u0631\u0627\u0633\u0644\u0629 \u0641\u064a \u0627\u0644\u0644\u063a\u0629 \u0627\u0644\u0623\u0644\u0645\u0627\u0646\u064a\u0629"},"content":{"rendered":"<div data-elementor-type=\"wp-page\" data-elementor-id=\"2986\" class=\"elementor elementor-2986\" data-elementor-post-type=\"page\">\n\t\t\t\t\t\t<section class=\"elementor-section elementor-top-section elementor-element elementor-element-9a36add elementor-section-full_width elementor-section-height-default elementor-section-height-default\" data-id=\"9a36add\" data-element_type=\"section\" data-e-type=\"section\">\n\t\t\t\t\t\t<div class=\"elementor-container elementor-column-gap-no\">\n\t\t\t\t\t<div class=\"elementor-column elementor-col-100 elementor-top-column elementor-element elementor-element-168d724\" data-id=\"168d724\" data-element_type=\"column\" data-e-type=\"column\">\n\t\t\t<div class=\"elementor-widget-wrap elementor-element-populated\">\n\t\t\t\t\t\t<div class=\"elementor-element elementor-element-e74b6ad de_scroll_animation_no elementor-widget elementor-widget-template\" data-id=\"e74b6ad\" data-element_type=\"widget\" data-e-type=\"widget\" data-widget_type=\"template.default\">\n\t\t\t\t<div class=\"elementor-widget-container\">\n\t\t\t\t\t\t\t<div class=\"elementor-template\">\n\t\t\t\t\t<div data-elementor-type=\"section\" data-elementor-id=\"526\" class=\"elementor elementor-526\" data-elementor-post-type=\"elementor_library\">\n\t\t\t\t\t<section class=\"elementor-section elementor-top-section elementor-element elementor-element-79e9f95 elementor-section-height-min-height elementor-section-boxed elementor-section-height-default elementor-section-items-middle\" data-id=\"79e9f95\" data-element_type=\"section\" data-e-type=\"section\" data-settings=\"{&quot;background_background&quot;:&quot;classic&quot;}\">\n\t\t\t\t\t\t\t<div class=\"elementor-background-overlay\"><\/div>\n\t\t\t\t\t\t\t<div class=\"elementor-container elementor-column-gap-wider\">\n\t\t\t\t\t<div class=\"elementor-column elementor-col-100 elementor-top-column elementor-element elementor-element-cb2785a\" data-id=\"cb2785a\" data-element_type=\"column\" data-e-type=\"column\">\n\t\t\t<div class=\"elementor-widget-wrap elementor-element-populated\">\n\t\t\t\t\t\t<div class=\"elementor-element elementor-element-eb5d6cb elementor-widget__width-auto de_scroll_animation_no elementor-widget elementor-widget-de-breadcrumb\" data-id=\"eb5d6cb\" data-element_type=\"widget\" data-e-type=\"widget\" data-widget_type=\"de-breadcrumb.default\">\n\t\t\t\t<div class=\"elementor-widget-container\">\n\t\t\t\t\t\t\t\t<div class=\"breadcrumbs\">\n\t\t\t\t<a href=\"https:\/\/mystorezoki.org\/ar\" rel=\"nofollow\">\u0628\u064a\u062a<\/a>\t\t\t<\/div>\n\t\t\t\t\t\t<\/div>\n\t\t\t\t<\/div>\n\t\t\t\t<div class=\"elementor-element elementor-element-98e5277 de_scroll_animation_no elementor-widget elementor-widget-dt-post-title\" data-id=\"98e5277\" data-element_type=\"widget\" data-e-type=\"widget\" data-widget_type=\"dt-post-title.default\">\n\t\t\t\t<div class=\"elementor-widget-container\">\n\t\t\t\t\t<h2 class=\"dt-post-title\">\u062f\u0648\u0631\u0629 Smartdeutschkurs \u2013 \u062f\u0648\u0631\u0629 \u0645\u0631\u0627\u0633\u0644\u0629 \u0641\u064a \u0627\u0644\u0644\u063a\u0629 \u0627\u0644\u0623\u0644\u0645\u0627\u0646\u064a\u0629<\/h2>\t\t\t\t<\/div>\n\t\t\t\t<\/div>\n\t\t\t\t\t<\/div>\n\t\t<\/div>\n\t\t\t\t\t<\/div>\n\t\t<\/section>\n\t\t\t\t<\/div>\n\t\t\t\t<\/div>\n\t\t\t\t\t\t<\/div>\n\t\t\t\t<\/div>\n\t\t\t\t\t<\/div>\n\t\t<\/div>\n\t\t\t\t\t<\/div>\n\t\t<\/section>\n\t\t\t\t<section class=\"elementor-section elementor-top-section elementor-element elementor-element-159fab6 elementor-section-boxed elementor-section-height-default elementor-section-height-default\" data-id=\"159fab6\" data-element_type=\"section\" data-e-type=\"section\">\n\t\t\t\t\t\t<div class=\"elementor-container elementor-column-gap-default\">\n\t\t\t\t\t<div class=\"elementor-column elementor-col-100 elementor-top-column elementor-element elementor-element-2e02b2f\" data-id=\"2e02b2f\" data-element_type=\"column\" data-e-type=\"column\">\n\t\t\t<div class=\"elementor-widget-wrap elementor-element-populated\">\n\t\t\t\t\t\t<div class=\"elementor-element elementor-element-611f26b de_scroll_animation_no elementor-invisible elementor-widget elementor-widget-heading\" data-id=\"611f26b\" data-element_type=\"widget\" data-e-type=\"widget\" data-settings=\"{&quot;_animation&quot;:&quot;fadeIn&quot;}\" data-widget_type=\"heading.default\">\n\t\t\t\t<div class=\"elementor-widget-container\">\n\t\t\t\t\t<div class=\"elementor-heading-title elementor-size-default\">\u0645\u0627\u064a\u0633\u062a\u0648\u0631 \u0632\u0648\u0643\u064a<\/div>\t\t\t\t<\/div>\n\t\t\t\t<\/div>\n\t\t\t\t<div class=\"elementor-element elementor-element-23fa391 de_scroll_animation_no elementor-invisible elementor-widget elementor-widget-heading\" data-id=\"23fa391\" data-element_type=\"widget\" data-e-type=\"widget\" data-settings=\"{&quot;_animation&quot;:&quot;fadeInUp&quot;}\" data-widget_type=\"heading.default\">\n\t\t\t\t<div class=\"elementor-widget-container\">\n\t\t\t\t\t<div class=\"elementor-heading-title elementor-size-default\">\u062f\u0648\u0631\u0629 \u0627\u0644\u0644\u063a\u0629 \u0627\u0644\u0623\u0644\u0645\u0627\u0646\u064a\u0629 \u0627\u0644\u0630\u0643\u064a\u0629<\/div>\t\t\t\t<\/div>\n\t\t\t\t<\/div>\n\t\t\t\t<div class=\"elementor-element elementor-element-e819dd7 de_scroll_animation_no elementor-invisible elementor-widget elementor-widget-heading\" data-id=\"e819dd7\" data-element_type=\"widget\" data-e-type=\"widget\" data-settings=\"{&quot;_animation&quot;:&quot;fadeInRight&quot;}\" data-widget_type=\"heading.default\">\n\t\t\t\t<div class=\"elementor-widget-container\">\n\t\t\t\t\t<h1 class=\"elementor-heading-title elementor-size-default\">\u062f\u0648\u0631\u0629 \u0627\u0644\u0645\u0631\u0627\u0633\u0644\u0629 \u0627\u0644\u0623\u0644\u0645\u0627\u0646\u064a\u0629 - \u062a\u0639\u0644\u0645 \u0628\u0627\u0644\u0633\u0631\u0639\u0629 \u0627\u0644\u062a\u064a \u062a\u0646\u0627\u0633\u0628\u0643<\/h1>\t\t\t\t<\/div>\n\t\t\t\t<\/div>\n\t\t\t\t\t<\/div>\n\t\t<\/div>\n\t\t\t\t\t<\/div>\n\t\t<\/section>\n\t\t\t\t<section class=\"elementor-section elementor-top-section elementor-element elementor-element-ac5318c elementor-section-boxed elementor-section-height-default elementor-section-height-default\" data-id=\"ac5318c\" data-element_type=\"section\" data-e-type=\"section\">\n\t\t\t\t\t\t<div class=\"elementor-container elementor-column-gap-default\">\n\t\t\t\t\t<div class=\"elementor-column elementor-col-100 elementor-top-column elementor-element elementor-element-ef989ab\" data-id=\"ef989ab\" data-element_type=\"column\" data-e-type=\"column\">\n\t\t\t<div class=\"elementor-widget-wrap elementor-element-populated\">\n\t\t\t\t\t\t<div class=\"elementor-element elementor-element-95d127a de_scroll_animation_no elementor-widget elementor-widget-text-editor\" data-id=\"95d127a\" data-element_type=\"widget\" data-e-type=\"widget\" data-widget_type=\"text-editor.default\">\n\t\t\t\t<div class=\"elementor-widget-container\">\n\t\t\t\t\t\t\t\t\t<p>\u0645\u0644\u0643\u0646\u0627\u00a0<em>\u062f\u0648\u0631\u0629 \u0627\u0644\u0644\u063a\u0629 \u0627\u0644\u0623\u0644\u0645\u0627\u0646\u064a\u0629 \u0627\u0644\u0630\u0643\u064a\u0629<\/em>\u00a0\u062a\u0639\u062a\u0628\u0631 \u062f\u0648\u0631\u0629 \u0627\u0644\u0645\u0631\u0627\u0633\u0644\u0629 \u0627\u0644\u0637\u0631\u064a\u0642\u0629 \u0627\u0644\u0645\u062b\u0627\u0644\u064a\u0629 \u0644\u0625\u062a\u0642\u0627\u0646 \u0627\u0644\u0644\u063a\u0629 \u0627\u0644\u0623\u0644\u0645\u0627\u0646\u064a\u0629 \u0628\u0634\u0643\u0644 \u0643\u0627\u0645\u0644 \u0648\u0645\u0641\u0635\u0644\u060c \u0645\u0639 \u0627\u0644\u0645\u0631\u0648\u0646\u0629 \u0627\u0644\u0643\u0627\u0645\u0644\u0629 \u0648\u0627\u0644\u062f\u0639\u0645 \u0645\u0646 \u0645\u0639\u0644\u0645\u064a\u0646\u0627 \u0627\u0644\u062e\u0628\u0631\u0627\u0621. \u062a\u0645 \u062a\u0635\u0645\u064a\u0645 \u0647\u0630\u0647 \u0627\u0644\u062f\u0648\u0631\u0629 \u0644\u0623\u0648\u0644\u0626\u0643 \u0627\u0644\u0630\u064a\u0646 \u064a\u0631\u063a\u0628\u0648\u0646 \u0641\u064a \u0627\u0644\u062a\u0639\u0644\u0645 \u0628\u0627\u0644\u0633\u0631\u0639\u0629 \u0627\u0644\u062a\u064a \u062a\u0646\u0627\u0633\u0628\u0647\u0645 \u0648\u0628\u0627\u0644\u0644\u063a\u0629 \u0627\u0644\u062a\u064a \u062a\u0646\u0627\u0633\u0628\u0647\u0645\u060c \u062f\u0648\u0646 \u0627\u0644\u062d\u0627\u062c\u0629 \u0625\u0644\u0649 \u062d\u0636\u0648\u0631 \u0627\u0644\u0641\u0635\u0648\u0644 \u0627\u0644\u062f\u0631\u0627\u0633\u064a\u0629 \u0634\u062e\u0635\u064a\u064b\u0627.<\/p><p>\u062a\u062a\u0648\u0641\u0631 \u062f\u0648\u0631\u0629 \u0627\u0644\u0645\u0631\u0627\u0633\u0644\u0629 \u0628\u0640 26 \u0644\u063a\u0629\u060c \u0628\u0645\u0627 \u0641\u064a \u0630\u0644\u0643 \u0627\u0644\u0635\u0631\u0628\u064a\u0629 \u0627\u0644\u0643\u0631\u0648\u0627\u062a\u064a\u0629\u060c \u0648\u0627\u0644\u0625\u0646\u062c\u0644\u064a\u0632\u064a\u0629\u060c \u0648\u0627\u0644\u0625\u0633\u0628\u0627\u0646\u064a\u0629\u060c \u0648\u0627\u0644\u0641\u0631\u0646\u0633\u064a\u0629\u060c \u0648\u0627\u0644\u0639\u062f\u064a\u062f \u0645\u0646 \u0627\u0644\u0644\u063a\u0627\u062a \u0627\u0644\u0623\u062e\u0631\u0649. \u0648\u0647\u0630\u0627 \u064a\u0639\u0646\u064a \u0623\u0646\u0647 \u064a\u0645\u0643\u0646\u0643 \u0627\u0644\u062a\u0648\u0627\u0635\u0644 \u0645\u0639 \u0645\u0639\u0644\u0645\u0643 \u0628\u0627\u0644\u0644\u063a\u0629 \u0627\u0644\u0623\u0645\u060c \u0645\u0645\u0627 \u064a\u0633\u0647\u0644 \u0639\u0644\u064a\u0643 \u0641\u0647\u0645 \u0648\u0627\u0643\u062a\u0633\u0627\u0628 \u0645\u0647\u0627\u0631\u0627\u062a \u062c\u062f\u064a\u062f\u0629. \u062a\u0645 \u062a\u0635\u0645\u064a\u0645 \u0627\u0644\u062f\u0648\u0631\u0629 \u0644\u062a\u0646\u0627\u0633\u0628 \u062c\u0645\u064a\u0639 \u0627\u0644\u0645\u0633\u062a\u0648\u064a\u0627\u062a - \u0645\u0646 \u0627\u0644\u0645\u0628\u062a\u062f\u0626\u064a\u0646 \u0625\u0644\u0649 \u0627\u0644\u0637\u0644\u0627\u0628 \u0627\u0644\u0645\u062a\u0642\u062f\u0645\u064a\u0646.<\/p>\t\t\t\t\t\t\t\t<\/div>\n\t\t\t\t<\/div>\n\t\t\t\t\t<\/div>\n\t\t<\/div>\n\t\t\t\t\t<\/div>\n\t\t<\/section>\n\t\t\t\t<section class=\"elementor-section elementor-top-section elementor-element elementor-element-28a2bd9 elementor-section-boxed elementor-section-height-default elementor-section-height-default\" data-id=\"28a2bd9\" data-element_type=\"section\" data-e-type=\"section\" data-settings=\"{&quot;background_background&quot;:&quot;classic&quot;}\">\n\t\t\t\t\t\t\t<div class=\"elementor-background-overlay\"><\/div>\n\t\t\t\t\t\t\t<div class=\"elementor-container elementor-column-gap-wider\">\n\t\t\t\t\t<div class=\"elementor-column elementor-col-100 elementor-top-column elementor-element elementor-element-c5bbfce\" data-id=\"c5bbfce\" data-element_type=\"column\" data-e-type=\"column\">\n\t\t\t<div class=\"elementor-widget-wrap elementor-element-populated\">\n\t\t\t\t\t\t<div class=\"elementor-element elementor-element-e784d01 de_scroll_animation_no elementor-invisible elementor-widget elementor-widget-heading\" data-id=\"e784d01\" data-element_type=\"widget\" data-e-type=\"widget\" data-settings=\"{&quot;_animation&quot;:&quot;fadeInLeft&quot;}\" data-widget_type=\"heading.default\">\n\t\t\t\t<div class=\"elementor-widget-container\">\n\t\t\t\t\t<h3 class=\"elementor-heading-title elementor-size-default\">\u0643\u064a\u0641 \u062a\u0639\u0645\u0644 \u0627\u0644\u062f\u0648\u0631\u0629\u061f<\/h3>\t\t\t\t<\/div>\n\t\t\t\t<\/div>\n\t\t\t\t<div class=\"elementor-element elementor-element-9c61ad7 de_scroll_animation_no elementor-widget elementor-widget-text-editor\" data-id=\"9c61ad7\" data-element_type=\"widget\" data-e-type=\"widget\" data-widget_type=\"text-editor.default\">\n\t\t\t\t<div class=\"elementor-widget-container\">\n\t\t\t\t\t\t\t\t\t<p>\u0628\u0639\u062f \u062d\u0635\u0648\u0644\u0643 \u0639\u0644\u0649 \u0645\u0648\u0627\u062f \u0627\u0644\u062f\u0631\u0627\u0633\u0629\u060c \u064a\u0645\u0643\u0646\u0643 \u0625\u0643\u0645\u0627\u0644 \u0627\u0644\u0645\u0647\u0627\u0645 \u0628\u0627\u0644\u0633\u0631\u0639\u0629 \u0627\u0644\u062a\u064a \u062a\u0646\u0627\u0633\u0628\u0643. \u062a\u0642\u0648\u0645 \u0628\u0625\u0631\u0633\u0627\u0644 \u0627\u0644\u0645\u0647\u0627\u0645 \u0625\u0644\u0649 \u0645\u0639\u0644\u0645\u0643\u060c \u0627\u0644\u0630\u064a \u064a\u0642\u062f\u0645 \u0644\u0643 \u0631\u062f\u0648\u062f \u0627\u0644\u0641\u0639\u0644 \u062e\u0644\u0627\u0644 24 \u0625\u0644\u0649 48 \u0633\u0627\u0639\u0629. \u064a\u0648\u0641\u0631 \u0644\u0643 \u0647\u0630\u0627 \u0627\u0644\u0646\u0645\u0637 \u0645\u0646 \u0627\u0644\u062a\u0634\u063a\u064a\u0644 \u062f\u0631\u0648\u0633\u064b\u0627 \u062e\u0635\u0648\u0635\u064a\u0629 \u0628\u062f\u0648\u0646 \u062d\u062f\u0648\u062f \u0644\u0639\u062f\u062f \u0627\u0644\u0645\u0647\u0627\u0645 \u0627\u0644\u062a\u064a \u064a\u0645\u0643\u0646\u0643 \u062a\u0642\u062f\u064a\u0645\u0647\u0627 \u0634\u0647\u0631\u064a\u064b\u0627\u060c \u0645\u0645\u0627 \u064a\u0639\u0646\u064a \u0623\u0646\u0647 \u064a\u0645\u0643\u0646\u0643 \u0627\u0644\u062f\u0631\u0627\u0633\u0629 \u0628\u0642\u062f\u0631 \u0645\u0627 \u062a\u0631\u064a\u062f\u060c \u0639\u0646\u062f\u0645\u0627 \u062a\u0631\u064a\u062f.<\/p>\t\t\t\t\t\t\t\t<\/div>\n\t\t\t\t<\/div>\n\t\t\t\t\t<\/div>\n\t\t<\/div>\n\t\t\t\t\t<\/div>\n\t\t<\/section>\n\t\t\t\t<section class=\"elementor-section elementor-top-section elementor-element elementor-element-dfa8471 elementor-section-boxed elementor-section-height-default elementor-section-height-default\" data-id=\"dfa8471\" data-element_type=\"section\" data-e-type=\"section\">\n\t\t\t\t\t\t<div class=\"elementor-container elementor-column-gap-default\">\n\t\t\t\t\t<div class=\"elementor-column elementor-col-100 elementor-top-column elementor-element elementor-element-b4ca8f6\" data-id=\"b4ca8f6\" data-element_type=\"column\" data-e-type=\"column\">\n\t\t\t<div class=\"elementor-widget-wrap elementor-element-populated\">\n\t\t\t\t\t\t<div class=\"elementor-element elementor-element-76588e3 de_scroll_animation_no elementor-invisible elementor-widget elementor-widget-heading\" data-id=\"76588e3\" data-element_type=\"widget\" data-e-type=\"widget\" data-settings=\"{&quot;_animation&quot;:&quot;fadeIn&quot;}\" data-widget_type=\"heading.default\">\n\t\t\t\t<div class=\"elementor-widget-container\">\n\t\t\t\t\t<div class=\"elementor-heading-title elementor-size-default\">\u0645\u0627\u064a\u0633\u062a\u0648\u0631 \u0632\u0648\u0643\u064a<\/div>\t\t\t\t<\/div>\n\t\t\t\t<\/div>\n\t\t\t\t<div class=\"elementor-element elementor-element-9c67c2b de_scroll_animation_no elementor-invisible elementor-widget elementor-widget-heading\" data-id=\"9c67c2b\" data-element_type=\"widget\" data-e-type=\"widget\" data-settings=\"{&quot;_animation&quot;:&quot;fadeInUp&quot;}\" data-widget_type=\"heading.default\">\n\t\t\t\t<div class=\"elementor-widget-container\">\n\t\t\t\t\t<div class=\"elementor-heading-title elementor-size-default\">\u062f\u0648\u0631\u0629 \u0627\u0644\u0644\u063a\u0629 \u0627\u0644\u0623\u0644\u0645\u0627\u0646\u064a\u0629 \u0627\u0644\u0630\u0643\u064a\u0629<\/div>\t\t\t\t<\/div>\n\t\t\t\t<\/div>\n\t\t\t\t<div class=\"elementor-element elementor-element-4e717f4 de_scroll_animation_no elementor-invisible elementor-widget elementor-widget-heading\" data-id=\"4e717f4\" data-element_type=\"widget\" data-e-type=\"widget\" data-settings=\"{&quot;_animation&quot;:&quot;fadeInRight&quot;}\" data-widget_type=\"heading.default\">\n\t\t\t\t<div class=\"elementor-widget-container\">\n\t\t\t\t\t<h1 class=\"elementor-heading-title elementor-size-default\">\u0627\u0644\u0645\u0631\u0648\u0646\u0629 \u0648\u0627\u0644\u062f\u0631\u0648\u0633 \u0627\u0644\u062e\u0635\u0648\u0635\u064a\u0629<\/h1>\t\t\t\t<\/div>\n\t\t\t\t<\/div>\n\t\t\t\t\t<\/div>\n\t\t<\/div>\n\t\t\t\t\t<\/div>\n\t\t<\/section>\n\t\t\t\t<section class=\"elementor-section elementor-top-section elementor-element elementor-element-8879a40 elementor-section-boxed elementor-section-height-default elementor-section-height-default\" data-id=\"8879a40\" data-element_type=\"section\" data-e-type=\"section\">\n\t\t\t\t\t\t<div class=\"elementor-container elementor-column-gap-default\">\n\t\t\t\t\t<div class=\"elementor-column elementor-col-100 elementor-top-column elementor-element elementor-element-711f5e7\" data-id=\"711f5e7\" data-element_type=\"column\" data-e-type=\"column\">\n\t\t\t<div class=\"elementor-widget-wrap elementor-element-populated\">\n\t\t\t\t\t\t<div class=\"elementor-element elementor-element-5bf65b4 de_scroll_animation_no elementor-widget elementor-widget-text-editor\" data-id=\"5bf65b4\" data-element_type=\"widget\" data-e-type=\"widget\" data-widget_type=\"text-editor.default\">\n\t\t\t\t<div class=\"elementor-widget-container\">\n\t\t\t\t\t\t\t\t\t<p>\u062a\u062a\u064a\u062d \u0644\u0643 \u0647\u0630\u0647 \u0627\u0644\u062f\u0648\u0631\u0629 \u0627\u0644\u062f\u0631\u0627\u0633\u0629 \u0641\u064a \u0627\u0644\u0648\u0642\u062a \u0627\u0644\u0630\u064a \u064a\u0646\u0627\u0633\u0628\u0643\u060c \u0633\u0648\u0627\u0621 \u0643\u0646\u062a \u0645\u0648\u0638\u0641\u064b\u0627 \u0623\u0648 \u0637\u0627\u0644\u0628\u064b\u0627 \u0623\u0648 \u062a\u0631\u064a\u062f \u0628\u0628\u0633\u0627\u0637\u0629 \u0645\u0631\u0648\u0646\u0629 \u0625\u0636\u0627\u0641\u064a\u0629 \u0641\u064a \u0627\u0644\u062a\u0639\u0644\u0645. \u0628\u062f\u0648\u0646 \u0623\u064a \u0636\u063a\u0648\u0637 \u0623\u0648 \u0642\u064a\u0648\u062f \u0632\u0645\u0646\u064a\u0629\u060c \u064a\u0645\u0643\u0646\u0643 \u0627\u0644\u062a\u0642\u062f\u0645 \u062a\u062f\u0631\u064a\u062c\u064a\u064b\u0627 \u0646\u062d\u0648 \u0625\u062a\u0642\u0627\u0646 \u0627\u0644\u0644\u063a\u0629.<\/p>\t\t\t\t\t\t\t\t<\/div>\n\t\t\t\t<\/div>\n\t\t\t\t\t<\/div>\n\t\t<\/div>\n\t\t\t\t\t<\/div>\n\t\t<\/section>\n\t\t\t\t<section class=\"elementor-section elementor-top-section elementor-element elementor-element-9f97760 elementor-section-boxed elementor-section-height-default elementor-section-height-default\" data-id=\"9f97760\" data-element_type=\"section\" data-e-type=\"section\" data-settings=\"{&quot;background_background&quot;:&quot;classic&quot;}\">\n\t\t\t\t\t\t\t<div class=\"elementor-background-overlay\"><\/div>\n\t\t\t\t\t\t\t<div class=\"elementor-container elementor-column-gap-wider\">\n\t\t\t\t\t<div class=\"elementor-column elementor-col-100 elementor-top-column elementor-element elementor-element-c65e79d\" data-id=\"c65e79d\" data-element_type=\"column\" data-e-type=\"column\">\n\t\t\t<div class=\"elementor-widget-wrap elementor-element-populated\">\n\t\t\t\t\t\t<div class=\"elementor-element elementor-element-92ef419 de_scroll_animation_no elementor-invisible elementor-widget elementor-widget-heading\" data-id=\"92ef419\" data-element_type=\"widget\" data-e-type=\"widget\" data-settings=\"{&quot;_animation&quot;:&quot;fadeInLeft&quot;}\" data-widget_type=\"heading.default\">\n\t\t\t\t<div class=\"elementor-widget-container\">\n\t\t\t\t\t<h3 class=\"elementor-heading-title elementor-size-default\">\u0633\u0639\u0631 \u0627\u0644\u062f\u0648\u0631\u0629 :<\/h3>\t\t\t\t<\/div>\n\t\t\t\t<\/div>\n\t\t\t\t<div class=\"elementor-element elementor-element-519be20 de_scroll_animation_no elementor-widget elementor-widget-text-editor\" data-id=\"519be20\" data-element_type=\"widget\" data-e-type=\"widget\" data-widget_type=\"text-editor.default\">\n\t\t\t\t<div class=\"elementor-widget-container\">\n\t\t\t\t\t\t\t\t\t<p data-renderer-start-pos=\"228\">\u0648\u062a\u0628\u0644\u063a \u062a\u0643\u0644\u0641\u0629 \u062f\u0648\u0631\u0629 \u0627\u0644\u0645\u0631\u0627\u0633\u0644\u0629 100 \u064a\u0648\u0631\u0648 \u0634\u0647\u0631\u064a\u064b\u0627\u060c \u0623\u0648 300 \u064a\u0648\u0631\u0648 \u0644\u0645\u062f\u0629 5 \u0623\u0634\u0647\u0631 \u0645\u0646 \u0627\u0644\u062f\u0631\u0627\u0633\u0629. \u0647\u0630\u0647 \u0627\u0644\u062f\u0648\u0631\u0629 \u0645\u062b\u0627\u0644\u064a\u0629 \u0644\u0623\u064a \u0634\u062e\u0635 \u064a\u0631\u064a\u062f \u062a\u0639\u0644\u0645 \u0627\u0644\u0644\u063a\u0629 \u0628\u0634\u0643\u0644 \u0643\u0627\u0645\u0644\u060c \u0645\u0639 \u0623\u0642\u0635\u0649 \u0642\u062f\u0631 \u0645\u0646 \u0627\u0644\u0645\u0631\u0648\u0646\u0629.<\/p><p data-renderer-start-pos=\"407\">\u0633\u062c\u0644 \u0627\u0644\u064a\u0648\u0645 \u0648\u0627\u0628\u062f\u0623 \u0631\u062d\u0644\u062a\u0643 \u0646\u062d\u0648 \u0625\u062a\u0642\u0627\u0646 \u0627\u0644\u0644\u063a\u0629 \u0627\u0644\u0623\u0644\u0645\u0627\u0646\u064a\u0629!<\/p>\t\t\t\t\t\t\t\t<\/div>\n\t\t\t\t<\/div>\n\t\t\t\t<div class=\"elementor-element elementor-element-ee33205 elementor-align-center elementor-mobile-align-left de_scroll_animation_no elementor-widget elementor-widget-button\" data-id=\"ee33205\" data-element_type=\"widget\" data-e-type=\"widget\" data-widget_type=\"button.default\">\n\t\t\t\t<div class=\"elementor-widget-container\">\n\t\t\t\t\t\t\t\t\t<div class=\"elementor-button-wrapper\">\n\t\t\t\t\t<a class=\"elementor-button elementor-button-link elementor-size-sm\" href=\"\/ar\/\u0627\u0644\u0647\u0627\u062a\u0641: 0041763259055\/\">\n\t\t\t\t\t\t<span class=\"elementor-button-content-wrapper\">\n\t\t\t\t\t\t\t\t\t<span class=\"elementor-button-text\">\u0645\u0639\u0644\u0648\u0645\u0627\u062a \u0627\u0644\u0647\u0627\u062a\u0641. 0041 76 325 90 55<\/span>\n\t\t\t\t\t<\/span>\n\t\t\t\t\t<\/a>\n\t\t\t\t<\/div>\n\t\t\t\t\t\t\t\t<\/div>\n\t\t\t\t<\/div>\n\t\t\t\t\t<\/div>\n\t\t<\/div>\n\t\t\t\t\t<\/div>\n\t\t<\/section>\n\t\t\t\t<\/div>","protected":false},"excerpt":{"rendered":"<p>Mystore Zoki Smartdeutschkurs Dopisni kurs nema\u010dkog jezika \u2013 U\u010dite u svom tempu Na\u0161\u00a0Smartdeutschkurs\u00a0dopisni kurs je savr\u0161en na\u010din da temeljno i detaljno savladate nema\u010dki jezik, uz potpunu fleksibilnost i podr\u0161ku od strane na\u0161ih stru\u010dnih predava\u010da. Ovaj kurs je dizajniran za one koji \u017eele da u\u010de u svom ritmu i na svom jeziku, bez potrebe za fizi\u010dkim [&hellip;]<\/p>\n","protected":false},"author":4,"featured_media":2508,"parent":0,"menu_order":0,"comment_status":"closed","ping_status":"closed","template":"","meta":{"ocean_post_layout":"","ocean_both_sidebars_style":"","ocean_both_sidebars_content_width":0,"ocean_both_sidebars_sidebars_width":0,"ocean_sidebar":"0","ocean_second_sidebar":"0","ocean_disable_margins":"enable","ocean_add_body_class":"","ocean_shortcode_before_top_bar":"","ocean_shortcode_after_top_bar":"","ocean_shortcode_before_header":"","ocean_shortcode_after_header":"","ocean_has_shortcode":"","ocean_shortcode_after_title":"","ocean_shortcode_before_footer_widgets":"","ocean_shortcode_after_footer_widgets":"","ocean_shortcode_before_footer_bottom":"","ocean_shortcode_after_footer_bottom":"","ocean_display_top_bar":"default","ocean_display_header":"default","ocean_header_style":"","ocean_center_header_left_menu":"0","ocean_custom_header_template":"0","ocean_custom_logo":0,"ocean_custom_retina_logo":0,"ocean_custom_logo_max_width":0,"ocean_custom_logo_tablet_max_width":0,"ocean_custom_logo_mobile_max_width":0,"ocean_custom_logo_max_height":0,"ocean_custom_logo_tablet_max_height":0,"ocean_custom_logo_mobile_max_height":0,"ocean_header_custom_menu":"0","ocean_menu_typo_font_family":"0","ocean_menu_typo_font_subset":"","ocean_menu_typo_font_size":0,"ocean_menu_typo_font_size_tablet":0,"ocean_menu_typo_font_size_mobile":0,"ocean_menu_typo_font_size_unit":"px","ocean_menu_typo_font_weight":"","ocean_menu_typo_font_weight_tablet":"","ocean_menu_typo_font_weight_mobile":"","ocean_menu_typo_transform":"","ocean_menu_typo_transform_tablet":"","ocean_menu_typo_transform_mobile":"","ocean_menu_typo_line_height":0,"ocean_menu_typo_line_height_tablet":0,"ocean_menu_typo_line_height_mobile":0,"ocean_menu_typo_line_height_unit":"","ocean_menu_typo_spacing":0,"ocean_menu_typo_spacing_tablet":0,"ocean_menu_typo_spacing_mobile":0,"ocean_menu_typo_spacing_unit":"","ocean_menu_link_color":"","ocean_menu_link_color_hover":"","ocean_menu_link_color_active":"","ocean_menu_link_background":"","ocean_menu_link_hover_background":"","ocean_menu_link_active_background":"","ocean_menu_social_links_bg":"","ocean_menu_social_hover_links_bg":"","ocean_menu_social_links_color":"","ocean_menu_social_hover_links_color":"","ocean_disable_title":"default","ocean_disable_heading":"default","ocean_post_title":"","ocean_post_subheading":"","ocean_post_title_style":"","ocean_post_title_background_color":"","ocean_post_title_background":0,"ocean_post_title_bg_image_position":"","ocean_post_title_bg_image_attachment":"","ocean_post_title_bg_image_repeat":"","ocean_post_title_bg_image_size":"","ocean_post_title_height":0,"ocean_post_title_bg_overlay":0.5,"ocean_post_title_bg_overlay_color":"","ocean_disable_breadcrumbs":"default","ocean_breadcrumbs_color":"","ocean_breadcrumbs_separator_color":"","ocean_breadcrumbs_links_color":"","ocean_breadcrumbs_links_hover_color":"","ocean_display_footer_widgets":"default","ocean_display_footer_bottom":"default","ocean_custom_footer_template":"0","footnotes":""},"class_list":["post-2986","page","type-page","status-publish","has-post-thumbnail","hentry","entry","has-media"],"_hostinger_reach_plugin_has_subscription_block":false,"_hostinger_reach_plugin_is_elementor":false,"_links":{"self":[{"href":"https:\/\/mystorezoki.org\/ar\/wp-json\/wp\/v2\/pages\/2986","targetHints":{"allow":["GET"]}}],"collection":[{"href":"https:\/\/mystorezoki.org\/ar\/wp-json\/wp\/v2\/pages"}],"about":[{"href":"https:\/\/mystorezoki.org\/ar\/wp-json\/wp\/v2\/types\/page"}],"author":[{"embeddable":true,"href":"https:\/\/mystorezoki.org\/ar\/wp-json\/wp\/v2\/users\/4"}],"replies":[{"embeddable":true,"href":"https:\/\/mystorezoki.org\/ar\/wp-json\/wp\/v2\/comments?post=2986"}],"version-history":[{"count":18,"href":"https:\/\/mystorezoki.org\/ar\/wp-json\/wp\/v2\/pages\/2986\/revisions"}],"predecessor-version":[{"id":3973,"href":"https:\/\/mystorezoki.org\/ar\/wp-json\/wp\/v2\/pages\/2986\/revisions\/3973"}],"wp:featuredmedia":[{"embeddable":true,"href":"https:\/\/mystorezoki.org\/ar\/wp-json\/wp\/v2\/media\/2508"}],"wp:attachment":[{"href":"https:\/\/mystorezoki.org\/ar\/wp-json\/wp\/v2\/media?parent=2986"}],"curies":[{"name":"\u0648\u0648\u0631\u062f\u0628\u0631\u064a\u0633","href":"https:\/\/api.w.org\/{rel}","templated":true}]}}